{"id":249506,"date":"2024-05-12T19:51:03","date_gmt":"2024-05-12T17:51:03","guid":{"rendered":"https:\/\/gyemantekszer.com\/termek\/h2on-gioielli-rosato-ferfi-karkoto\/"},"modified":"2025-09-29T13:06:39","modified_gmt":"2025-09-29T11:06:39","slug":"h2on-gioielli-rosato-ferfi-karkoto","status":"publish","type":"product","link":"https:\/\/gyemantekszer.com\/en\/termek\/h2on-gioielli-rosato-ferfi-karkoto\/","title":{"rendered":"H2on-Gioielli Rosato F\u00e9rfi Kark\u00f6t\u0151"},"content":{"rendered":"","protected":false},"excerpt":{"rendered":"<p>\u00daj, Olaszorsz\u00e1gb\u00f3l \u00e9rkezett m\u00e1rk\u00e1nk a H2on-GIOIELLI, amely nemesac\u00e9lb\u00f3l k\u00e9sz\u00fclt f\u00e9rfi divat \u00e9kszereket k\u00e9sz\u00edt, gy\u00f6ny\u00f6r\u0171 egyedi kivitelez\u00e9ssel, nikkelmentesen. Ez az eleg\u00e1ns divat kark\u00f6t\u0151 fekete marhab\u0151rb\u0151l k\u00e9sz\u00fclt, amelyet 18 kar\u00e1tos roz\u00e9 arany d\u00edszek tesznek k\u00fcl\u00f6nlegess\u00e9.<\/p>\n","protected":false},"featured_media":243949,"comment_status":"open","ping_status":"open","template":"","meta":{"_acf_changed":false},"product_brand":[],"product_cat":[1361],"product_tag":[1943,1935,1378,1936,1937,1385],"class_list":{"0":"post-249506","1":"product","2":"type-product","3":"status-publish","4":"has-post-thumbnail","6":"product_cat-exclusive-bracelets","7":"product_tag-18-arany","8":"product_tag-divatekszer","9":"product_tag-men","10":"product_tag-nemesacel","11":"product_tag-nikkelmentes","12":"product_tag-rose-gold","13":"pa_kollekcio-divat-ekszerek-kiegeszitok","14":"pa_marka-h2on","16":"first","17":"onrequest","18":"sold-individually","19":"taxable","20":"shipping-taxable","21":"product-type-simple"},"acf":[],"_links":{"self":[{"href":"https:\/\/gyemantekszer.com\/en\/wp-json\/wp\/v2\/product\/249506","targetHints":{"allow":["GET"]}}],"collection":[{"href":"https:\/\/gyemantekszer.com\/en\/wp-json\/wp\/v2\/product"}],"about":[{"href":"https:\/\/gyemantekszer.com\/en\/wp-json\/wp\/v2\/types\/product"}],"replies":[{"embeddable":true,"href":"https:\/\/gyemantekszer.com\/en\/wp-json\/wp\/v2\/comments?post=249506"}],"wp:featuredmedia":[{"embeddable":true,"href":"https:\/\/gyemantekszer.com\/en\/wp-json\/wp\/v2\/media\/243949"}],"wp:attachment":[{"href":"https:\/\/gyemantekszer.com\/en\/wp-json\/wp\/v2\/media?parent=249506"}],"wp:term":[{"taxonomy":"product_brand","embeddable":true,"href":"https:\/\/gyemantekszer.com\/en\/wp-json\/wp\/v2\/product_brand?post=249506"},{"taxonomy":"product_cat","embeddable":true,"href":"https:\/\/gyemantekszer.com\/en\/wp-json\/wp\/v2\/product_cat?post=249506"},{"taxonomy":"product_tag","embeddable":true,"href":"https:\/\/gyemantekszer.com\/en\/wp-json\/wp\/v2\/product_tag?post=249506"}],"curies":[{"name":"wp","href":"https:\/\/api.w.org\/{rel}","templated":true}]}}