{"id":249504,"date":"2024-05-12T19:26:17","date_gmt":"2024-05-12T17:26:17","guid":{"rendered":"https:\/\/gyemantekszer.com\/termek\/h2on-gioielli-azure-ferfi-karkoto\/"},"modified":"2026-01-22T13:46:33","modified_gmt":"2026-01-22T12:46:33","slug":"h2on-gioielli-azure-ferfi-karkoto","status":"publish","type":"product","link":"https:\/\/gyemantekszer.com\/en\/termek\/h2on-gioielli-azure-ferfi-karkoto\/","title":{"rendered":"H2on-Gioielli Azure F\u00e9rfi Kark\u00f6t\u0151"},"content":{"rendered":"","protected":false},"excerpt":{"rendered":"<p>\u00daj, Olaszorsz\u00e1gb\u00f3l \u00e9rkezett m\u00e1rk\u00e1nk a H2on-GIOIELLI, amely nikkelmentes, nemesac\u00e9lb\u00f3l k\u00e9sz\u00fclt f\u00e9rfi divat\u00e9kszereket k\u00e9sz\u00edt.<\/p>\n<p>Ez az extravag\u00e1ns az\u00fark\u00e9k kark\u00f6t\u0151 term\u00e9szetes k\u00f6t\u00e9lb\u0151l \u00e9s csavart nemesac\u00e9lb\u00f3l k\u00e9sz\u00fclt, amelyet egy t\u0171zzom\u00e1ncozott z\u00e1szl\u00f3minta \u00e9s egy nautical st\u00edlus\u00fa ir\u00e1nyt\u0171 med\u00e1l d\u00edsz\u00edt.<\/p>\n","protected":false},"featured_media":243945,"comment_status":"open","ping_status":"closed","template":"","meta":{"_acf_changed":false},"product_brand":[],"product_cat":[1921],"product_tag":[134],"class_list":{"0":"post-249504","1":"product","2":"type-product","3":"status-publish","4":"has-post-thumbnail","6":"product_cat-karkoto","7":"product_tag-ferfi","8":"pa_kollekcio-divat-ekszerek-kiegeszitok","9":"pa_marka-h2on","11":"first","12":"instock","13":"sold-individually","14":"taxable","15":"shipping-taxable","16":"purchasable","17":"product-type-simple"},"acf":[],"_links":{"self":[{"href":"https:\/\/gyemantekszer.com\/en\/wp-json\/wp\/v2\/product\/249504","targetHints":{"allow":["GET"]}}],"collection":[{"href":"https:\/\/gyemantekszer.com\/en\/wp-json\/wp\/v2\/product"}],"about":[{"href":"https:\/\/gyemantekszer.com\/en\/wp-json\/wp\/v2\/types\/product"}],"replies":[{"embeddable":true,"href":"https:\/\/gyemantekszer.com\/en\/wp-json\/wp\/v2\/comments?post=249504"}],"wp:featuredmedia":[{"embeddable":true,"href":"https:\/\/gyemantekszer.com\/en\/wp-json\/wp\/v2\/media\/243945"}],"wp:attachment":[{"href":"https:\/\/gyemantekszer.com\/en\/wp-json\/wp\/v2\/media?parent=249504"}],"wp:term":[{"taxonomy":"product_brand","embeddable":true,"href":"https:\/\/gyemantekszer.com\/en\/wp-json\/wp\/v2\/product_brand?post=249504"},{"taxonomy":"product_cat","embeddable":true,"href":"https:\/\/gyemantekszer.com\/en\/wp-json\/wp\/v2\/product_cat?post=249504"},{"taxonomy":"product_tag","embeddable":true,"href":"https:\/\/gyemantekszer.com\/en\/wp-json\/wp\/v2\/product_tag?post=249504"}],"curies":[{"name":"wp","href":"https:\/\/api.w.org\/{rel}","templated":true}]}}