{"id":249502,"date":"2024-05-06T18:03:01","date_gmt":"2024-05-06T16:03:01","guid":{"rendered":"https:\/\/gyemantekszer.com\/termek\/h2on-gioielli-unico-ferfi-karkoto\/"},"modified":"2025-09-29T13:06:38","modified_gmt":"2025-09-29T11:06:38","slug":"h2on-gioielli-unico-ferfi-karkoto","status":"publish","type":"product","link":"https:\/\/gyemantekszer.com\/en\/termek\/h2on-gioielli-unico-ferfi-karkoto\/","title":{"rendered":"H2on-Gioielli Unico F\u00e9rfi Kark\u00f6t\u0151"},"content":{"rendered":"","protected":false},"excerpt":{"rendered":"<p>\u00daj, Olaszorsz\u00e1gb\u00f3l \u00e9rkezett m\u00e1rk\u00e1nk a H2on-GIOIELLI, amely nemesac\u00e9lb\u00f3l k\u00e9sz\u00fclt f\u00e9rfi divat \u00e9kszereket k\u00e9sz\u00edt, gy\u00f6ny\u00f6r\u0171 egyedi kivitelez\u00e9ssel, nikkelmentesen. Ezt az egyedi tervez\u00e9s\u0171 extravag\u00e1ns kark\u00f6t\u0151t apr\u00f3 grafitsz\u00fcrke hematit k\u00f6vek d\u00edsz\u00edtik \u00e9s teszik igaz\u00e1n k\u00fcl\u00f6nlegess\u00e9.<\/p>\n","protected":false},"featured_media":243941,"comment_status":"open","ping_status":"open","template":"","meta":{"_acf_changed":false},"product_brand":[],"product_cat":[1921],"product_tag":[1993,134],"class_list":{"0":"post-249502","1":"product","2":"type-product","3":"status-publish","4":"has-post-thumbnail","6":"product_cat-karkoto","7":"product_tag-hematit","8":"product_tag-ferfi","9":"pa_kollekcio-divat-ekszerek-kiegeszitok","10":"pa_marka-h2on","12":"first","13":"outofstock","14":"sold-individually","15":"taxable","16":"shipping-taxable","17":"product-type-simple"},"acf":[],"_links":{"self":[{"href":"https:\/\/gyemantekszer.com\/en\/wp-json\/wp\/v2\/product\/249502","targetHints":{"allow":["GET"]}}],"collection":[{"href":"https:\/\/gyemantekszer.com\/en\/wp-json\/wp\/v2\/product"}],"about":[{"href":"https:\/\/gyemantekszer.com\/en\/wp-json\/wp\/v2\/types\/product"}],"replies":[{"embeddable":true,"href":"https:\/\/gyemantekszer.com\/en\/wp-json\/wp\/v2\/comments?post=249502"}],"wp:featuredmedia":[{"embeddable":true,"href":"https:\/\/gyemantekszer.com\/en\/wp-json\/wp\/v2\/media\/243941"}],"wp:attachment":[{"href":"https:\/\/gyemantekszer.com\/en\/wp-json\/wp\/v2\/media?parent=249502"}],"wp:term":[{"taxonomy":"product_brand","embeddable":true,"href":"https:\/\/gyemantekszer.com\/en\/wp-json\/wp\/v2\/product_brand?post=249502"},{"taxonomy":"product_cat","embeddable":true,"href":"https:\/\/gyemantekszer.com\/en\/wp-json\/wp\/v2\/product_cat?post=249502"},{"taxonomy":"product_tag","embeddable":true,"href":"https:\/\/gyemantekszer.com\/en\/wp-json\/wp\/v2\/product_tag?post=249502"}],"curies":[{"name":"wp","href":"https:\/\/api.w.org\/{rel}","templated":true}]}}