{"id":249498,"date":"2024-04-30T10:15:09","date_gmt":"2024-04-30T08:15:09","guid":{"rendered":"https:\/\/gyemantekszer.com\/termek\/royal-glory-gyemant-gyuru\/"},"modified":"2025-09-29T13:06:31","modified_gmt":"2025-09-29T11:06:31","slug":"royal-glory-gyemant-gyuru","status":"publish","type":"product","link":"https:\/\/gyemantekszer.com\/en\/product\/royal-glory-gyemant-gyuru\/","title":{"rendered":"ROYAL &#8211; Glory gy\u00e9m\u00e1nt gy\u0171r\u0171"},"content":{"rendered":"","protected":false},"excerpt":{"rendered":"<p>Ez a feh\u00e9r aranyb\u00f3l k\u00e9sz\u00fclt exkl\u00faz\u00edv gy\u00e9m\u00e1ntgy\u0171r\u0171 egy igazi k\u00fcl\u00f6nlegess\u00e9g. Az \u00f6tsoros, f\u00e9lk\u00f6r alakban kirakott gy\u00e9m\u00e1ntok brili\u00e1ns csiszol\u00e1s\u00faak, amelyek gy\u00f6ny\u00f6r\u0171 szikr\u00e1z\u00f3 f\u00e9nyt adnak az \u00e9kszernek. Nagyon j\u00f3 v\u00e1laszt\u00e1s lehet karikagy\u0171r\u0171nek vagy ak\u00e1r \u00e9vfordul\u00f3ra is.<\/p>\n<p>&nbsp;<\/p>\n","protected":false},"featured_media":243931,"comment_status":"open","ping_status":"open","template":"","meta":{"_acf_changed":false},"product_brand":[],"product_cat":[1359,1979],"product_tag":[1965,1384,1938,1383,1376,1375],"class_list":{"0":"post-249498","1":"product","2":"type-product","3":"status-publish","4":"has-post-thumbnail","6":"product_cat-exclusive-rings","7":"product_cat-wedding-ring","8":"product_tag-evfordulos-gyuru","9":"product_tag-for-ladies","10":"product_tag-karikagyuru","11":"product_tag-sizeable","12":"product_tag-white-diamond","13":"product_tag-white-gold","14":"pa_kollekcio-exkluziv-ekszerek","15":"pa_marka-royal-diamonds-by-alexandra-ronai","16":"pa_meret-1760","17":"pa_otvozet-finomsaga-143","18":"pa_suly-49-gr","20":"first","21":"onrequest","22":"taxable","23":"shipping-taxable","24":"product-type-simple"},"acf":[],"_links":{"self":[{"href":"https:\/\/gyemantekszer.com\/en\/wp-json\/wp\/v2\/product\/249498","targetHints":{"allow":["GET"]}}],"collection":[{"href":"https:\/\/gyemantekszer.com\/en\/wp-json\/wp\/v2\/product"}],"about":[{"href":"https:\/\/gyemantekszer.com\/en\/wp-json\/wp\/v2\/types\/product"}],"replies":[{"embeddable":true,"href":"https:\/\/gyemantekszer.com\/en\/wp-json\/wp\/v2\/comments?post=249498"}],"wp:featuredmedia":[{"embeddable":true,"href":"https:\/\/gyemantekszer.com\/en\/wp-json\/wp\/v2\/media\/243931"}],"wp:attachment":[{"href":"https:\/\/gyemantekszer.com\/en\/wp-json\/wp\/v2\/media?parent=249498"}],"wp:term":[{"taxonomy":"product_brand","embeddable":true,"href":"https:\/\/gyemantekszer.com\/en\/wp-json\/wp\/v2\/product_brand?post=249498"},{"taxonomy":"product_cat","embeddable":true,"href":"https:\/\/gyemantekszer.com\/en\/wp-json\/wp\/v2\/product_cat?post=249498"},{"taxonomy":"product_tag","embeddable":true,"href":"https:\/\/gyemantekszer.com\/en\/wp-json\/wp\/v2\/product_tag?post=249498"}],"curies":[{"name":"wp","href":"https:\/\/api.w.org\/{rel}","templated":true}]}}