{"id":249496,"date":"2024-04-23T04:03:40","date_gmt":"2024-04-23T02:03:40","guid":{"rendered":"https:\/\/gyemantekszer.com\/termek\/lelune-glamour-sophie-grey-baroque-gyongyos-nyakek-2\/"},"modified":"2026-01-23T10:44:52","modified_gmt":"2026-01-23T09:44:52","slug":"lelune-glamour-sophie-grey-baroque-gyongyos-nyakek-2","status":"publish","type":"product","link":"https:\/\/gyemantekszer.com\/en\/product\/lelune-glamour-sophie-grey-baroque-gyongyos-nyakek-2\/","title":{"rendered":"Lelune Glamour \u2013 Sophie Grey Baroque Gy\u00f6ngy\u00f6s Nyak\u00e9k"},"content":{"rendered":"","protected":false},"excerpt":{"rendered":"<p>Ez egy extravag\u00e1ns \u00e9s k\u00fcl\u00f6nleges nyak\u00e9k, melyet csillog\u00f3 Hematit dr\u00e1gak\u00f6vek \u00e9s gy\u00f6ny\u00f6r\u0171 feh\u00e9r \u00e9desv\u00edzi barokk gy\u00f6ngy\u00f6k tesznek l\u00e1tv\u00e1nyoss\u00e1.\u00a0 Modern hossz\u00fa l\u00e1nc melyet ak\u00e1r t\u00f6bbsz\u00f6r\u00f6sen is \u00f6sszetekerhet\u00fcnk, az ez\u00fcst kapocsnak k\u00f6sz\u00f6nhet\u0151en k\u00f6nnyen \u00e9s praktikusan haszn\u00e1lhat\u00f3. Igaz\u00e1n mutat\u00f3s \u00e9s sz\u00e9p aj\u00e1nd\u00e9k minden alkalomra.<\/p>\n<p>Olaszorsz\u00e1gb\u00f3l \u00e9rkeztek ezek a nemes anyagokb\u00f3l gondosan megtervezett gy\u00f6ngy\u00f6s, dr\u00e1gak\u00f6ves<em>\u00a0<strong>LE LUNE Glamour<\/strong><\/em><strong>\u00a0<\/strong>\u00e9kszerek. Divatos sz\u00ednvil\u00e1g\u00e1val \u00e9s nemes anyagv\u00e1laszt\u00e1s\u00e1val feldobja sz\u00fcrke h\u00e9tk\u00f6znapjainkat. Aj\u00e1nljuk figyelm\u00e9be a\u00a0<strong><em>LE LUNE Glamour<\/em>\u00a0<\/strong>k\u00fcl\u00f6nb\u00f6z\u0151 hossz\u00fas\u00e1g\u00fa gy\u00f6ngysorait, nyak\u00e9keit, melyeket vari\u00e1lhat egy\u00e9ni \u00edzl\u00e9s\u00e9nek megfelel\u0151en.<\/p>\n","protected":false},"featured_media":243928,"comment_status":"open","ping_status":"closed","template":"","meta":{"_acf_changed":false},"product_brand":[],"product_cat":[1923],"product_tag":[1384,1963,1390,1379],"class_list":{"0":"post-249496","1":"product","2":"type-product","3":"status-publish","4":"has-post-thumbnail","6":"product_cat-nyakek","7":"product_tag-for-ladies","8":"product_tag-hematit","9":"product_tag-jewel-setts","10":"product_tag-with-pearls","11":"pa_kollekcio-divat-ekszerek-kiegeszitok","12":"pa_marka-le-lune-glamour","13":"pa_meret-90-cm","14":"pa_zarak-ezust-karabiner-zarral","16":"first","17":"instock","18":"sale","19":"taxable","20":"shipping-taxable","21":"purchasable","22":"product-type-simple"},"acf":[],"_links":{"self":[{"href":"https:\/\/gyemantekszer.com\/en\/wp-json\/wp\/v2\/product\/249496","targetHints":{"allow":["GET"]}}],"collection":[{"href":"https:\/\/gyemantekszer.com\/en\/wp-json\/wp\/v2\/product"}],"about":[{"href":"https:\/\/gyemantekszer.com\/en\/wp-json\/wp\/v2\/types\/product"}],"replies":[{"embeddable":true,"href":"https:\/\/gyemantekszer.com\/en\/wp-json\/wp\/v2\/comments?post=249496"}],"wp:featuredmedia":[{"embeddable":true,"href":"https:\/\/gyemantekszer.com\/en\/wp-json\/wp\/v2\/media\/243928"}],"wp:attachment":[{"href":"https:\/\/gyemantekszer.com\/en\/wp-json\/wp\/v2\/media?parent=249496"}],"wp:term":[{"taxonomy":"product_brand","embeddable":true,"href":"https:\/\/gyemantekszer.com\/en\/wp-json\/wp\/v2\/product_brand?post=249496"},{"taxonomy":"product_cat","embeddable":true,"href":"https:\/\/gyemantekszer.com\/en\/wp-json\/wp\/v2\/product_cat?post=249496"},{"taxonomy":"product_tag","embeddable":true,"href":"https:\/\/gyemantekszer.com\/en\/wp-json\/wp\/v2\/product_tag?post=249496"}],"curies":[{"name":"wp","href":"https:\/\/api.w.org\/{rel}","templated":true}]}}