{"id":249485,"date":"2024-04-15T18:30:17","date_gmt":"2024-04-15T16:30:17","guid":{"rendered":"https:\/\/gyemantekszer.com\/termek\/lelune-glamour-sophie-burgundy-gyongyos-nyakek\/"},"modified":"2025-09-29T13:06:27","modified_gmt":"2025-09-29T11:06:27","slug":"lelune-glamour-sophie-burgundy-gyongyos-nyakek","status":"publish","type":"product","link":"https:\/\/gyemantekszer.com\/en\/termek\/lelune-glamour-sophie-burgundy-gyongyos-nyakek\/","title":{"rendered":"Lelune Glamour &#8211; Sophie Burgundy Gy\u00f6ngy\u00f6s nyak\u00e9k"},"content":{"rendered":"","protected":false},"excerpt":{"rendered":"<p>Ez a divatos fiatalos nyak\u00e9k, feh\u00e9r \u00e9desv\u00edzi gy\u00f6ngy\u00f6kb\u0151l, gy\u00f6ny\u00f6r\u0171 bord\u00f3 J\u00e1de k\u00f6vekb\u0151l \u00e9s sz\u00fcrke Ach\u00e1t dr\u00e1gak\u00f6vekb\u0151l k\u00e9sz\u00fclt, amelyek sz\u00e9ps\u00e9g\u00e9t, k\u00fcl\u00f6nlegess\u00e9g\u00e9t, m\u00e9g jobban kiemelik a roz\u00e9 arany sz\u00ednben csillog\u00f3 hematit k\u00f6vek \u00e9s a k\u00fcl\u00f6nleges tervez\u00e9s\u0171 ov\u00e1lis med\u00e1l.<\/p>\n<p>Olaszorsz\u00e1gb\u00f3l \u00e9rkeztek ezek a nemes anyagokb\u00f3l gondosan megtervezett gy\u00f6ngy\u00f6s, dr\u00e1gak\u00f6ves<em>\u00a0<strong>LE LUNE Glamour<\/strong><\/em><strong>\u00a0<\/strong>\u00e9kszerek. Divatos sz\u00ednvil\u00e1g\u00e1val \u00e9s nemes anyagv\u00e1laszt\u00e1s\u00e1val feldobja sz\u00fcrke h\u00e9tk\u00f6znapjainkat. Aj\u00e1nljuk figyelm\u00e9be a\u00a0<strong><em>LE LUNE Glamour<\/em>\u00a0<\/strong>k\u00fcl\u00f6nb\u00f6z\u0151 hossz\u00fas\u00e1g\u00fa gy\u00f6ngysorait, nyak\u00e9keit, melyeket vari\u00e1lhat egy\u00e9ni \u00edzl\u00e9s\u00e9nek megfelel\u0151en.<\/p>\n<p>&nbsp;<\/p>\n","protected":false},"featured_media":243906,"comment_status":"open","ping_status":"open","template":"","meta":{"_acf_changed":false},"product_brand":[],"product_cat":[1363],"product_tag":[1956,1384,1963,1955,1379],"class_list":{"0":"post-249485","1":"product","2":"type-product","3":"status-publish","4":"has-post-thumbnail","6":"product_cat-exclusive-necklaces","7":"product_tag-achat","8":"product_tag-for-ladies","9":"product_tag-hematit","10":"product_tag-jade","11":"product_tag-with-pearls","12":"pa_kollekcio-divat-ekszerek-kiegeszitok","13":"pa_marka-le-lune-glamour","14":"pa_otvozet-finomsaga-18-gold-and-925-silver-combination","15":"pa_zarak-karabiner-zar","17":"first","18":"instock","19":"taxable","20":"shipping-taxable","21":"purchasable","22":"product-type-simple"},"acf":[],"_links":{"self":[{"href":"https:\/\/gyemantekszer.com\/en\/wp-json\/wp\/v2\/product\/249485","targetHints":{"allow":["GET"]}}],"collection":[{"href":"https:\/\/gyemantekszer.com\/en\/wp-json\/wp\/v2\/product"}],"about":[{"href":"https:\/\/gyemantekszer.com\/en\/wp-json\/wp\/v2\/types\/product"}],"replies":[{"embeddable":true,"href":"https:\/\/gyemantekszer.com\/en\/wp-json\/wp\/v2\/comments?post=249485"}],"wp:featuredmedia":[{"embeddable":true,"href":"https:\/\/gyemantekszer.com\/en\/wp-json\/wp\/v2\/media\/243906"}],"wp:attachment":[{"href":"https:\/\/gyemantekszer.com\/en\/wp-json\/wp\/v2\/media?parent=249485"}],"wp:term":[{"taxonomy":"product_brand","embeddable":true,"href":"https:\/\/gyemantekszer.com\/en\/wp-json\/wp\/v2\/product_brand?post=249485"},{"taxonomy":"product_cat","embeddable":true,"href":"https:\/\/gyemantekszer.com\/en\/wp-json\/wp\/v2\/product_cat?post=249485"},{"taxonomy":"product_tag","embeddable":true,"href":"https:\/\/gyemantekszer.com\/en\/wp-json\/wp\/v2\/product_tag?post=249485"}],"curies":[{"name":"wp","href":"https:\/\/api.w.org\/{rel}","templated":true}]}}