{"id":249481,"date":"2024-04-05T19:08:42","date_gmt":"2024-04-05T17:08:42","guid":{"rendered":"https:\/\/gyemantekszer.com\/termek\/lelune-glamour-sophie-dark-grey-2-gyongyos-nyakek\/"},"modified":"2026-01-22T16:42:12","modified_gmt":"2026-01-22T15:42:12","slug":"lelune-glamour-sophie-dark-grey-2-gyongyos-nyakek","status":"publish","type":"product","link":"https:\/\/gyemantekszer.com\/en\/product\/lelune-glamour-sophie-dark-grey-2-gyongyos-nyakek\/","title":{"rendered":"Lelune Glamour &#8211; Sophie Dark Grey 2 gy\u00f6ngy\u00f6s nyak\u00e9k"},"content":{"rendered":"","protected":false},"excerpt":{"rendered":"<p>Ez a divatos\u00a0 nyak\u00e9k feh\u00e9r \u00e9desv\u00edzi gy\u00f6ngy\u00f6kb\u0151l\u00a0 k\u00e9sz\u00fclt, melyek sz\u00e9ps\u00e9g\u00e9t m\u00e9g jobban kiemeli az ez\u00fcst\u00f6sen csillog\u00f3 s\u00f6t\u00e9tsz\u00fcrke Hematit.<\/p>\n<p>Olaszorsz\u00e1gb\u00f3l \u00e9rkeztek ezek a nemes anyagokb\u00f3l gondosan megtervezett gy\u00f6ngy\u00f6s, dr\u00e1gak\u00f6ves<em>\u00a0<strong>LE LUNE Glamour<\/strong><\/em><strong>\u00a0<\/strong>\u00e9kszerek. Divatos sz\u00ednvil\u00e1g\u00e1val \u00e9s nemes anyagv\u00e1laszt\u00e1s\u00e1val feldobja sz\u00fcrke h\u00e9tk\u00f6znapjainkat. Aj\u00e1nljuk figyelm\u00e9be a\u00a0<strong><em>LE LUNE Glamour<\/em>\u00a0<\/strong>k\u00fcl\u00f6nb\u00f6z\u0151 hossz\u00fas\u00e1g\u00fa gy\u00f6ngysorait, nyak\u00e9keit, melyeket vari\u00e1lhat egy\u00e9ni \u00edzl\u00e9s\u00e9nek megfelel\u0151en.<\/p>\n<p>&nbsp;<\/p>\n","protected":false},"featured_media":243898,"comment_status":"open","ping_status":"closed","template":"","meta":{"_acf_changed":false},"product_brand":[],"product_cat":[1923],"product_tag":[1384,1963,1379],"class_list":{"0":"post-249481","1":"product","2":"type-product","3":"status-publish","4":"has-post-thumbnail","6":"product_cat-nyakek","7":"product_tag-for-ladies","8":"product_tag-hematit","9":"product_tag-with-pearls","10":"pa_kollekcio-divat-ekszerek-kiegeszitok","11":"pa_marka-le-lune-glamour","12":"pa_otvozet-finomsaga-18-gold-and-925-silver-combination","13":"pa_zarak-karabiner-zar","15":"first","16":"instock","17":"taxable","18":"shipping-taxable","19":"purchasable","20":"product-type-simple"},"acf":[],"_links":{"self":[{"href":"https:\/\/gyemantekszer.com\/en\/wp-json\/wp\/v2\/product\/249481","targetHints":{"allow":["GET"]}}],"collection":[{"href":"https:\/\/gyemantekszer.com\/en\/wp-json\/wp\/v2\/product"}],"about":[{"href":"https:\/\/gyemantekszer.com\/en\/wp-json\/wp\/v2\/types\/product"}],"replies":[{"embeddable":true,"href":"https:\/\/gyemantekszer.com\/en\/wp-json\/wp\/v2\/comments?post=249481"}],"wp:featuredmedia":[{"embeddable":true,"href":"https:\/\/gyemantekszer.com\/en\/wp-json\/wp\/v2\/media\/243898"}],"wp:attachment":[{"href":"https:\/\/gyemantekszer.com\/en\/wp-json\/wp\/v2\/media?parent=249481"}],"wp:term":[{"taxonomy":"product_brand","embeddable":true,"href":"https:\/\/gyemantekszer.com\/en\/wp-json\/wp\/v2\/product_brand?post=249481"},{"taxonomy":"product_cat","embeddable":true,"href":"https:\/\/gyemantekszer.com\/en\/wp-json\/wp\/v2\/product_cat?post=249481"},{"taxonomy":"product_tag","embeddable":true,"href":"https:\/\/gyemantekszer.com\/en\/wp-json\/wp\/v2\/product_tag?post=249481"}],"curies":[{"name":"wp","href":"https:\/\/api.w.org\/{rel}","templated":true}]}}