{"id":249465,"date":"2024-03-28T15:20:42","date_gmt":"2024-03-28T14:20:42","guid":{"rendered":"https:\/\/gyemantekszer.com\/termek\/lelune-glamour-brownie-sophie-l-gyongyos-nyakek\/"},"modified":"2025-09-29T13:06:16","modified_gmt":"2025-09-29T11:06:16","slug":"lelune-glamour-brownie-sophie-l-gyongyos-nyakek","status":"publish","type":"product","link":"https:\/\/gyemantekszer.com\/en\/termek\/lelune-glamour-brownie-sophie-l-gyongyos-nyakek\/","title":{"rendered":"Lelune Glamour &#8211; Brownie Sophie &#8220;L&#8221; gy\u00f6ngy\u00f6s nyak\u00e9k"},"content":{"rendered":"","protected":false},"excerpt":{"rendered":"<p>Ez az eleg\u00e1ns fiatalos nyak\u00e9k feh\u00e9r \u00e9desv\u00edzi gy\u00f6ngy\u00f6kb\u0151l \u00e9s gy\u00f6ny\u00f6r\u0171 barn\u00e1s \u00e1rnyalat\u00fa F\u00fcstkvarc dr\u00e1gak\u00f6vekb\u0151l k\u00e9sz\u00fclt, amelynek sz\u00e9ps\u00e9g\u00e9t m\u00e9g jobban kiemeli a roz\u00e9 arannyal bevont apr\u00f3 csillog\u00f3 hematit, \u00e9s a d\u00edsz\u00edt\u0151 med\u00e1lt bor\u00edt\u00f3 cirk\u00f3nia k\u00f6vek.<\/p>\n<p>Olaszorsz\u00e1gb\u00f3l \u00e9rkeztek ezek a nemes anyagokb\u00f3l gondosan megtervezett gy\u00f6ngy\u00f6s, dr\u00e1gak\u00f6ves<em>\u00a0<strong>LE LUNE Glamour<\/strong><\/em><strong>\u00a0<\/strong>\u00e9kszerek. Divatos sz\u00ednvil\u00e1g\u00e1val \u00e9s nemes anyagv\u00e1laszt\u00e1s\u00e1val feldobja sz\u00fcrke h\u00e9tk\u00f6znapjainkat. Aj\u00e1nljuk figyelm\u00e9be a\u00a0<strong><em>LE LUNE Glamour<\/em>\u00a0<\/strong>k\u00fcl\u00f6nb\u00f6z\u0151 hossz\u00fas\u00e1g\u00fa gy\u00f6ngysorait, nyak\u00e9keit, melyeket vari\u00e1lhat egy\u00e9ni \u00edzl\u00e9s\u00e9nek megfelel\u0151en.<\/p>\n<p>&nbsp;<\/p>\n","protected":false},"featured_media":243866,"comment_status":"open","ping_status":"open","template":"","meta":{"_acf_changed":false},"product_brand":[],"product_cat":[1923],"product_tag":[1961,133,1993,1932,1306,136],"class_list":{"0":"post-249465","1":"product","2":"type-product","3":"status-publish","4":"has-post-thumbnail","6":"product_cat-nyakek","7":"product_tag-cirkonia","8":"product_tag-noi","9":"product_tag-hematit","10":"product_tag-kvarc","11":"product_tag-roze-arany","12":"product_tag-gyongyos","13":"pa_kollekcio-divat-ekszerek-kiegeszitok","14":"pa_marka-le-lune-glamour","15":"pa_otvozet-finomsaga-18-arany-es-925-ezust-kombinacioja","16":"pa_zarak-karabiner-zar","18":"first","19":"instock","20":"taxable","21":"shipping-taxable","22":"purchasable","23":"product-type-simple"},"acf":[],"_links":{"self":[{"href":"https:\/\/gyemantekszer.com\/en\/wp-json\/wp\/v2\/product\/249465","targetHints":{"allow":["GET"]}}],"collection":[{"href":"https:\/\/gyemantekszer.com\/en\/wp-json\/wp\/v2\/product"}],"about":[{"href":"https:\/\/gyemantekszer.com\/en\/wp-json\/wp\/v2\/types\/product"}],"replies":[{"embeddable":true,"href":"https:\/\/gyemantekszer.com\/en\/wp-json\/wp\/v2\/comments?post=249465"}],"wp:featuredmedia":[{"embeddable":true,"href":"https:\/\/gyemantekszer.com\/en\/wp-json\/wp\/v2\/media\/243866"}],"wp:attachment":[{"href":"https:\/\/gyemantekszer.com\/en\/wp-json\/wp\/v2\/media?parent=249465"}],"wp:term":[{"taxonomy":"product_brand","embeddable":true,"href":"https:\/\/gyemantekszer.com\/en\/wp-json\/wp\/v2\/product_brand?post=249465"},{"taxonomy":"product_cat","embeddable":true,"href":"https:\/\/gyemantekszer.com\/en\/wp-json\/wp\/v2\/product_cat?post=249465"},{"taxonomy":"product_tag","embeddable":true,"href":"https:\/\/gyemantekszer.com\/en\/wp-json\/wp\/v2\/product_tag?post=249465"}],"curies":[{"name":"wp","href":"https:\/\/api.w.org\/{rel}","templated":true}]}}