{"id":249464,"date":"2024-03-28T14:17:57","date_gmt":"2024-03-28T13:17:57","guid":{"rendered":"https:\/\/gyemantekszer.com\/termek\/lelune-glamour-brownie-short-sophie-gyongyos-nyakek\/"},"modified":"2026-01-19T15:09:26","modified_gmt":"2026-01-19T14:09:26","slug":"lelune-glamour-brownie-short-sophie-gyongyos-nyakek","status":"publish","type":"product","link":"https:\/\/gyemantekszer.com\/en\/termek\/lelune-glamour-brownie-short-sophie-gyongyos-nyakek\/","title":{"rendered":"Lelune Glamour &#8211; Brownie Short Sophie gy\u00f6ngy\u00f6s nyak\u00e9k"},"content":{"rendered":"","protected":false},"excerpt":{"rendered":"<p>Ez az eleg\u00e1ns fiatalos nyak\u00e9k k\u00fcl\u00f6nlegesen sz\u00e9p barn\u00e1s \u00e1rnyalat\u00fa F\u00fcstkvarc dr\u00e1gak\u00f6vekb\u0151l k\u00e9sz\u00fclt, amelynek f\u0151 \u00e9ke, a h\u00e1rom gy\u00f6ny\u00f6r\u0171 \u00e9desv\u00edzi gy\u00f6ngy. Kieg\u00e9sz\u00edt\u0151k\u00e9nt csodasz\u00e9pen csillog\u00f3 roz\u00e9 arannyal bevont apr\u00f3 hematit k\u00f6vek d\u00edsz\u00edtik.<\/p>\n<p>Olaszorsz\u00e1gb\u00f3l \u00e9rkeztek ezek a nemes anyagokb\u00f3l gondosan megtervezett gy\u00f6ngy\u00f6s, dr\u00e1gak\u00f6ves<em>\u00a0<strong>LE LUNE Glamour<\/strong><\/em><strong>\u00a0<\/strong>\u00e9kszerek. Divatos sz\u00ednvil\u00e1g\u00e1val \u00e9s nemes anyagv\u00e1laszt\u00e1s\u00e1val feldobja sz\u00fcrke h\u00e9tk\u00f6znapjainkat. Aj\u00e1nljuk figyelm\u00e9be a\u00a0<strong><em>LE LUNE Glamour<\/em>\u00a0<\/strong>k\u00fcl\u00f6nb\u00f6z\u0151 hossz\u00fas\u00e1g\u00fa gy\u00f6ngysorait, nyak\u00e9keit, melyeket vari\u00e1lhat egy\u00e9ni \u00edzl\u00e9s\u00e9nek megfelel\u0151en.<\/p>\n<p>&nbsp;<\/p>\n","protected":false},"featured_media":243864,"comment_status":"open","ping_status":"closed","template":"","meta":{"_acf_changed":false},"product_brand":[],"product_cat":[1363],"product_tag":[1384,1963,1932,1385,1379],"class_list":{"0":"post-249464","1":"product","2":"type-product","3":"status-publish","4":"has-post-thumbnail","6":"product_cat-exclusive-necklaces","7":"product_tag-for-ladies","8":"product_tag-hematit","9":"product_tag-kvarc","10":"product_tag-rose-gold","11":"product_tag-with-pearls","12":"pa_kollekcio-divat-ekszerek-kiegeszitok","13":"pa_marka-le-lune-glamour","14":"pa_otvozet-finomsaga-18-gold-and-925-silver-combination","15":"pa_zarak-karabiner-zar","17":"first","18":"instock","19":"taxable","20":"shipping-taxable","21":"purchasable","22":"product-type-simple"},"acf":[],"_links":{"self":[{"href":"https:\/\/gyemantekszer.com\/en\/wp-json\/wp\/v2\/product\/249464","targetHints":{"allow":["GET"]}}],"collection":[{"href":"https:\/\/gyemantekszer.com\/en\/wp-json\/wp\/v2\/product"}],"about":[{"href":"https:\/\/gyemantekszer.com\/en\/wp-json\/wp\/v2\/types\/product"}],"replies":[{"embeddable":true,"href":"https:\/\/gyemantekszer.com\/en\/wp-json\/wp\/v2\/comments?post=249464"}],"wp:featuredmedia":[{"embeddable":true,"href":"https:\/\/gyemantekszer.com\/en\/wp-json\/wp\/v2\/media\/243864"}],"wp:attachment":[{"href":"https:\/\/gyemantekszer.com\/en\/wp-json\/wp\/v2\/media?parent=249464"}],"wp:term":[{"taxonomy":"product_brand","embeddable":true,"href":"https:\/\/gyemantekszer.com\/en\/wp-json\/wp\/v2\/product_brand?post=249464"},{"taxonomy":"product_cat","embeddable":true,"href":"https:\/\/gyemantekszer.com\/en\/wp-json\/wp\/v2\/product_cat?post=249464"},{"taxonomy":"product_tag","embeddable":true,"href":"https:\/\/gyemantekszer.com\/en\/wp-json\/wp\/v2\/product_tag?post=249464"}],"curies":[{"name":"wp","href":"https:\/\/api.w.org\/{rel}","templated":true}]}}