{"id":249449,"date":"2024-03-10T18:12:15","date_gmt":"2024-03-10T17:12:15","guid":{"rendered":"https:\/\/gyemantekszer.com\/termek\/lelune-glamour-sophie-black-onyx-2-gyongyos-karkoto\/"},"modified":"2025-11-02T05:23:44","modified_gmt":"2025-11-02T04:23:44","slug":"lelune-glamour-sophie-black-onyx-2-gyongyos-karkoto","status":"publish","type":"product","link":"https:\/\/gyemantekszer.com\/en\/termek\/lelune-glamour-sophie-black-onyx-2-gyongyos-karkoto\/","title":{"rendered":"Lelune Glamour &#8211; Sophie Black Onyx 2 gy\u00f6ngy\u00f6s kark\u00f6t\u0151"},"content":{"rendered":"","protected":false},"excerpt":{"rendered":"<p>Ez az eleg\u00e1ns kark\u00f6t\u0151 \u00e9desvizi gy\u00f6ngy\u00f6kkel \u00e9s gy\u00f6ny\u00f6r\u0171 fekete \u00f3nix k\u00f6vekkel d\u00edsz\u00edtett egyedi tervez\u00e9s\u0171 darab a LeLune tervez\u00e9s\u00e9ben.<\/p>\n<p>Olaszorsz\u00e1gb\u00f3l \u00e9rkeztek ezek a nemes anyagokb\u00f3l gondosan megtervezett gy\u00f6ngy\u00f6s, dr\u00e1gak\u00f6vekkel kieg\u00e9sz\u00edtett<em>\u00a0<\/em><strong><em>LE LUNE Glamour<\/em><\/strong><strong>\u00a0<\/strong>\u00e9kszerek. Divatos sz\u00ednvil\u00e1g\u00e1val \u00e9s nemes anyagv\u00e1laszt\u00e1s\u00e1val feldobja sz\u00fcrke h\u00e9tk\u00f6znapjainkat. Aj\u00e1nljuk figyelm\u00e9be a\u00a0<em><strong>LE LUNE Glamour<\/strong><\/em><strong>\u00a0<\/strong>k\u00fcl\u00f6nb\u00f6z\u0151 hossz\u00fas\u00e1g\u00fa gy\u00f6ngysorait, nyak\u00e9keit, melyeket vari\u00e1lhat egy\u00e9ni \u00edzl\u00e9s\u00e9nek megfelel\u0151en.<\/p>\n","protected":false},"featured_media":243834,"comment_status":"open","ping_status":"open","template":"","meta":{"_acf_changed":false},"product_brand":[],"product_cat":[1921],"product_tag":[1961,1930,133,1962,136],"class_list":{"0":"post-249449","1":"product","2":"type-product","3":"status-publish","4":"has-post-thumbnail","6":"product_cat-karkoto","7":"product_tag-cirkonia","8":"product_tag-ezust","9":"product_tag-noi","10":"product_tag-onix","11":"product_tag-gyongyos","12":"pa_kollekcio-divat-ekszerek-kiegeszitok","13":"pa_marka-le-lune-glamour","14":"pa_otvozet-finomsaga-18-arany-es-925-ezust-kombinacioja","15":"pa_zarak-zar-nelkuli-rugalmas","17":"first","18":"outofstock","19":"taxable","20":"shipping-taxable","21":"product-type-simple"},"acf":[],"_links":{"self":[{"href":"https:\/\/gyemantekszer.com\/en\/wp-json\/wp\/v2\/product\/249449","targetHints":{"allow":["GET"]}}],"collection":[{"href":"https:\/\/gyemantekszer.com\/en\/wp-json\/wp\/v2\/product"}],"about":[{"href":"https:\/\/gyemantekszer.com\/en\/wp-json\/wp\/v2\/types\/product"}],"replies":[{"embeddable":true,"href":"https:\/\/gyemantekszer.com\/en\/wp-json\/wp\/v2\/comments?post=249449"}],"wp:featuredmedia":[{"embeddable":true,"href":"https:\/\/gyemantekszer.com\/en\/wp-json\/wp\/v2\/media\/243834"}],"wp:attachment":[{"href":"https:\/\/gyemantekszer.com\/en\/wp-json\/wp\/v2\/media?parent=249449"}],"wp:term":[{"taxonomy":"product_brand","embeddable":true,"href":"https:\/\/gyemantekszer.com\/en\/wp-json\/wp\/v2\/product_brand?post=249449"},{"taxonomy":"product_cat","embeddable":true,"href":"https:\/\/gyemantekszer.com\/en\/wp-json\/wp\/v2\/product_cat?post=249449"},{"taxonomy":"product_tag","embeddable":true,"href":"https:\/\/gyemantekszer.com\/en\/wp-json\/wp\/v2\/product_tag?post=249449"}],"curies":[{"name":"wp","href":"https:\/\/api.w.org\/{rel}","templated":true}]}}