{"id":249442,"date":"2024-03-06T05:57:36","date_gmt":"2024-03-06T04:57:36","guid":{"rendered":"https:\/\/gyemantekszer.com\/termek\/lelune-glamour-lilac-sophie-gyongyos-karkoto\/"},"modified":"2025-09-29T13:06:03","modified_gmt":"2025-09-29T11:06:03","slug":"lelune-glamour-lilac-sophie-gyongyos-karkoto","status":"publish","type":"product","link":"https:\/\/gyemantekszer.com\/en\/termek\/lelune-glamour-lilac-sophie-gyongyos-karkoto\/","title":{"rendered":"Lelune Glamour &#8211; Lilac Sophie gy\u00f6ngy\u00f6s kark\u00f6t\u0151"},"content":{"rendered":"","protected":false},"excerpt":{"rendered":"<p>Ez a fiatalos, eleg\u00e1ns LeLune Glamour kark\u00f6t\u0151, \u00e9desvizi gy\u00f6ngy\u00f6kkel, gy\u00f6ny\u00f6r\u0171 lila sz\u00edn\u0171 J\u00e1de k\u00f6vekkel van d\u00edsz\u00edtve, z\u00e1r n\u00e9lk\u00fcli, rugalmas, rendk\u00edv\u00fcl k\u00e9nyelmes viselet.<\/p>\n<p>Olaszorsz\u00e1gb\u00f3l \u00e9rkeztek ezek a nemes anyagokb\u00f3l gondosan megtervezett gy\u00f6ngy\u00f6s, dr\u00e1gak\u00f6ves<em>\u00a0<strong>LE LUNE Glamour<\/strong><\/em><strong>\u00a0<\/strong>\u00e9kszerek. Divatos sz\u00ednvil\u00e1g\u00e1val \u00e9s nemes anyagv\u00e1laszt\u00e1s\u00e1val feldobja sz\u00fcrke h\u00e9tk\u00f6znapjainkat. Aj\u00e1nljuk figyelm\u00e9be a\u00a0<strong><em>LE LUNE Glamour<\/em>\u00a0<\/strong>k\u00fcl\u00f6nb\u00f6z\u0151 hossz\u00fas\u00e1g\u00fa gy\u00f6ngysorait, nyak\u00e9kekeit, melyeket vari\u00e1lhat egy\u00e9ni \u00edzl\u00e9s\u00e9nek megfelel\u0151en. Plusz k\u00fcl\u00f6nleges alkalmakra tal\u00e1l hozz\u00e1 f\u00fclbeval\u00f3t is.<\/p>\n<p>&nbsp;<\/p>\n","protected":false},"featured_media":243820,"comment_status":"open","ping_status":"open","template":"","meta":{"_acf_changed":false},"product_brand":[],"product_cat":[1921],"product_tag":[1930,133,1955,1958,136],"class_list":{"0":"post-249442","1":"product","2":"type-product","3":"status-publish","4":"has-post-thumbnail","6":"product_cat-karkoto","7":"product_tag-ezust","8":"product_tag-noi","9":"product_tag-jade","10":"product_tag-spinell","11":"product_tag-gyongyos","12":"pa_kollekcio-divat-ekszerek-kiegeszitok","13":"pa_marka-le-lune-glamour","14":"pa_zarak-zar-nelkuli-rugalmas","16":"first","17":"outofstock","18":"taxable","19":"shipping-taxable","20":"product-type-simple"},"acf":[],"_links":{"self":[{"href":"https:\/\/gyemantekszer.com\/en\/wp-json\/wp\/v2\/product\/249442","targetHints":{"allow":["GET"]}}],"collection":[{"href":"https:\/\/gyemantekszer.com\/en\/wp-json\/wp\/v2\/product"}],"about":[{"href":"https:\/\/gyemantekszer.com\/en\/wp-json\/wp\/v2\/types\/product"}],"replies":[{"embeddable":true,"href":"https:\/\/gyemantekszer.com\/en\/wp-json\/wp\/v2\/comments?post=249442"}],"wp:featuredmedia":[{"embeddable":true,"href":"https:\/\/gyemantekszer.com\/en\/wp-json\/wp\/v2\/media\/243820"}],"wp:attachment":[{"href":"https:\/\/gyemantekszer.com\/en\/wp-json\/wp\/v2\/media?parent=249442"}],"wp:term":[{"taxonomy":"product_brand","embeddable":true,"href":"https:\/\/gyemantekszer.com\/en\/wp-json\/wp\/v2\/product_brand?post=249442"},{"taxonomy":"product_cat","embeddable":true,"href":"https:\/\/gyemantekszer.com\/en\/wp-json\/wp\/v2\/product_cat?post=249442"},{"taxonomy":"product_tag","embeddable":true,"href":"https:\/\/gyemantekszer.com\/en\/wp-json\/wp\/v2\/product_tag?post=249442"}],"curies":[{"name":"wp","href":"https:\/\/api.w.org\/{rel}","templated":true}]}}