{"id":249428,"date":"2024-02-20T19:51:36","date_gmt":"2024-02-20T18:51:36","guid":{"rendered":"https:\/\/gyemantekszer.com\/termek\/lelune-glamour-blue-sophie-m2-gyongyos-fulbevalo\/"},"modified":"2026-01-22T15:52:44","modified_gmt":"2026-01-22T14:52:44","slug":"lelune-glamour-blue-sophie-m2-gyongyos-fulbevalo","status":"publish","type":"product","link":"https:\/\/gyemantekszer.com\/en\/termek\/lelune-glamour-blue-sophie-m2-gyongyos-fulbevalo\/","title":{"rendered":"Lelune Glamour &#8211;  Azure Sophie &#8220;M2&#8221; gy\u00f6ngy\u00f6s f\u00fclbeval\u00f3"},"content":{"rendered":"<p>I<\/p>\n","protected":false},"excerpt":{"rendered":"<p>Ez az eleg\u00e1ns, divatos f\u00fclbeval\u00f3 s\u00e1rga arannyal bevont ez\u00fcstb\u0151l k\u00e9sz\u00fclt, gy\u00f6ny\u00f6r\u0171 csillog\u00f3 k\u00e9k sz\u00edn\u0171 cirk\u00f3ni\u00e1val \u00e9s \u00e9desv\u00edzi gy\u00f6ngy\u00f6kkel d\u00edsz\u00edtve.<\/p>\n<p>Olaszorsz\u00e1gb\u00f3l \u00e9rkeztek ezek a nemes anyagokb\u00f3l gondosan megtervezett gy\u00f6ngy\u00f6s, dr\u00e1gak\u00f6ves<em>\u00a0<strong>LE LUNE Glamour<\/strong><\/em><strong>\u00a0<\/strong>\u00e9kszerek. Divatos sz\u00ednvil\u00e1g\u00e1val \u00e9s nemes anyagv\u00e1laszt\u00e1s\u00e1val feldobja sz\u00fcrke h\u00e9tk\u00f6znapjainkat. Aj\u00e1nljuk figyelm\u00e9be a\u00a0<strong><em>LE LUNE Glamour<\/em>\u00a0<\/strong>k\u00fcl\u00f6nb\u00f6z\u0151 hossz\u00fas\u00e1g\u00fa gy\u00f6ngysorait, nyak\u00e9keit, melyeket vari\u00e1lhat egy\u00e9ni \u00edzl\u00e9s\u00e9nek megfelel\u0151en.<\/p>\n<p>&nbsp;<\/p>\n","protected":false},"featured_media":243793,"comment_status":"open","ping_status":"closed","template":"","meta":{"_acf_changed":false},"product_brand":[],"product_cat":[1918],"product_tag":[1961,1930,133,136,136,1307],"class_list":{"0":"post-249428","1":"product","2":"type-product","3":"status-publish","4":"has-post-thumbnail","6":"product_cat-fulbevalo","7":"product_tag-cirkonia","8":"product_tag-ezust","9":"product_tag-noi","10":"product_tag-gyongyos","12":"product_tag-sarga-arany","13":"pa_kollekcio-divat-ekszerek-kiegeszitok","14":"pa_marka-le-lune-glamour","15":"pa_otvozet-finomsaga-18-arany-es-925-ezust-kombinacioja","16":"pa_zarak-stekkeres-atszuros-zar","18":"first","19":"instock","20":"taxable","21":"shipping-taxable","22":"purchasable","23":"product-type-simple"},"acf":[],"_links":{"self":[{"href":"https:\/\/gyemantekszer.com\/en\/wp-json\/wp\/v2\/product\/249428","targetHints":{"allow":["GET"]}}],"collection":[{"href":"https:\/\/gyemantekszer.com\/en\/wp-json\/wp\/v2\/product"}],"about":[{"href":"https:\/\/gyemantekszer.com\/en\/wp-json\/wp\/v2\/types\/product"}],"replies":[{"embeddable":true,"href":"https:\/\/gyemantekszer.com\/en\/wp-json\/wp\/v2\/comments?post=249428"}],"wp:featuredmedia":[{"embeddable":true,"href":"https:\/\/gyemantekszer.com\/en\/wp-json\/wp\/v2\/media\/243793"}],"wp:attachment":[{"href":"https:\/\/gyemantekszer.com\/en\/wp-json\/wp\/v2\/media?parent=249428"}],"wp:term":[{"taxonomy":"product_brand","embeddable":true,"href":"https:\/\/gyemantekszer.com\/en\/wp-json\/wp\/v2\/product_brand?post=249428"},{"taxonomy":"product_cat","embeddable":true,"href":"https:\/\/gyemantekszer.com\/en\/wp-json\/wp\/v2\/product_cat?post=249428"},{"taxonomy":"product_tag","embeddable":true,"href":"https:\/\/gyemantekszer.com\/en\/wp-json\/wp\/v2\/product_tag?post=249428"}],"curies":[{"name":"wp","href":"https:\/\/api.w.org\/{rel}","templated":true}]}}