{"id":249422,"date":"2024-02-16T10:50:39","date_gmt":"2024-02-16T09:50:39","guid":{"rendered":"https:\/\/gyemantekszer.com\/termek\/lelune-glamour-silver-sophie-s-gyongyos-fulbevalo-2\/"},"modified":"2025-09-29T13:05:51","modified_gmt":"2025-09-29T11:05:51","slug":"lelune-glamour-silver-sophie-s-gyongyos-fulbevalo-2","status":"publish","type":"product","link":"https:\/\/gyemantekszer.com\/en\/termek\/lelune-glamour-silver-sophie-s-gyongyos-fulbevalo-2\/","title":{"rendered":"Lelune Glamour &#8211; Silver Sophie &#8220;S&#8221; gy\u00f6ngy\u00f6s f\u00fclbeval\u00f3"},"content":{"rendered":"","protected":false},"excerpt":{"rendered":"<p>Ez az eleg\u00e1ns, divatos f\u00fclbeval\u00f3 roz\u00e9 arannyal bevont ez\u00fcstb\u0151l k\u00e9sz\u00fclt, gy\u00f6ny\u00f6r\u0171 csillog\u00f3 Cirk\u00f3ni\u00e1val \u00e9s sz\u00fcrke sz\u00edn\u0171 \u00e9desv\u00edzi gy\u00f6ngy\u00f6kkel d\u00edsz\u00edtve.<\/p>\n<p>Olaszorsz\u00e1gb\u00f3l \u00e9rkeztek ezek a nemes anyagokb\u00f3l gondosan megtervezett gy\u00f6ngy\u00f6s, dr\u00e1gak\u00f6ves \u00e9s aranyozott ez\u00fcst alkatr\u00e9szekkel kieg\u00e9sz\u00edtett<em>\u00a0<strong>LE LUNE Glamour<\/strong><\/em><strong>\u00a0<\/strong>\u00e9kszerek. Divatos sz\u00ednvil\u00e1g\u00e1val \u00e9s nemes anyagv\u00e1laszt\u00e1s\u00e1val feldobja sz\u00fcrke h\u00e9tk\u00f6znapjainkat. Aj\u00e1nljuk figyelm\u00e9be a\u00a0<strong><em>LE LUNE Glamour<\/em>\u00a0<\/strong>k\u00fcl\u00f6nb\u00f6z\u0151 hossz\u00fas\u00e1g\u00fa gy\u00f6ngysorait, nyak\u00e9kekeit, melyeket vari\u00e1lhat egy\u00e9ni \u00edzl\u00e9s\u00e9nek megfelel\u0151en. Plusz k\u00fcl\u00f6nleges alkalmakra tal\u00e1l hozz\u00e1 f\u00fclbeval\u00f3t is.<\/p>\n<p>&nbsp;<\/p>\n","protected":false},"featured_media":243781,"comment_status":"open","ping_status":"open","template":"","meta":{"_acf_changed":false},"product_brand":[],"product_cat":[1918],"product_tag":[1961,1930,133,136],"class_list":{"0":"post-249422","1":"product","2":"type-product","3":"status-publish","4":"has-post-thumbnail","6":"product_cat-fulbevalo","7":"product_tag-cirkonia","8":"product_tag-ezust","9":"product_tag-noi","10":"product_tag-gyongyos","11":"pa_kollekcio-divat-ekszerek-kiegeszitok","12":"pa_marka-le-lune-glamour","13":"pa_otvozet-finomsaga-18-arany-es-925-ezust-kombinacioja","14":"pa_zarak-stekkeres-atszuros-zar","16":"first","17":"outofstock","18":"taxable","19":"shipping-taxable","20":"product-type-simple"},"acf":[],"_links":{"self":[{"href":"https:\/\/gyemantekszer.com\/en\/wp-json\/wp\/v2\/product\/249422","targetHints":{"allow":["GET"]}}],"collection":[{"href":"https:\/\/gyemantekszer.com\/en\/wp-json\/wp\/v2\/product"}],"about":[{"href":"https:\/\/gyemantekszer.com\/en\/wp-json\/wp\/v2\/types\/product"}],"replies":[{"embeddable":true,"href":"https:\/\/gyemantekszer.com\/en\/wp-json\/wp\/v2\/comments?post=249422"}],"wp:featuredmedia":[{"embeddable":true,"href":"https:\/\/gyemantekszer.com\/en\/wp-json\/wp\/v2\/media\/243781"}],"wp:attachment":[{"href":"https:\/\/gyemantekszer.com\/en\/wp-json\/wp\/v2\/media?parent=249422"}],"wp:term":[{"taxonomy":"product_brand","embeddable":true,"href":"https:\/\/gyemantekszer.com\/en\/wp-json\/wp\/v2\/product_brand?post=249422"},{"taxonomy":"product_cat","embeddable":true,"href":"https:\/\/gyemantekszer.com\/en\/wp-json\/wp\/v2\/product_cat?post=249422"},{"taxonomy":"product_tag","embeddable":true,"href":"https:\/\/gyemantekszer.com\/en\/wp-json\/wp\/v2\/product_tag?post=249422"}],"curies":[{"name":"wp","href":"https:\/\/api.w.org\/{rel}","templated":true}]}}