{"id":249414,"date":"2024-02-12T20:03:01","date_gmt":"2024-02-12T19:03:01","guid":{"rendered":"https:\/\/gyemantekszer.com\/termek\/lelune-glamour-rose-sophie-l-gyongyos-fulbevalo\/"},"modified":"2025-11-28T15:26:46","modified_gmt":"2025-11-28T14:26:46","slug":"lelune-glamour-rose-sophie-l-gyongyos-fulbevalo","status":"publish","type":"product","link":"https:\/\/gyemantekszer.com\/en\/termek\/lelune-glamour-rose-sophie-l-gyongyos-fulbevalo\/","title":{"rendered":"Lelune Glamour &#8211; Rose Sophie &#8220;L&#8221; gy\u00f6ngy\u00f6s f\u00fclbeval\u00f3"},"content":{"rendered":"","protected":false},"excerpt":{"rendered":"<p>Ez az eleg\u00e1ns, divatos f\u00fclbeval\u00f3 s\u00e1rga arannyal bevont ez\u00fcstb\u0151l k\u00e9sz\u00fclt, gy\u00f6ny\u00f6r\u0171 csillog\u00f3 r\u00f3zsasz\u00edn\u0171 cirk\u00f3ni\u00e1val \u00e9s \u00e9desv\u00edzi gy\u00f6ngy\u00f6kkel d\u00edsz\u00edtve.<\/p>\n<p>Olaszorsz\u00e1gb\u00f3l \u00e9rkeztek ezek a nemes anyagokb\u00f3l gondosan megtervezett gy\u00f6ngy\u00f6s, dr\u00e1gak\u00f6ves \u00e9s aranyozott ez\u00fcst alkatr\u00e9szekkel kieg\u00e9sz\u00edtett<em>\u00a0<strong>LE LUNE Glamour<\/strong><\/em><strong>\u00a0<\/strong>\u00e9kszerek. Divatos sz\u00ednvil\u00e1g\u00e1val \u00e9s nemes anyagv\u00e1laszt\u00e1s\u00e1val feldobja sz\u00fcrke h\u00e9tk\u00f6znapjainkat. Aj\u00e1nljuk figyelm\u00e9be a\u00a0<strong><em>LE LUNE Glamour<\/em>\u00a0<\/strong>k\u00fcl\u00f6nb\u00f6z\u0151 hossz\u00fas\u00e1g\u00fa gy\u00f6ngysorait, nyak\u00e9kekeit, melyeket vari\u00e1lhat egy\u00e9ni \u00edzl\u00e9s\u00e9nek megfelel\u0151en. Plusz k\u00fcl\u00f6nleges alkalmakra tal\u00e1l hozz\u00e1 f\u00fclbeval\u00f3t is.<\/p>\n<p>&nbsp;<\/p>\n","protected":false},"featured_media":243765,"comment_status":"open","ping_status":"closed","template":"","meta":{"_acf_changed":false},"product_brand":[],"product_cat":[1918],"product_tag":[1943,1961,1930,133,136,1307],"class_list":{"0":"post-249414","1":"product","2":"type-product","3":"status-publish","4":"has-post-thumbnail","6":"product_cat-fulbevalo","7":"product_tag-18-arany","8":"product_tag-cirkonia","9":"product_tag-ezust","10":"product_tag-noi","11":"product_tag-gyongyos","12":"product_tag-sarga-arany","13":"pa_kollekcio-divat-ekszerek-kiegeszitok","14":"pa_marka-le-lune-glamour","15":"pa_otvozet-finomsaga-18-arany-es-925-ezust-kombinacioja","16":"pa_zarak-stekkeres-atszuros-zar","18":"first","19":"onrequest","20":"taxable","21":"shipping-taxable","22":"product-type-simple"},"acf":[],"_links":{"self":[{"href":"https:\/\/gyemantekszer.com\/en\/wp-json\/wp\/v2\/product\/249414","targetHints":{"allow":["GET"]}}],"collection":[{"href":"https:\/\/gyemantekszer.com\/en\/wp-json\/wp\/v2\/product"}],"about":[{"href":"https:\/\/gyemantekszer.com\/en\/wp-json\/wp\/v2\/types\/product"}],"replies":[{"embeddable":true,"href":"https:\/\/gyemantekszer.com\/en\/wp-json\/wp\/v2\/comments?post=249414"}],"wp:featuredmedia":[{"embeddable":true,"href":"https:\/\/gyemantekszer.com\/en\/wp-json\/wp\/v2\/media\/243765"}],"wp:attachment":[{"href":"https:\/\/gyemantekszer.com\/en\/wp-json\/wp\/v2\/media?parent=249414"}],"wp:term":[{"taxonomy":"product_brand","embeddable":true,"href":"https:\/\/gyemantekszer.com\/en\/wp-json\/wp\/v2\/product_brand?post=249414"},{"taxonomy":"product_cat","embeddable":true,"href":"https:\/\/gyemantekszer.com\/en\/wp-json\/wp\/v2\/product_cat?post=249414"},{"taxonomy":"product_tag","embeddable":true,"href":"https:\/\/gyemantekszer.com\/en\/wp-json\/wp\/v2\/product_tag?post=249414"}],"curies":[{"name":"wp","href":"https:\/\/api.w.org\/{rel}","templated":true}]}}