{"id":249408,"date":"2024-02-10T20:24:55","date_gmt":"2024-02-10T19:24:55","guid":{"rendered":"https:\/\/gyemantekszer.com\/termek\/lelune-glamour-blue-sophie-gyongyos-fulbevalo\/"},"modified":"2026-04-28T16:24:22","modified_gmt":"2026-04-28T14:24:22","slug":"lelune-glamour-blue-sophie-gyongyos-fulbevalo","status":"publish","type":"product","link":"https:\/\/gyemantekszer.com\/en\/product\/lelune-glamour-blue-sophie-gyongyos-fulbevalo\/","title":{"rendered":"Lelune Glamour &#8211; Blue Sophie gy\u00f6ngy\u00f6s f\u00fclbeval\u00f3"},"content":{"rendered":"","protected":false},"excerpt":{"rendered":"<p>Ez az ez\u00fcst gy\u00f6ngy\u00f6s f\u00fclbeval\u00f3 \u00e9desv\u00edzi gy\u00f6ngy\u00f6kkel, roz\u00e9 aranyoz\u00e1s\u00fa d\u00edsz\u00edt\u00e9ssel k\u00e9sz\u00fclt, csillog\u00f3 k\u00e9k Spinellel, \u00e9s gy\u00f6ny\u00f6r\u0171 vil\u00e1gosk\u00e9k J\u00e1de k\u0151vel.<\/p>\n<p>Olaszorsz\u00e1gb\u00f3l \u00e9rkeztek ezek a nemes anyagokb\u00f3l gondosan megtervezett gy\u00f6ngy\u00f6s <em><strong>LE LUNE Glamour<\/strong><\/em><strong>\u00a0<\/strong>\u00e9kszerek. Divatos sz\u00ednvil\u00e1g\u00e1val \u00e9s nemes anyagv\u00e1laszt\u00e1s\u00e1val feldobja sz\u00fcrke h\u00e9tk\u00f6znapjainkat. Aj\u00e1nljuk figyelm\u00e9be a\u00a0<strong><em>LE LUNE Glamour<\/em>\u00a0<\/strong>k\u00fcl\u00f6nb\u00f6z\u0151 hossz\u00fas\u00e1g\u00fa gy\u00f6ngysorait, nyak\u00e9keit, melyeket vari\u00e1lhat egy\u00e9ni \u00edzl\u00e9s\u00e9nek megfelel\u0151en. Plusz k\u00fcl\u00f6nleges alkalmakra tal\u00e1l hozz\u00e1 f\u00fclbeval\u00f3t is.<\/p>\n<p>&nbsp;<\/p>\n","protected":false},"featured_media":251081,"comment_status":"open","ping_status":"closed","template":"","meta":{"_acf_changed":false},"product_brand":[],"product_cat":[1918],"product_tag":[1930,1384,1955,1958,1379],"class_list":{"0":"post-249408","1":"product","2":"type-product","3":"status-publish","4":"has-post-thumbnail","6":"product_cat-fulbevalo","7":"product_tag-ezust","8":"product_tag-for-ladies","9":"product_tag-jade","10":"product_tag-spinell","11":"product_tag-with-pearls","12":"pa_kollekcio-divat-ekszerek-kiegeszitok","13":"pa_marka-le-lune-glamour","14":"pa_otvozet-finomsaga-18-gold-and-925-silver-combination","15":"pa_zarak-stekkeres-atszuros-zar","17":"first","18":"instock","19":"taxable","20":"shipping-taxable","21":"purchasable","22":"product-type-simple"},"acf":[],"_links":{"self":[{"href":"https:\/\/gyemantekszer.com\/en\/wp-json\/wp\/v2\/product\/249408","targetHints":{"allow":["GET"]}}],"collection":[{"href":"https:\/\/gyemantekszer.com\/en\/wp-json\/wp\/v2\/product"}],"about":[{"href":"https:\/\/gyemantekszer.com\/en\/wp-json\/wp\/v2\/types\/product"}],"replies":[{"embeddable":true,"href":"https:\/\/gyemantekszer.com\/en\/wp-json\/wp\/v2\/comments?post=249408"}],"wp:featuredmedia":[{"embeddable":true,"href":"https:\/\/gyemantekszer.com\/en\/wp-json\/wp\/v2\/media\/251081"}],"wp:attachment":[{"href":"https:\/\/gyemantekszer.com\/en\/wp-json\/wp\/v2\/media?parent=249408"}],"wp:term":[{"taxonomy":"product_brand","embeddable":true,"href":"https:\/\/gyemantekszer.com\/en\/wp-json\/wp\/v2\/product_brand?post=249408"},{"taxonomy":"product_cat","embeddable":true,"href":"https:\/\/gyemantekszer.com\/en\/wp-json\/wp\/v2\/product_cat?post=249408"},{"taxonomy":"product_tag","embeddable":true,"href":"https:\/\/gyemantekszer.com\/en\/wp-json\/wp\/v2\/product_tag?post=249408"}],"curies":[{"name":"wp","href":"https:\/\/api.w.org\/{rel}","templated":true}]}}