{"id":249385,"date":"2024-01-08T09:39:02","date_gmt":"2024-01-08T08:39:02","guid":{"rendered":"https:\/\/gyemantekszer.com\/termek\/lelune-glamour-grey-s-sophie-gyongyos-nyakek\/"},"modified":"2026-01-19T15:12:10","modified_gmt":"2026-01-19T14:12:10","slug":"lelune-glamour-grey-s-sophie-gyongyos-nyakek","status":"publish","type":"product","link":"https:\/\/gyemantekszer.com\/en\/product\/lelune-glamour-grey-s-sophie-gyongyos-nyakek\/","title":{"rendered":"Lelune Glamour &#8211; Grey &#8220;S&#8221; Sophie gy\u00f6ngy\u00f6s nyak\u00e9k"},"content":{"rendered":"","protected":false},"excerpt":{"rendered":"<p>Ez a k\u00fcl\u00f6nleges \u00f6ssze\u00e1ll\u00edt\u00e1s\u00fa nyak\u00e9k, roz\u00e9 arannyal bevont ez\u00fcstb\u0151l k\u00e9sz\u00fclt, \u00e9desv\u00edzi gy\u00f6ngy\u00f6kkel, csillog\u00f3 sz\u00fcrke Spinellel, Obszidi\u00e1nnal \u00e9s m\u00e1rv\u00e1nyos Kvarc dr\u00e1gak\u00f6vekkel d\u00edsz\u00edtve. A <em>\u00a0<strong>LE LUNE Glamour<\/strong><\/em> \u0151szi-t\u00e9li kollekci\u00f3j\u00e1nak egyedi tervez\u00e9s\u0171 darabja.<\/p>\n<p>A nyak\u00e9k hossz\u00fa v\u00e1ltozatban is kaphat\u00f3:\u00a0 LGNK541.2, valamint triplasoros v\u00e1ltozatban LGNK540.2<\/p>\n<p>V\u00e1laszthat\u00f3 hozz\u00e1 szettben, ugyanebben a dr\u00e1gak\u0151 \u00f6ssze\u00e1ll\u00edt\u00e1sban k\u00e9sz\u00fclt Black Sophie gy\u00f6ngy\u00f6s kark\u00f6t\u0151 LGBR550.2, LGBR540.3 \u00e9s Grey Sophie gy\u00f6ngy\u00f6s kark\u00f6t\u0151 LGBR543.2.<\/p>\n<p>Olaszorsz\u00e1gb\u00f3l \u00e9rkeztek ezek a nemes anyagokb\u00f3l gondosan megtervezett gy\u00f6ngy\u00f6s, dr\u00e1gak\u00f6ves \u00e9s aranyozott ez\u00fcst alkatr\u00e9szekkel kieg\u00e9sz\u00edtett<em>\u00a0<strong>LE LUNE Glamour<\/strong><\/em><strong>\u00a0<\/strong>\u00e9kszerek. Divatos sz\u00ednvil\u00e1g\u00e1val \u00e9s nemes anyagv\u00e1laszt\u00e1s\u00e1val feldobja sz\u00fcrke h\u00e9tk\u00f6znapjainkat. Aj\u00e1nljuk figyelm\u00e9be a\u00a0<strong><em>LE LUNE Glamour<\/em>\u00a0<\/strong>k\u00fcl\u00f6nb\u00f6z\u0151 hossz\u00fas\u00e1g\u00fa gy\u00f6ngysorait, nyak\u00e9kekeit, melyeket vari\u00e1lhat egy\u00e9ni \u00edzl\u00e9s\u00e9nek megfelel\u0151en.<\/p>\n<p>&nbsp;<\/p>\n","protected":false},"featured_media":243688,"comment_status":"open","ping_status":"closed","template":"","meta":{"_acf_changed":false},"product_brand":[],"product_cat":[1923],"product_tag":[1943,1930,1384,1932,1959,1958,1379],"class_list":{"0":"post-249385","1":"product","2":"type-product","3":"status-publish","4":"has-post-thumbnail","6":"product_cat-nyakek","7":"product_tag-18-arany","8":"product_tag-ezust","9":"product_tag-for-ladies","10":"product_tag-kvarc","11":"product_tag-obszidian","12":"product_tag-spinell","13":"product_tag-with-pearls","14":"pa_kollekcio-divat-ekszerek-kiegeszitok","15":"pa_marka-le-lune-glamour","16":"pa_otvozet-finomsaga-18-gold-and-925-silver-combination","17":"pa_zarak-karabiner-zar","19":"first","20":"instock","21":"taxable","22":"shipping-taxable","23":"purchasable","24":"product-type-simple"},"acf":[],"_links":{"self":[{"href":"https:\/\/gyemantekszer.com\/en\/wp-json\/wp\/v2\/product\/249385","targetHints":{"allow":["GET"]}}],"collection":[{"href":"https:\/\/gyemantekszer.com\/en\/wp-json\/wp\/v2\/product"}],"about":[{"href":"https:\/\/gyemantekszer.com\/en\/wp-json\/wp\/v2\/types\/product"}],"replies":[{"embeddable":true,"href":"https:\/\/gyemantekszer.com\/en\/wp-json\/wp\/v2\/comments?post=249385"}],"wp:featuredmedia":[{"embeddable":true,"href":"https:\/\/gyemantekszer.com\/en\/wp-json\/wp\/v2\/media\/243688"}],"wp:attachment":[{"href":"https:\/\/gyemantekszer.com\/en\/wp-json\/wp\/v2\/media?parent=249385"}],"wp:term":[{"taxonomy":"product_brand","embeddable":true,"href":"https:\/\/gyemantekszer.com\/en\/wp-json\/wp\/v2\/product_brand?post=249385"},{"taxonomy":"product_cat","embeddable":true,"href":"https:\/\/gyemantekszer.com\/en\/wp-json\/wp\/v2\/product_cat?post=249385"},{"taxonomy":"product_tag","embeddable":true,"href":"https:\/\/gyemantekszer.com\/en\/wp-json\/wp\/v2\/product_tag?post=249385"}],"curies":[{"name":"wp","href":"https:\/\/api.w.org\/{rel}","templated":true}]}}