{"id":249373,"date":"2024-01-05T19:44:00","date_gmt":"2024-01-05T18:44:00","guid":{"rendered":"https:\/\/gyemantekszer.com\/termek\/lelune-glamour-cherry-sophie-gyongyos-nyakek\/"},"modified":"2025-09-29T13:05:18","modified_gmt":"2025-09-29T11:05:18","slug":"lelune-glamour-cherry-sophie-gyongyos-nyakek","status":"publish","type":"product","link":"https:\/\/gyemantekszer.com\/en\/product\/lelune-glamour-cherry-sophie-gyongyos-nyakek\/","title":{"rendered":"Lelune Glamour &#8211; Cherry &#8220;S&#8221; Sophie gy\u00f6ngy\u00f6s nyak\u00e9k"},"content":{"rendered":"","protected":false},"excerpt":{"rendered":"<p>Ez a gy\u00f6ny\u00f6r\u0171 LE LUNE Glamour nyak\u00e9k, roz\u00e9 arannyal bevont ez\u00fcstb\u0151l k\u00e9sz\u00fclt, \u00e9desv\u00edzi gy\u00f6ngy\u00f6kkel, bord\u00f3 Spinel \u00e9s r\u00f3zsasz\u00edn J\u00e1de dr\u00e1gak\u00f6vekkel. Kaphat\u00f3 hossz\u00fa \u00e9s r\u00f6vid v\u00e1ltozatban is, valamint szettben, a hozz\u00e1tartoz\u00f3 Cherry Sophie gy\u00f6ngy\u00f6s f\u00fclbeval\u00f3val egy\u00fctt.<\/p>\n<p>Olaszorsz\u00e1gb\u00f3l \u00e9rkeztek ezek a nemes anyagokb\u00f3l gondosan megtervezett gy\u00f6ngy\u00f6s, dr\u00e1gak\u00f6ves \u00e9s aranyozott ez\u00fcst alkatr\u00e9szekkel kieg\u00e9sz\u00edtett<em>\u00a0<strong>LE LUNE Glamour<\/strong><\/em><strong>\u00a0<\/strong>\u00e9kszerek. Divatos sz\u00ednvil\u00e1g\u00e1val \u00e9s nemes anyagv\u00e1laszt\u00e1s\u00e1val feldobja sz\u00fcrke h\u00e9tk\u00f6znapjainkat. Aj\u00e1nljuk figyelm\u00e9be a\u00a0<strong><em>LE LUNE Glamour<\/em>\u00a0<\/strong>k\u00fcl\u00f6nb\u00f6z\u0151 hossz\u00fas\u00e1g\u00fa gy\u00f6ngysorait, nyak\u00e9kekeit, melyeket vari\u00e1lhat egy\u00e9ni \u00edzl\u00e9s\u00e9nek megfelel\u0151en.<\/p>\n<p>&nbsp;<\/p>\n","protected":false},"featured_media":243661,"comment_status":"open","ping_status":"open","template":"","meta":{"_acf_changed":false},"product_brand":[],"product_cat":[1923],"product_tag":[1943,1930,1384,1955,1958,1379],"class_list":{"0":"post-249373","1":"product","2":"type-product","3":"status-publish","4":"has-post-thumbnail","6":"product_cat-nyakek","7":"product_tag-18-arany","8":"product_tag-ezust","9":"product_tag-for-ladies","10":"product_tag-jade","11":"product_tag-spinell","12":"product_tag-with-pearls","13":"pa_kollekcio-divat-ekszerek-kiegeszitok","14":"pa_marka-le-lune-glamour","15":"pa_otvozet-finomsaga-18-gold-and-925-silver-combination","16":"pa_zarak-ezust-karabiner-zarral","18":"first","19":"instock","20":"taxable","21":"shipping-taxable","22":"purchasable","23":"product-type-simple"},"acf":[],"_links":{"self":[{"href":"https:\/\/gyemantekszer.com\/en\/wp-json\/wp\/v2\/product\/249373","targetHints":{"allow":["GET"]}}],"collection":[{"href":"https:\/\/gyemantekszer.com\/en\/wp-json\/wp\/v2\/product"}],"about":[{"href":"https:\/\/gyemantekszer.com\/en\/wp-json\/wp\/v2\/types\/product"}],"replies":[{"embeddable":true,"href":"https:\/\/gyemantekszer.com\/en\/wp-json\/wp\/v2\/comments?post=249373"}],"wp:featuredmedia":[{"embeddable":true,"href":"https:\/\/gyemantekszer.com\/en\/wp-json\/wp\/v2\/media\/243661"}],"wp:attachment":[{"href":"https:\/\/gyemantekszer.com\/en\/wp-json\/wp\/v2\/media?parent=249373"}],"wp:term":[{"taxonomy":"product_brand","embeddable":true,"href":"https:\/\/gyemantekszer.com\/en\/wp-json\/wp\/v2\/product_brand?post=249373"},{"taxonomy":"product_cat","embeddable":true,"href":"https:\/\/gyemantekszer.com\/en\/wp-json\/wp\/v2\/product_cat?post=249373"},{"taxonomy":"product_tag","embeddable":true,"href":"https:\/\/gyemantekszer.com\/en\/wp-json\/wp\/v2\/product_tag?post=249373"}],"curies":[{"name":"wp","href":"https:\/\/api.w.org\/{rel}","templated":true}]}}