{"id":249351,"date":"2023-12-18T20:25:24","date_gmt":"2023-12-18T19:25:24","guid":{"rendered":"https:\/\/gyemantekszer.com\/termek\/lelune-glamour-rose-sophie-gyongyos-karkoto\/"},"modified":"2026-03-24T16:10:24","modified_gmt":"2026-03-24T15:10:24","slug":"lelune-glamour-rose-sophie-gyongyos-karkoto","status":"publish","type":"product","link":"https:\/\/gyemantekszer.com\/en\/product\/lelune-glamour-rose-sophie-gyongyos-karkoto\/","title":{"rendered":"Lelune Glamour &#8211; Rose Sophie gy\u00f6ngy\u00f6s kark\u00f6t\u0151"},"content":{"rendered":"","protected":false},"excerpt":{"rendered":"<p>Ez a gy\u00f6ngy\u00f6s kark\u00f6t\u0151 \u00e9desv\u00edzi gy\u00f6ngy\u00f6kkel, roz\u00e9 arannyal bevont ez\u00fcstb\u0151l k\u00e9sz\u00fclt, fuxia r\u00f3zsasz\u00edn Spinel \u00e9s Jade dr\u00e1ga k\u00f6vekkel.<\/p>\n<p>Olaszorsz\u00e1gb\u00f3l \u00e9rkeztek ezek a nemes anyagokb\u00f3l gondosan megtervezett gy\u00f6ngy\u00f6s, dr\u00e1gak\u00f6ves \u00e9s aranyozott ez\u00fcst alkatr\u00e9szekkel kieg\u00e9sz\u00edtett<em>\u00a0<strong>LE LUNE Glamour<\/strong><\/em><strong>\u00a0<\/strong>\u00e9kszerek. Divatos sz\u00ednvil\u00e1g\u00e1val \u00e9s nemes anyagv\u00e1laszt\u00e1s\u00e1val feldobja sz\u00fcrke h\u00e9tk\u00f6znapjainkat. Aj\u00e1nljuk figyelm\u00e9be a\u00a0<strong><em>LE LUNE Glamour<\/em>\u00a0<\/strong>k\u00fcl\u00f6nb\u00f6z\u0151 hossz\u00fas\u00e1g\u00fa gy\u00f6ngysorait, nyak\u00e9kekeit, melyeket vari\u00e1lhat egy\u00e9ni \u00edzl\u00e9s\u00e9nek megfelel\u0151en. Plusz k\u00fcl\u00f6nleges alkalmakra tal\u00e1l hozz\u00e1 f\u00fclbeval\u00f3t is.<\/p>\n<p>&nbsp;<\/p>\n","protected":false},"featured_media":243615,"comment_status":"open","ping_status":"closed","template":"","meta":{"_acf_changed":false},"product_brand":[],"product_cat":[1921],"product_tag":[1943,1930,1384,1955,1379],"class_list":{"0":"post-249351","1":"product","2":"type-product","3":"status-publish","4":"has-post-thumbnail","6":"product_cat-karkoto","7":"product_tag-18-arany","8":"product_tag-ezust","9":"product_tag-for-ladies","10":"product_tag-jade","11":"product_tag-with-pearls","12":"pa_kollekcio-divat-ekszerek-kiegeszitok","13":"pa_marka-le-lune-glamour","14":"pa_otvozet-finomsaga-18-gold-and-925-silver-combination","15":"pa_zarak-ezust-karabiner-zarral","17":"first","18":"instock","19":"taxable","20":"shipping-taxable","21":"purchasable","22":"product-type-simple"},"acf":[],"_links":{"self":[{"href":"https:\/\/gyemantekszer.com\/en\/wp-json\/wp\/v2\/product\/249351","targetHints":{"allow":["GET"]}}],"collection":[{"href":"https:\/\/gyemantekszer.com\/en\/wp-json\/wp\/v2\/product"}],"about":[{"href":"https:\/\/gyemantekszer.com\/en\/wp-json\/wp\/v2\/types\/product"}],"replies":[{"embeddable":true,"href":"https:\/\/gyemantekszer.com\/en\/wp-json\/wp\/v2\/comments?post=249351"}],"wp:featuredmedia":[{"embeddable":true,"href":"https:\/\/gyemantekszer.com\/en\/wp-json\/wp\/v2\/media\/243615"}],"wp:attachment":[{"href":"https:\/\/gyemantekszer.com\/en\/wp-json\/wp\/v2\/media?parent=249351"}],"wp:term":[{"taxonomy":"product_brand","embeddable":true,"href":"https:\/\/gyemantekszer.com\/en\/wp-json\/wp\/v2\/product_brand?post=249351"},{"taxonomy":"product_cat","embeddable":true,"href":"https:\/\/gyemantekszer.com\/en\/wp-json\/wp\/v2\/product_cat?post=249351"},{"taxonomy":"product_tag","embeddable":true,"href":"https:\/\/gyemantekszer.com\/en\/wp-json\/wp\/v2\/product_tag?post=249351"}],"curies":[{"name":"wp","href":"https:\/\/api.w.org\/{rel}","templated":true}]}}