{"id":249343,"date":"2023-12-14T12:40:35","date_gmt":"2023-12-14T11:40:35","guid":{"rendered":"https:\/\/gyemantekszer.com\/termek\/orotech-black-matt-chain-gyemant-lanc\/"},"modified":"2026-02-02T14:13:29","modified_gmt":"2026-02-02T13:13:29","slug":"orotech-black-matt-chain-gyemant-lanc","status":"publish","type":"product","link":"https:\/\/gyemantekszer.com\/en\/termek\/orotech-black-matt-chain-gyemant-lanc\/","title":{"rendered":"Orotech Black Matt Chain gy\u00e9m\u00e1nt l\u00e1nc"},"content":{"rendered":"","protected":false},"excerpt":{"rendered":"<p>Ezt a k\u00fcl\u00f6nleges technik\u00e1val k\u00e9sz\u00fclt fekete ker\u00e1mia nyakl\u00e1ncot roz\u00e9 aranyba foglalt gy\u00f6ny\u00f6r\u0171 fekete brili\u00e1ns csiszol\u00e1s\u00fa gy\u00e9m\u00e1ntok d\u00edsz\u00edtik.<br \/>\nAz Orotech Firenze \u00e9vek \u00f3ta tervez \u00e9kszereket innovat\u00edv anyagok felhaszn\u00e1l\u00e1s\u00e1val, mint p\u00e9ld\u00e1ul a fekete ker\u00e1mia (edzett porcel\u00e1n).<\/p>\n","protected":false},"featured_media":243584,"comment_status":"open","ping_status":"closed","template":"","meta":{"_acf_changed":false},"product_brand":[],"product_cat":[1363],"product_tag":[1377,1378,1385],"class_list":{"0":"post-249343","1":"product","2":"type-product","3":"status-publish","4":"has-post-thumbnail","6":"product_cat-exclusive-necklaces","7":"product_tag-black-diamond","8":"product_tag-men","9":"product_tag-rose-gold","10":"pa_kollekcio-exkluziv-ekszerek","11":"pa_marka-royal-diamonds-by-alexandra-ronai","12":"pa_meret-24-cm-hosszu-2","13":"pa_otvozet-finomsaga-143","14":"pa_suly-14-gr","15":"pa_zarak-karabiner-zar","17":"first","18":"onrequest","19":"taxable","20":"shipping-taxable","21":"product-type-simple"},"acf":[],"_links":{"self":[{"href":"https:\/\/gyemantekszer.com\/en\/wp-json\/wp\/v2\/product\/249343","targetHints":{"allow":["GET"]}}],"collection":[{"href":"https:\/\/gyemantekszer.com\/en\/wp-json\/wp\/v2\/product"}],"about":[{"href":"https:\/\/gyemantekszer.com\/en\/wp-json\/wp\/v2\/types\/product"}],"replies":[{"embeddable":true,"href":"https:\/\/gyemantekszer.com\/en\/wp-json\/wp\/v2\/comments?post=249343"}],"wp:featuredmedia":[{"embeddable":true,"href":"https:\/\/gyemantekszer.com\/en\/wp-json\/wp\/v2\/media\/243584"}],"wp:attachment":[{"href":"https:\/\/gyemantekszer.com\/en\/wp-json\/wp\/v2\/media?parent=249343"}],"wp:term":[{"taxonomy":"product_brand","embeddable":true,"href":"https:\/\/gyemantekszer.com\/en\/wp-json\/wp\/v2\/product_brand?post=249343"},{"taxonomy":"product_cat","embeddable":true,"href":"https:\/\/gyemantekszer.com\/en\/wp-json\/wp\/v2\/product_cat?post=249343"},{"taxonomy":"product_tag","embeddable":true,"href":"https:\/\/gyemantekszer.com\/en\/wp-json\/wp\/v2\/product_tag?post=249343"}],"curies":[{"name":"wp","href":"https:\/\/api.w.org\/{rel}","templated":true}]}}