{"id":249341,"date":"2023-12-14T12:17:48","date_gmt":"2023-12-14T11:17:48","guid":{"rendered":"https:\/\/gyemantekszer.com\/termek\/orotech-black-matt-gyemant-karkoto-07\/"},"modified":"2025-09-29T13:04:56","modified_gmt":"2025-09-29T11:04:56","slug":"orotech-black-matt-gyemant-karkoto-07","status":"publish","type":"product","link":"https:\/\/gyemantekszer.com\/en\/product\/orotech-black-matt-gyemant-karkoto-07\/","title":{"rendered":"Orotech Black Matt gy\u00e9m\u00e1nt kark\u00f6t\u0151 07"},"content":{"rendered":"","protected":false},"excerpt":{"rendered":"<p>Ezt a k\u00fcl\u00f6nleges technik\u00e1val k\u00e9sz\u00fclt fekete ker\u00e1mia kark\u00f6t\u0151t, roz\u00e9 aranyba foglalt gy\u00f6ny\u00f6r\u0171 fekete brili\u00e1ns csiszol\u00e1s\u00fa gy\u00e9m\u00e1ntok d\u00edsz\u00edtik.<br \/>\nAz Orotech Firenze \u00e9vek \u00f3ta tervez \u00e9kszereket innovat\u00edv anyagok felhaszn\u00e1l\u00e1s\u00e1val, mint p\u00e9ld\u00e1ul a fekete ker\u00e1mia (edzett porcel\u00e1n).<\/p>\n","protected":false},"featured_media":243576,"comment_status":"open","ping_status":"open","template":"","meta":{"_acf_changed":false},"product_brand":[],"product_cat":[1361],"product_tag":[1943,1377,1950,1378,1385,1383],"class_list":{"0":"post-249341","1":"product","2":"type-product","3":"status-publish","4":"has-post-thumbnail","6":"product_cat-exclusive-bracelets","7":"product_tag-18-arany","8":"product_tag-black-diamond","9":"product_tag-keramia","10":"product_tag-men","11":"product_tag-rose-gold","12":"product_tag-sizeable","13":"pa_kollekcio-exkluziv-ekszerek","14":"pa_marka-royal-diamonds-by-alexandra-ronai","15":"pa_meret-17-19-cm-hosszu","16":"pa_otvozet-finomsaga-143","17":"pa_suly-08-gr","18":"pa_zarak-csuszo-zar","20":"first","21":"onrequest","22":"taxable","23":"shipping-taxable","24":"product-type-simple"},"acf":[],"_links":{"self":[{"href":"https:\/\/gyemantekszer.com\/en\/wp-json\/wp\/v2\/product\/249341","targetHints":{"allow":["GET"]}}],"collection":[{"href":"https:\/\/gyemantekszer.com\/en\/wp-json\/wp\/v2\/product"}],"about":[{"href":"https:\/\/gyemantekszer.com\/en\/wp-json\/wp\/v2\/types\/product"}],"replies":[{"embeddable":true,"href":"https:\/\/gyemantekszer.com\/en\/wp-json\/wp\/v2\/comments?post=249341"}],"wp:featuredmedia":[{"embeddable":true,"href":"https:\/\/gyemantekszer.com\/en\/wp-json\/wp\/v2\/media\/243576"}],"wp:attachment":[{"href":"https:\/\/gyemantekszer.com\/en\/wp-json\/wp\/v2\/media?parent=249341"}],"wp:term":[{"taxonomy":"product_brand","embeddable":true,"href":"https:\/\/gyemantekszer.com\/en\/wp-json\/wp\/v2\/product_brand?post=249341"},{"taxonomy":"product_cat","embeddable":true,"href":"https:\/\/gyemantekszer.com\/en\/wp-json\/wp\/v2\/product_cat?post=249341"},{"taxonomy":"product_tag","embeddable":true,"href":"https:\/\/gyemantekszer.com\/en\/wp-json\/wp\/v2\/product_tag?post=249341"}],"curies":[{"name":"wp","href":"https:\/\/api.w.org\/{rel}","templated":true}]}}