{"id":249334,"date":"2023-12-12T12:08:06","date_gmt":"2023-12-12T11:08:06","guid":{"rendered":"https:\/\/gyemantekszer.com\/termek\/royal-bloom-m-gyemant-karkoto\/"},"modified":"2025-09-29T13:04:54","modified_gmt":"2025-09-29T11:04:54","slug":"royal-bloom-m-gyemant-karkoto","status":"publish","type":"product","link":"https:\/\/gyemantekszer.com\/en\/termek\/royal-bloom-m-gyemant-karkoto\/","title":{"rendered":"ROYAL &#8211; Bloom M gy\u00e9m\u00e1nt kark\u00f6t\u0151"},"content":{"rendered":"","protected":false},"excerpt":{"rendered":"<p>Finom feh\u00e9rarany karperec egy hatalmas k\u00e9k Top\u00e1z dr\u00e1gak\u0151vel, melynek az egyik karm\u00e1ba csillog\u00f3 feh\u00e9r gy\u00e9m\u00e1ntot foglaltak. Egy igaz\u00e1n eleg\u00e1ns \u00e9kszer. A top\u00e1z sz\u00edne v\u00e1ltozatos. Legjellemz\u0151bb \u00e9s legelterjedtebb sz\u00edn a s\u00e1rga, de gyakoriak a v\u00edztiszta \u00e9s k\u00e9ksz\u00edn\u0171, ritk\u00e1bbak a r\u00f3zsasz\u00edn\u0171 krist\u00e1lyok.<\/p>\n","protected":false},"featured_media":243546,"comment_status":"open","ping_status":"open","template":"","meta":{"_acf_changed":false},"product_brand":[],"product_cat":[1921],"product_tag":[1943,133,138,1931,1310,1305],"class_list":{"0":"post-249334","1":"product","2":"type-product","3":"status-publish","4":"has-post-thumbnail","6":"product_cat-karkoto","7":"product_tag-18-arany","8":"product_tag-noi","9":"product_tag-ekszer-szett","10":"product_tag-topaz","11":"product_tag-feher-gyemant","12":"product_tag-feher-arany","13":"pa_kollekcio-exkluziv-ekszerek","14":"pa_marka-royal-diamonds-by-alexandra-ronai","15":"pa_meret-19-cm-2","16":"pa_otvozet-finomsaga-143","17":"pa_suly-86-gr-2","18":"pa_zarak-zar-nelkuli","20":"first","21":"instock","22":"taxable","23":"shipping-taxable","24":"purchasable","25":"product-type-simple"},"acf":[],"_links":{"self":[{"href":"https:\/\/gyemantekszer.com\/en\/wp-json\/wp\/v2\/product\/249334","targetHints":{"allow":["GET"]}}],"collection":[{"href":"https:\/\/gyemantekszer.com\/en\/wp-json\/wp\/v2\/product"}],"about":[{"href":"https:\/\/gyemantekszer.com\/en\/wp-json\/wp\/v2\/types\/product"}],"replies":[{"embeddable":true,"href":"https:\/\/gyemantekszer.com\/en\/wp-json\/wp\/v2\/comments?post=249334"}],"wp:featuredmedia":[{"embeddable":true,"href":"https:\/\/gyemantekszer.com\/en\/wp-json\/wp\/v2\/media\/243546"}],"wp:attachment":[{"href":"https:\/\/gyemantekszer.com\/en\/wp-json\/wp\/v2\/media?parent=249334"}],"wp:term":[{"taxonomy":"product_brand","embeddable":true,"href":"https:\/\/gyemantekszer.com\/en\/wp-json\/wp\/v2\/product_brand?post=249334"},{"taxonomy":"product_cat","embeddable":true,"href":"https:\/\/gyemantekszer.com\/en\/wp-json\/wp\/v2\/product_cat?post=249334"},{"taxonomy":"product_tag","embeddable":true,"href":"https:\/\/gyemantekszer.com\/en\/wp-json\/wp\/v2\/product_tag?post=249334"}],"curies":[{"name":"wp","href":"https:\/\/api.w.org\/{rel}","templated":true}]}}