{"id":249332,"date":"2023-12-11T14:21:11","date_gmt":"2023-12-11T13:21:11","guid":{"rendered":"https:\/\/gyemantekszer.com\/termek\/orotech-black-rose-fekete-porcelan-ferfi-gyemant-karikagyuru\/"},"modified":"2025-09-29T13:04:53","modified_gmt":"2025-09-29T11:04:53","slug":"orotech-black-rose-fekete-porcelan-ferfi-gyemant-karikagyuru","status":"publish","type":"product","link":"https:\/\/gyemantekszer.com\/en\/termek\/orotech-black-rose-fekete-porcelan-ferfi-gyemant-karikagyuru\/","title":{"rendered":"Orotech Black Ros\u00e9 fekete porcel\u00e1n f\u00e9rfi gy\u00e9m\u00e1nt karikagy\u0171r\u0171"},"content":{"rendered":"","protected":false},"excerpt":{"rendered":"<p><span data-sheets-root=\"1\" data-sheets-value=\"{&quot;1&quot;:2,&quot;2&quot;:&quot;F\u00e9rfias, eleg\u00e1ns fekete porcel\u00e1n karikagy\u0171r\u0171 roz\u00e9 arannyal \u00e9s egy k\u00fcl\u00f6nleges fekete gy\u00e9m\u00e1nttal&quot;}\" data-sheets-userformat=\"{&quot;2&quot;:14851,&quot;3&quot;:{&quot;1&quot;:0},&quot;4&quot;:{&quot;1&quot;:2,&quot;2&quot;:16777215},&quot;12&quot;:0,&quot;14&quot;:{&quot;1&quot;:2,&quot;2&quot;:0},&quot;15&quot;:&quot;Calibri&quot;,&quot;16&quot;:11}\">F\u00e9rfias, eleg\u00e1ns fekete porcel\u00e1n karikagy\u0171r\u0171 roz\u00e9 arannyal \u00e9s egy k\u00fcl\u00f6nleges fekete gy\u00e9m\u00e1nttal<\/span><\/p>\n<p>&nbsp;<\/p>\n","protected":false},"featured_media":243537,"comment_status":"open","ping_status":"open","template":"","meta":{"_acf_changed":false},"product_brand":[],"product_cat":[1919],"product_tag":[1311,134,1949,1306],"class_list":{"0":"post-249332","1":"product","2":"type-product","3":"status-publish","4":"has-post-thumbnail","6":"product_cat-karikagyuru","7":"product_tag-fekete-gyemant","8":"product_tag-ferfi","9":"product_tag-porcelan","10":"product_tag-roze-arany","11":"pa_kollekcio-exkluziv-ekszerek","12":"pa_marka-royal-diamonds-by-alexandra-ronai","13":"pa_meret-312","14":"pa_otvozet-finomsaga-143","15":"pa_suly-12-gr","17":"first","18":"onrequest","19":"taxable","20":"shipping-taxable","21":"product-type-simple"},"acf":[],"_links":{"self":[{"href":"https:\/\/gyemantekszer.com\/en\/wp-json\/wp\/v2\/product\/249332","targetHints":{"allow":["GET"]}}],"collection":[{"href":"https:\/\/gyemantekszer.com\/en\/wp-json\/wp\/v2\/product"}],"about":[{"href":"https:\/\/gyemantekszer.com\/en\/wp-json\/wp\/v2\/types\/product"}],"replies":[{"embeddable":true,"href":"https:\/\/gyemantekszer.com\/en\/wp-json\/wp\/v2\/comments?post=249332"}],"wp:featuredmedia":[{"embeddable":true,"href":"https:\/\/gyemantekszer.com\/en\/wp-json\/wp\/v2\/media\/243537"}],"wp:attachment":[{"href":"https:\/\/gyemantekszer.com\/en\/wp-json\/wp\/v2\/media?parent=249332"}],"wp:term":[{"taxonomy":"product_brand","embeddable":true,"href":"https:\/\/gyemantekszer.com\/en\/wp-json\/wp\/v2\/product_brand?post=249332"},{"taxonomy":"product_cat","embeddable":true,"href":"https:\/\/gyemantekszer.com\/en\/wp-json\/wp\/v2\/product_cat?post=249332"},{"taxonomy":"product_tag","embeddable":true,"href":"https:\/\/gyemantekszer.com\/en\/wp-json\/wp\/v2\/product_tag?post=249332"}],"curies":[{"name":"wp","href":"https:\/\/api.w.org\/{rel}","templated":true}]}}