{"id":249315,"date":"2023-12-08T09:50:17","date_gmt":"2023-12-08T08:50:17","guid":{"rendered":"https:\/\/gyemantekszer.com\/termek\/royal-aquarius-zafir-gyemant-nyakek\/"},"modified":"2025-09-29T13:04:41","modified_gmt":"2025-09-29T11:04:41","slug":"royal-aquarius-zafir-gyemant-nyakek","status":"publish","type":"product","link":"https:\/\/gyemantekszer.com\/en\/product\/royal-aquarius-zafir-gyemant-nyakek\/","title":{"rendered":"ROYAL &#8211; Aquarius zaf\u00edr gy\u00e9m\u00e1nt nyak\u00e9k"},"content":{"rendered":"","protected":false},"excerpt":{"rendered":"<p>Ez az exkl\u00faz\u00edv zaf\u00edr gy\u00e9m\u00e1nt nyak\u00e9k egy igaz\u00e1n eleg\u00e1ns \u00e9s k\u00fcl\u00f6nleges darab. A med\u00e1l r\u00e9sz gy\u00f6ny\u00f6r\u0171 k\u00e9k zaf\u00edrokkal van kirakva, amely feh\u00e9raranyba foglalva k\u00e1pr\u00e1zatos \u00f6sszhat\u00e1st kelt. A m\u00e9lyk\u00e9k zaf\u00edr minden k\u00f6r\u00fclm\u00e9nyek k\u00f6z\u00f6tt t\u00f6k\u00e9letes eleganci\u00e1t biztos\u00edt, mely vonz\u00e1s\u00e1nak ellen\u00e1llni lehetetlen.<\/p>\n<p>A zaf\u00edr m\u00e9lyk\u00e9k, szikr\u00e1z\u00f3 \u00e1rnyalat\u00e1t m\u00e1r az \u00f3kor \u00f3ta nagy becsben tartj\u00e1k. Napjainkban a dr\u00e1gak\u0151 n\u00e9pszer\u0171s\u00e9ge a gy\u00e9m\u00e1nt ut\u00e1n a m\u00e1sodik helyen \u00e1ll.<\/p>\n","protected":false},"featured_media":243462,"comment_status":"open","ping_status":"open","template":"","meta":{"_acf_changed":false},"product_brand":[],"product_cat":[1922,1923],"product_tag":[1384,1390,1376,1375,1928],"class_list":{"0":"post-249315","1":"product","2":"type-product","3":"status-publish","4":"has-post-thumbnail","6":"product_cat-medal","7":"product_cat-nyakek","8":"product_tag-for-ladies","9":"product_tag-jewel-setts","10":"product_tag-white-diamond","11":"product_tag-white-gold","12":"product_tag-zafir","13":"pa_kollekcio-exkluziv-ekszerek","14":"pa_marka-royal-diamonds-by-alexandra-ronai","15":"pa_otvozet-finomsaga-143","16":"pa_zarak-karabiner-zar","18":"first","19":"onrequest","20":"taxable","21":"shipping-taxable","22":"product-type-simple"},"acf":[],"_links":{"self":[{"href":"https:\/\/gyemantekszer.com\/en\/wp-json\/wp\/v2\/product\/249315","targetHints":{"allow":["GET"]}}],"collection":[{"href":"https:\/\/gyemantekszer.com\/en\/wp-json\/wp\/v2\/product"}],"about":[{"href":"https:\/\/gyemantekszer.com\/en\/wp-json\/wp\/v2\/types\/product"}],"replies":[{"embeddable":true,"href":"https:\/\/gyemantekszer.com\/en\/wp-json\/wp\/v2\/comments?post=249315"}],"wp:featuredmedia":[{"embeddable":true,"href":"https:\/\/gyemantekszer.com\/en\/wp-json\/wp\/v2\/media\/243462"}],"wp:attachment":[{"href":"https:\/\/gyemantekszer.com\/en\/wp-json\/wp\/v2\/media?parent=249315"}],"wp:term":[{"taxonomy":"product_brand","embeddable":true,"href":"https:\/\/gyemantekszer.com\/en\/wp-json\/wp\/v2\/product_brand?post=249315"},{"taxonomy":"product_cat","embeddable":true,"href":"https:\/\/gyemantekszer.com\/en\/wp-json\/wp\/v2\/product_cat?post=249315"},{"taxonomy":"product_tag","embeddable":true,"href":"https:\/\/gyemantekszer.com\/en\/wp-json\/wp\/v2\/product_tag?post=249315"}],"curies":[{"name":"wp","href":"https:\/\/api.w.org\/{rel}","templated":true}]}}