{"id":249306,"date":"2023-12-07T18:56:01","date_gmt":"2023-12-07T17:56:01","guid":{"rendered":"https:\/\/gyemantekszer.com\/termek\/lenti-villasco-ancona-gyemant-gyuru\/"},"modified":"2025-09-29T13:04:38","modified_gmt":"2025-09-29T11:04:38","slug":"lenti-villasco-ancona-gyemant-gyuru","status":"publish","type":"product","link":"https:\/\/gyemantekszer.com\/en\/termek\/lenti-villasco-ancona-gyemant-gyuru\/","title":{"rendered":"LENTI &#038; VILLASCO \u2013 Ancona gy\u00e9m\u00e1nt gy\u0171r\u0171"},"content":{"rendered":"","protected":false},"excerpt":{"rendered":"<p>Ez az exkl\u00faz\u00edv gy\u00e9m\u00e1nt gy\u0171r\u0171 ugyancsak egy k\u00fcl\u00f6nleges egyedi tervez\u00e9s a LENTI &amp; VILLASCO-t\u00f3l. A feh\u00e9r aranyb\u00f3l k\u00e9sz\u00fclt \u00e9kszeren gy\u00f6ny\u00f6r\u0171 vir\u00e1g mot\u00edvumok vannak, amelyet csillog\u00f3 gy\u00e9m\u00e1ntok d\u00edsztenek, modern brili\u00e1ns csiszol\u00e1ssal. Eljegyz\u00e9si gy\u0171r\u0171nek, vagy ak\u00e1r \u00e9vfordul\u00f3s gy\u0171r\u0171nek is t\u00f6k\u00e9letes v\u00e1laszt\u00e1s, de b\u00e1rmilyen k\u00fcl\u00f6nleges esem\u00e9nyre. Az \u00e9kszer szettben is megv\u00e1s\u00e1rolhat\u00f3 a hozz\u00e1tartoz\u00f3 LENTI &amp; VILLASCO \u2013 (6192) Ancona Gy\u00e9m\u00e1nt F\u00fclbeval\u00f3val \u00e9s (6186) LENTI &amp; VILLASCO \u2013 Ancona W Gy\u00e9m\u00e1nt Nyak\u00e9kkel egy\u00fctt.<\/p>\n<p>Az olasz Piero Lenti \u00e9s Osvaldo Villasco \u00e1ltal alap\u00edtott LENTI &amp; VILLASCO t\u00f6bb mint f\u00e9l \u00e9vsz\u00e1zada k\u00e9sz\u00edt \u00e9s gy\u00e1rt kiv\u00e1l\u00f3 min\u0151s\u00e9g\u0171 \u00e9kszereket. Az a t\u00f6rekv\u00e9s, hogy minden apr\u00f3 r\u00e9szlet\u00e9ben kifog\u00e1stalan kivitelez\u00e9s\u0171 \u00e9kszereket tervezzen, a c\u00e9g f\u0151 k\u00fcldet\u00e9s\u00e9v\u00e9 v\u00e1lt.<\/p>\n","protected":false},"featured_media":243425,"comment_status":"open","ping_status":"open","template":"","meta":{"_acf_changed":false},"product_brand":[],"product_cat":[1917,1919],"product_tag":[135,133,138,1310,1305],"class_list":{"0":"post-249306","1":"product","2":"type-product","3":"status-publish","4":"has-post-thumbnail","6":"product_cat-gyuru","7":"product_cat-karikagyuru","8":"product_tag-eljegyzes","9":"product_tag-noi","10":"product_tag-ekszer-szett","11":"product_tag-feher-gyemant","12":"product_tag-feher-arany","13":"pa_kollekcio-exkluziv-ekszerek","14":"pa_marka-lenti-villasco","15":"pa_meret-156","16":"pa_otvozet-finomsaga-143","17":"pa_suly-41-gr","19":"first","20":"instock","21":"taxable","22":"shipping-taxable","23":"purchasable","24":"product-type-simple"},"acf":[],"_links":{"self":[{"href":"https:\/\/gyemantekszer.com\/en\/wp-json\/wp\/v2\/product\/249306","targetHints":{"allow":["GET"]}}],"collection":[{"href":"https:\/\/gyemantekszer.com\/en\/wp-json\/wp\/v2\/product"}],"about":[{"href":"https:\/\/gyemantekszer.com\/en\/wp-json\/wp\/v2\/types\/product"}],"replies":[{"embeddable":true,"href":"https:\/\/gyemantekszer.com\/en\/wp-json\/wp\/v2\/comments?post=249306"}],"wp:featuredmedia":[{"embeddable":true,"href":"https:\/\/gyemantekszer.com\/en\/wp-json\/wp\/v2\/media\/243425"}],"wp:attachment":[{"href":"https:\/\/gyemantekszer.com\/en\/wp-json\/wp\/v2\/media?parent=249306"}],"wp:term":[{"taxonomy":"product_brand","embeddable":true,"href":"https:\/\/gyemantekszer.com\/en\/wp-json\/wp\/v2\/product_brand?post=249306"},{"taxonomy":"product_cat","embeddable":true,"href":"https:\/\/gyemantekszer.com\/en\/wp-json\/wp\/v2\/product_cat?post=249306"},{"taxonomy":"product_tag","embeddable":true,"href":"https:\/\/gyemantekszer.com\/en\/wp-json\/wp\/v2\/product_tag?post=249306"}],"curies":[{"name":"wp","href":"https:\/\/api.w.org\/{rel}","templated":true}]}}