{"id":249303,"date":"2023-12-06T21:10:36","date_gmt":"2023-12-06T20:10:36","guid":{"rendered":"https:\/\/gyemantekszer.com\/termek\/lenti-villasco-fiore-gyemant-fulbevalo-2\/"},"modified":"2025-09-29T13:04:37","modified_gmt":"2025-09-29T11:04:37","slug":"lenti-villasco-fiore-gyemant-fulbevalo-2","status":"publish","type":"product","link":"https:\/\/gyemantekszer.com\/en\/termek\/lenti-villasco-fiore-gyemant-fulbevalo-2\/","title":{"rendered":"LENTI &#038; VILLASCO \u2013 Fiore Gy\u00e9m\u00e1nt F\u00fclbeval\u00f3"},"content":{"rendered":"","protected":false},"excerpt":{"rendered":"<p>Ez az exkl\u00faz\u00edv gy\u00e9m\u00e1nt f\u00fclbeval\u00f3 ugyancsak egy k\u00fcl\u00f6nleges egyedi tervez\u00e9s a LENTI &amp; VILLASCO-t\u00f3l. A roz\u00e9 aranyb\u00f3l k\u00e9sz\u00fclt \u00e9kszeren gy\u00f6ny\u00f6r\u0171 vir\u00e1g mot\u00edvum van, amelyet csillog\u00f3 gy\u00e9m\u00e1ntok d\u00edsztenek. B\u00e1rmilyen k\u00fcl\u00f6nleges esem\u00e9nyre aj\u00e1nljuk.<\/p>\n<p>Az olasz Piero Lenti \u00e9s Osvaldo Villasco \u00e1ltal alap\u00edtott LENTI &amp; VILLASCO t\u00f6bb mint f\u00e9l \u00e9vsz\u00e1zada k\u00e9sz\u00edt \u00e9s gy\u00e1rt kiv\u00e1l\u00f3 min\u0151s\u00e9g\u0171 \u00e9kszereket. Az a t\u00f6rekv\u00e9s, hogy minden apr\u00f3 r\u00e9szlet\u00e9ben kifog\u00e1stalan kivitelez\u00e9s\u0171 \u00e9kszereket tervezzen, a c\u00e9g f\u0151 k\u00fcldet\u00e9s\u00e9v\u00e9 v\u00e1lt.<\/p>\n","protected":false},"featured_media":243410,"comment_status":"open","ping_status":"open","template":"","meta":{"_acf_changed":false},"product_brand":[],"product_cat":[1357],"product_tag":[1384,1390,1385,1376],"class_list":{"0":"post-249303","1":"product","2":"type-product","3":"status-publish","4":"has-post-thumbnail","6":"product_cat-exclusive-earrings","7":"product_tag-for-ladies","8":"product_tag-jewel-setts","9":"product_tag-rose-gold","10":"product_tag-white-diamond","11":"pa_kollekcio-exkluziv-ekszerek","12":"pa_marka-lenti-villasco","13":"pa_otvozet-finomsaga-143","14":"pa_suly-32-gr","15":"pa_zarak-stekkeres-atszuros-zar","17":"first","18":"onrequest","19":"taxable","20":"shipping-taxable","21":"product-type-simple"},"acf":[],"_links":{"self":[{"href":"https:\/\/gyemantekszer.com\/en\/wp-json\/wp\/v2\/product\/249303","targetHints":{"allow":["GET"]}}],"collection":[{"href":"https:\/\/gyemantekszer.com\/en\/wp-json\/wp\/v2\/product"}],"about":[{"href":"https:\/\/gyemantekszer.com\/en\/wp-json\/wp\/v2\/types\/product"}],"replies":[{"embeddable":true,"href":"https:\/\/gyemantekszer.com\/en\/wp-json\/wp\/v2\/comments?post=249303"}],"wp:featuredmedia":[{"embeddable":true,"href":"https:\/\/gyemantekszer.com\/en\/wp-json\/wp\/v2\/media\/243410"}],"wp:attachment":[{"href":"https:\/\/gyemantekszer.com\/en\/wp-json\/wp\/v2\/media?parent=249303"}],"wp:term":[{"taxonomy":"product_brand","embeddable":true,"href":"https:\/\/gyemantekszer.com\/en\/wp-json\/wp\/v2\/product_brand?post=249303"},{"taxonomy":"product_cat","embeddable":true,"href":"https:\/\/gyemantekszer.com\/en\/wp-json\/wp\/v2\/product_cat?post=249303"},{"taxonomy":"product_tag","embeddable":true,"href":"https:\/\/gyemantekszer.com\/en\/wp-json\/wp\/v2\/product_tag?post=249303"}],"curies":[{"name":"wp","href":"https:\/\/api.w.org\/{rel}","templated":true}]}}