{"id":249291,"date":"2023-12-04T20:31:29","date_gmt":"2023-12-04T19:31:29","guid":{"rendered":"https:\/\/gyemantekszer.com\/termek\/royal-sunlight-gyemant-fulbevalo\/"},"modified":"2025-09-29T13:04:25","modified_gmt":"2025-09-29T11:04:25","slug":"royal-sunlight-gyemant-fulbevalo","status":"publish","type":"product","link":"https:\/\/gyemantekszer.com\/en\/termek\/royal-sunlight-gyemant-fulbevalo\/","title":{"rendered":"ROYAL &#8211; Sunlight gy\u00e9m\u00e1nt f\u00fclbeval\u00f3"},"content":{"rendered":"","protected":false},"excerpt":{"rendered":"<p>Ez a gy\u00f6ny\u00f6r\u0171 exkl\u00faz\u00edv gy\u00e9m\u00e1nt f\u00fclbeval\u00f3 igazi luxust \u00e9s eleganci\u00e1t t\u00fckr\u00f6z visel\u0151j\u00e9r\u0151l. A kerek med\u00e1l tele van csillog\u00f3 brillekkel, amelyek m\u00e9g k\u00fcl\u00f6nlegesebb\u00e9 teszik. Az \u00e9kszer szettben is megv\u00e1s\u00e1rolhat\u00f3 a hozz\u00e1 tartoz\u00f3 ROYAL &#8211; Sunlight gy\u00e9m\u00e1nt nyak\u00e9kkel egy\u00fctt.<\/p>\n","protected":false},"featured_media":243351,"comment_status":"open","ping_status":"open","template":"","meta":{"_acf_changed":false},"product_brand":[],"product_cat":[1918],"product_tag":[133,138,1310,1305],"class_list":{"0":"post-249291","1":"product","2":"type-product","3":"status-publish","4":"has-post-thumbnail","6":"product_cat-fulbevalo","7":"product_tag-noi","8":"product_tag-ekszer-szett","9":"product_tag-feher-gyemant","10":"product_tag-feher-arany","11":"pa_kollekcio-exkluziv-ekszerek","12":"pa_marka-royal-diamonds-by-alexandra-ronai","13":"pa_otvozet-finomsaga-143","14":"pa_suly-70-gr","15":"pa_zarak-francia-zar","17":"first","18":"instock","19":"taxable","20":"shipping-taxable","21":"purchasable","22":"product-type-simple"},"acf":[],"_links":{"self":[{"href":"https:\/\/gyemantekszer.com\/en\/wp-json\/wp\/v2\/product\/249291","targetHints":{"allow":["GET"]}}],"collection":[{"href":"https:\/\/gyemantekszer.com\/en\/wp-json\/wp\/v2\/product"}],"about":[{"href":"https:\/\/gyemantekszer.com\/en\/wp-json\/wp\/v2\/types\/product"}],"replies":[{"embeddable":true,"href":"https:\/\/gyemantekszer.com\/en\/wp-json\/wp\/v2\/comments?post=249291"}],"wp:featuredmedia":[{"embeddable":true,"href":"https:\/\/gyemantekszer.com\/en\/wp-json\/wp\/v2\/media\/243351"}],"wp:attachment":[{"href":"https:\/\/gyemantekszer.com\/en\/wp-json\/wp\/v2\/media?parent=249291"}],"wp:term":[{"taxonomy":"product_brand","embeddable":true,"href":"https:\/\/gyemantekszer.com\/en\/wp-json\/wp\/v2\/product_brand?post=249291"},{"taxonomy":"product_cat","embeddable":true,"href":"https:\/\/gyemantekszer.com\/en\/wp-json\/wp\/v2\/product_cat?post=249291"},{"taxonomy":"product_tag","embeddable":true,"href":"https:\/\/gyemantekszer.com\/en\/wp-json\/wp\/v2\/product_tag?post=249291"}],"curies":[{"name":"wp","href":"https:\/\/api.w.org\/{rel}","templated":true}]}}