{"id":249286,"date":"2023-12-01T16:10:45","date_gmt":"2023-12-01T15:10:45","guid":{"rendered":"https:\/\/gyemantekszer.com\/termek\/royal-fabiana-s-gyemant-fulbevalo\/"},"modified":"2025-10-13T16:09:52","modified_gmt":"2025-10-13T14:09:52","slug":"royal-fabiana-s-gyemant-fulbevalo","status":"publish","type":"product","link":"https:\/\/gyemantekszer.com\/en\/termek\/royal-fabiana-s-gyemant-fulbevalo\/","title":{"rendered":"ROYAL &#8211; Rodhina &#8216;S&#8217; gy\u00e9m\u00e1nt f\u00fclbeval\u00f3"},"content":{"rendered":"","protected":false},"excerpt":{"rendered":"<p><span data-sheets-root=\"1\" data-sheets-value=\"{&quot;1&quot;:2,&quot;2&quot;:&quot;Gy\u00f6ny\u00f6r\u0171 klasszikus fazon\u00fa s\u00e1rga arany f\u00fclbeval\u00f3, melyen 1 - 1 nagy gy\u00e9m\u00e1nt tal\u00e1lhat\u00f3, k\u00f6r\u00fcl\u00f6tte t\u00f6bb kisebb, melyek mint vir\u00e1gszirmok \u00f6lelik \u0151t k\u00f6rbe. Ez egy csod\u00e1san szikr\u00e1z\u00f3 f\u00fclbevall\u00f3 melyet b\u00e1rmely korozt\u00e1ly sz\u00e1m\u00e1ra b\u00e1tran aj\u00e1nlunk.&quot;}\" data-sheets-userformat=\"{&quot;2&quot;:14851,&quot;3&quot;:{&quot;1&quot;:0},&quot;4&quot;:{&quot;1&quot;:2,&quot;2&quot;:16777215},&quot;12&quot;:0,&quot;14&quot;:{&quot;1&quot;:2,&quot;2&quot;:0},&quot;15&quot;:&quot;Calibri&quot;,&quot;16&quot;:11}\">Gy\u00f6ny\u00f6r\u0171 klasszikus fazon\u00fa s\u00e1rga arany f\u00fclbeval\u00f3, melyen egy-egy nagy gy\u00e9m\u00e1nt tal\u00e1lhat\u00f3, k\u00f6r\u00fcl\u00f6tte t\u00f6bb kisebb, melyek mint vir\u00e1gszirmok \u00f6lelik k\u00f6rbe. Ez egy csod\u00e1san szikr\u00e1z\u00f3 f\u00fclbeval\u00f3 melyet b\u00e1rmely koroszt\u00e1ly sz\u00e1m\u00e1ra b\u00e1tran aj\u00e1nlunk.<\/span><\/p>\n<p>&nbsp;<\/p>\n","protected":false},"featured_media":243329,"comment_status":"open","ping_status":"closed","template":"","meta":{"_acf_changed":false},"product_brand":[],"product_cat":[1918],"product_tag":[133,1310,1307],"class_list":{"0":"post-249286","1":"product","2":"type-product","3":"status-publish","4":"has-post-thumbnail","6":"product_cat-fulbevalo","7":"product_tag-noi","8":"product_tag-feher-gyemant","9":"product_tag-sarga-arany","10":"pa_kollekcio-exkluziv-ekszerek","11":"pa_marka-royal-diamonds-by-alexandra-ronai","12":"pa_otvozet-finomsaga-143","13":"pa_suly-23-gr","14":"pa_zarak-stekkeres-atszuros-zar","16":"first","17":"instock","18":"taxable","19":"shipping-taxable","20":"purchasable","21":"product-type-simple"},"acf":[],"_links":{"self":[{"href":"https:\/\/gyemantekszer.com\/en\/wp-json\/wp\/v2\/product\/249286","targetHints":{"allow":["GET"]}}],"collection":[{"href":"https:\/\/gyemantekszer.com\/en\/wp-json\/wp\/v2\/product"}],"about":[{"href":"https:\/\/gyemantekszer.com\/en\/wp-json\/wp\/v2\/types\/product"}],"replies":[{"embeddable":true,"href":"https:\/\/gyemantekszer.com\/en\/wp-json\/wp\/v2\/comments?post=249286"}],"wp:featuredmedia":[{"embeddable":true,"href":"https:\/\/gyemantekszer.com\/en\/wp-json\/wp\/v2\/media\/243329"}],"wp:attachment":[{"href":"https:\/\/gyemantekszer.com\/en\/wp-json\/wp\/v2\/media?parent=249286"}],"wp:term":[{"taxonomy":"product_brand","embeddable":true,"href":"https:\/\/gyemantekszer.com\/en\/wp-json\/wp\/v2\/product_brand?post=249286"},{"taxonomy":"product_cat","embeddable":true,"href":"https:\/\/gyemantekszer.com\/en\/wp-json\/wp\/v2\/product_cat?post=249286"},{"taxonomy":"product_tag","embeddable":true,"href":"https:\/\/gyemantekszer.com\/en\/wp-json\/wp\/v2\/product_tag?post=249286"}],"curies":[{"name":"wp","href":"https:\/\/api.w.org\/{rel}","templated":true}]}}