{"id":249277,"date":"2023-11-30T10:49:40","date_gmt":"2023-11-30T09:49:40","guid":{"rendered":"https:\/\/gyemantekszer.com\/termek\/royal-goccio-gyemant-fulbevalo\/"},"modified":"2025-09-29T13:04:13","modified_gmt":"2025-09-29T11:04:13","slug":"royal-goccio-gyemant-fulbevalo","status":"publish","type":"product","link":"https:\/\/gyemantekszer.com\/en\/termek\/royal-goccio-gyemant-fulbevalo\/","title":{"rendered":"ROYAL &#8211; Goccio gy\u00e9m\u00e1nt f\u00fclbeval\u00f3"},"content":{"rendered":"","protected":false},"excerpt":{"rendered":"<p>Ez a gy\u00f6ny\u00f6r\u0171 egyedi tervez\u00e9s\u0171 k\u00e9k top\u00e1zos gy\u00e9m\u00e1nt f\u00fclbeval\u00f3 egy igaz\u00e1n exkl\u00faz\u00edv, luxus \u00e9kszer, k\u00e9t k\u00fcl\u00f6nb\u00f6z\u0151 sz\u00edn\u0171 k\u0151vel. A dr\u00e1gak\u00f6veket csillog\u00f3 brillek teszik m\u00e9g var\u00e1zslatosabb\u00e1, amelyek kiv\u00e9teles precizit\u00e1ssal k\u00e9sz\u00fcltek \u00e9s igazi mestermunk\u00e1r\u00f3l tan\u00faskodnak.<\/p>\n","protected":false},"featured_media":243288,"comment_status":"open","ping_status":"open","template":"","meta":{"_acf_changed":false},"product_brand":[],"product_cat":[1918],"product_tag":[133,1931,1310,1305],"class_list":{"0":"post-249277","1":"product","2":"type-product","3":"status-publish","4":"has-post-thumbnail","6":"product_cat-fulbevalo","7":"product_tag-noi","8":"product_tag-topaz","9":"product_tag-feher-gyemant","10":"product_tag-feher-arany","11":"pa_kollekcio-exkluziv-ekszerek","12":"pa_marka-royal-diamonds-by-alexandra-ronai","13":"pa_otvozet-finomsaga-143","14":"pa_suly-97-gr","15":"pa_zarak-stekkeres-atszuros-zar","17":"first","18":"instock","19":"taxable","20":"shipping-taxable","21":"purchasable","22":"product-type-simple"},"acf":[],"_links":{"self":[{"href":"https:\/\/gyemantekszer.com\/en\/wp-json\/wp\/v2\/product\/249277","targetHints":{"allow":["GET"]}}],"collection":[{"href":"https:\/\/gyemantekszer.com\/en\/wp-json\/wp\/v2\/product"}],"about":[{"href":"https:\/\/gyemantekszer.com\/en\/wp-json\/wp\/v2\/types\/product"}],"replies":[{"embeddable":true,"href":"https:\/\/gyemantekszer.com\/en\/wp-json\/wp\/v2\/comments?post=249277"}],"wp:featuredmedia":[{"embeddable":true,"href":"https:\/\/gyemantekszer.com\/en\/wp-json\/wp\/v2\/media\/243288"}],"wp:attachment":[{"href":"https:\/\/gyemantekszer.com\/en\/wp-json\/wp\/v2\/media?parent=249277"}],"wp:term":[{"taxonomy":"product_brand","embeddable":true,"href":"https:\/\/gyemantekszer.com\/en\/wp-json\/wp\/v2\/product_brand?post=249277"},{"taxonomy":"product_cat","embeddable":true,"href":"https:\/\/gyemantekszer.com\/en\/wp-json\/wp\/v2\/product_cat?post=249277"},{"taxonomy":"product_tag","embeddable":true,"href":"https:\/\/gyemantekszer.com\/en\/wp-json\/wp\/v2\/product_tag?post=249277"}],"curies":[{"name":"wp","href":"https:\/\/api.w.org\/{rel}","templated":true}]}}