{"id":249269,"date":"2023-11-28T09:08:37","date_gmt":"2023-11-28T08:08:37","guid":{"rendered":"https:\/\/gyemantekszer.com\/termek\/royal-viola-gyemant-fulbevalo\/"},"modified":"2025-09-29T13:04:09","modified_gmt":"2025-09-29T11:04:09","slug":"royal-viola-gyemant-fulbevalo","status":"publish","type":"product","link":"https:\/\/gyemantekszer.com\/en\/termek\/royal-viola-gyemant-fulbevalo\/","title":{"rendered":"ROYAL \u2013 Viola gy\u00e9m\u00e1nt f\u00fclbeval\u00f3"},"content":{"rendered":"","protected":false},"excerpt":{"rendered":"<p>Ez az exkl\u00faz\u00edv gy\u00e9m\u00e1nt f\u00fclbeval\u00f3 egy igaz\u00e1n eleg\u00e1ns viselet. A gy\u00f6ny\u00f6r\u0171 tanzanit med\u00e1l sz\u00e9ps\u00e9g\u00e9t m\u00e9g jobban kiemelik a k\u00f6r\u00fclvev\u0151 gy\u00e9m\u00e1ntok. Az \u00e9kszer szettben is megv\u00e1s\u00e1rolhat\u00f3, a hozz\u00e1tartoz\u00f3 ROYAL \u2013 Viola gy\u00e9m\u00e1nt nyak\u00e9k egy\u00fctt. A tanzanit dr\u00e1gak\u0151 m\u00e9lyk\u00e9k sz\u00edne t\u00f6k\u00e9letes eleganci\u00e1t biztos\u00edt, mely vonz\u00e1s\u00e1nak ellen\u00e1llni lehetetlen.<\/p>\n","protected":false},"featured_media":243255,"comment_status":"open","ping_status":"open","template":"","meta":{"_acf_changed":false},"product_brand":[],"product_cat":[1918],"product_tag":[133,138,1948,1310,1305],"class_list":{"0":"post-249269","1":"product","2":"type-product","3":"status-publish","4":"has-post-thumbnail","6":"product_cat-fulbevalo","7":"product_tag-noi","8":"product_tag-ekszer-szett","9":"product_tag-tanzanit","10":"product_tag-feher-gyemant","11":"product_tag-feher-arany","12":"pa_kollekcio-exkluziv-ekszerek","13":"pa_marka-royal-diamonds-by-alexandra-ronai","14":"pa_otvozet-finomsaga-143","15":"pa_suly-68-gr","16":"pa_zarak-francia-zar","18":"first","19":"onrequest","20":"taxable","21":"shipping-taxable","22":"product-type-simple"},"acf":[],"_links":{"self":[{"href":"https:\/\/gyemantekszer.com\/en\/wp-json\/wp\/v2\/product\/249269","targetHints":{"allow":["GET"]}}],"collection":[{"href":"https:\/\/gyemantekszer.com\/en\/wp-json\/wp\/v2\/product"}],"about":[{"href":"https:\/\/gyemantekszer.com\/en\/wp-json\/wp\/v2\/types\/product"}],"replies":[{"embeddable":true,"href":"https:\/\/gyemantekszer.com\/en\/wp-json\/wp\/v2\/comments?post=249269"}],"wp:featuredmedia":[{"embeddable":true,"href":"https:\/\/gyemantekszer.com\/en\/wp-json\/wp\/v2\/media\/243255"}],"wp:attachment":[{"href":"https:\/\/gyemantekszer.com\/en\/wp-json\/wp\/v2\/media?parent=249269"}],"wp:term":[{"taxonomy":"product_brand","embeddable":true,"href":"https:\/\/gyemantekszer.com\/en\/wp-json\/wp\/v2\/product_brand?post=249269"},{"taxonomy":"product_cat","embeddable":true,"href":"https:\/\/gyemantekszer.com\/en\/wp-json\/wp\/v2\/product_cat?post=249269"},{"taxonomy":"product_tag","embeddable":true,"href":"https:\/\/gyemantekszer.com\/en\/wp-json\/wp\/v2\/product_tag?post=249269"}],"curies":[{"name":"wp","href":"https:\/\/api.w.org\/{rel}","templated":true}]}}