{"id":249266,"date":"2023-11-27T17:11:47","date_gmt":"2023-11-27T16:11:47","guid":{"rendered":"https:\/\/gyemantekszer.com\/termek\/royal-candy-gyemant-fulbevalo\/"},"modified":"2026-03-09T17:01:36","modified_gmt":"2026-03-09T16:01:36","slug":"royal-candy-gyemant-fulbevalo","status":"publish","type":"product","link":"https:\/\/gyemantekszer.com\/en\/termek\/royal-candy-gyemant-fulbevalo\/","title":{"rendered":"ROYAL &#8211; Amarilis gy\u00e9m\u00e1nt f\u00fclbeval\u00f3"},"content":{"rendered":"","protected":false},"excerpt":{"rendered":"<p>Egy igaz\u00e1n eleg\u00e1ns, exkl\u00faz\u00edv gy\u00e9m\u00e1nt f\u00fclbeval\u00f3, melyen k\u00e9t csod\u00e1san csillog\u00f3, brillekkel \u00e9kes\u00edtett Turmalin tal\u00e1lhat\u00f3. Ezt a gy\u00f6ny\u00f6r\u0171 f\u00fclbeval\u00f3t az egyedileg csiszolt Turmalin dr\u00e1gak\u0151 teszi p\u00e1ratlann\u00e1, melynek sz\u00e9ps\u00e9g\u00e9t a ragyog\u00f3 gy\u00e9m\u00e1ntok m\u00e9g tov\u00e1bb fokozz\u00e1k.<\/p>\n","protected":false},"featured_media":243240,"comment_status":"open","ping_status":"closed","template":"","meta":{"_acf_changed":false},"product_brand":[],"product_cat":[1918],"product_tag":[138,1942,1310,1305],"class_list":{"0":"post-249266","1":"product","2":"type-product","3":"status-publish","4":"has-post-thumbnail","6":"product_cat-fulbevalo","7":"product_tag-ekszer-szett","8":"product_tag-turmalin","9":"product_tag-feher-gyemant","10":"product_tag-feher-arany","11":"pa_kollekcio-exkluziv-ekszerek","12":"pa_marka-royal-diamonds-by-alexandra-ronai","13":"pa_otvozet-finomsaga-143","14":"pa_suly-49-gr","15":"pa_zarak-francia-zar","17":"first","18":"instock","19":"taxable","20":"shipping-taxable","21":"purchasable","22":"product-type-simple"},"acf":[],"_links":{"self":[{"href":"https:\/\/gyemantekszer.com\/en\/wp-json\/wp\/v2\/product\/249266","targetHints":{"allow":["GET"]}}],"collection":[{"href":"https:\/\/gyemantekszer.com\/en\/wp-json\/wp\/v2\/product"}],"about":[{"href":"https:\/\/gyemantekszer.com\/en\/wp-json\/wp\/v2\/types\/product"}],"replies":[{"embeddable":true,"href":"https:\/\/gyemantekszer.com\/en\/wp-json\/wp\/v2\/comments?post=249266"}],"wp:featuredmedia":[{"embeddable":true,"href":"https:\/\/gyemantekszer.com\/en\/wp-json\/wp\/v2\/media\/243240"}],"wp:attachment":[{"href":"https:\/\/gyemantekszer.com\/en\/wp-json\/wp\/v2\/media?parent=249266"}],"wp:term":[{"taxonomy":"product_brand","embeddable":true,"href":"https:\/\/gyemantekszer.com\/en\/wp-json\/wp\/v2\/product_brand?post=249266"},{"taxonomy":"product_cat","embeddable":true,"href":"https:\/\/gyemantekszer.com\/en\/wp-json\/wp\/v2\/product_cat?post=249266"},{"taxonomy":"product_tag","embeddable":true,"href":"https:\/\/gyemantekszer.com\/en\/wp-json\/wp\/v2\/product_tag?post=249266"}],"curies":[{"name":"wp","href":"https:\/\/api.w.org\/{rel}","templated":true}]}}