{"id":249258,"date":"2023-11-25T11:44:36","date_gmt":"2023-11-25T10:44:36","guid":{"rendered":"https:\/\/gyemantekszer.com\/termek\/royal-glittery-gyemant-gyuru\/"},"modified":"2026-03-09T16:51:23","modified_gmt":"2026-03-09T15:51:23","slug":"royal-glittery-gyemant-gyuru","status":"publish","type":"product","link":"https:\/\/gyemantekszer.com\/en\/product\/royal-glittery-gyemant-gyuru\/","title":{"rendered":"ROYAL &#8211; Glittery gy\u00e9m\u00e1nt gy\u0171r\u0171"},"content":{"rendered":"","protected":false},"excerpt":{"rendered":"<p>Ez a feh\u00e9r aranyb\u00f3l k\u00e9sz\u00fclt exkl\u00faz\u00edv gy\u00e9m\u00e1nt gy\u0171r\u0171 egy igazi klasszikus darab, amelyet k\u00f6z\u00e9pen egy gy\u00f6ny\u00f6r\u0171 bagett csiszol\u00e1s\u00fa gy\u00e9m\u00e1nt d\u00edsz\u00edt. Eleganci\u00e1j\u00e1t tov\u00e1bb fokozz\u00e1k a k\u00e9t oldal\u00e1n elhelyezked\u0151 csillog\u00f3 brill k\u00f6vek.\u00a0 Kiv\u00e1l\u00f3 v\u00e1laszt\u00e1s eljegyz\u00e9si gy\u0171r\u0171nek vagy ak\u00e1r \u00e9vfordul\u00f3ra is.<\/p>\n<p>Divatos, modern megold\u00e1s lehet t\u00f6bb m\u00e1s gy\u0171r\u0171vel egy\u00fctt is kombin\u00e1lni.<\/p>\n<p>A k\u00e9pen l\u00e1that\u00f3 darabok:<\/p>\n<p>ROYAL &#8211; Harmonia gy\u00e9m\u00e1nt gy\u0171r\u0171 6601\/AR<\/p>\n<p>ROYAL &#8211; Gr\u00e1cia gy\u00e9m\u00e1nt gy\u0171r\u0171 4235<\/p>\n","protected":false},"featured_media":243200,"comment_status":"open","ping_status":"closed","template":"","meta":{"_acf_changed":false},"product_brand":[],"product_cat":[1917],"product_tag":[135,133,1310,1305],"class_list":{"0":"post-249258","1":"product","2":"type-product","3":"status-publish","4":"has-post-thumbnail","6":"product_cat-gyuru","7":"product_tag-eljegyzes","8":"product_tag-noi","9":"product_tag-feher-gyemant","10":"product_tag-feher-arany","11":"pa_kollekcio-exkluziv-ekszerek","12":"pa_marka-royal-diamonds-by-alexandra-ronai","13":"pa_otvozet-finomsaga-143","14":"pa_suly-22-gr","16":"first","17":"instock","18":"taxable","19":"shipping-taxable","20":"purchasable","21":"product-type-simple"},"acf":[],"_links":{"self":[{"href":"https:\/\/gyemantekszer.com\/en\/wp-json\/wp\/v2\/product\/249258","targetHints":{"allow":["GET"]}}],"collection":[{"href":"https:\/\/gyemantekszer.com\/en\/wp-json\/wp\/v2\/product"}],"about":[{"href":"https:\/\/gyemantekszer.com\/en\/wp-json\/wp\/v2\/types\/product"}],"replies":[{"embeddable":true,"href":"https:\/\/gyemantekszer.com\/en\/wp-json\/wp\/v2\/comments?post=249258"}],"wp:featuredmedia":[{"embeddable":true,"href":"https:\/\/gyemantekszer.com\/en\/wp-json\/wp\/v2\/media\/243200"}],"wp:attachment":[{"href":"https:\/\/gyemantekszer.com\/en\/wp-json\/wp\/v2\/media?parent=249258"}],"wp:term":[{"taxonomy":"product_brand","embeddable":true,"href":"https:\/\/gyemantekszer.com\/en\/wp-json\/wp\/v2\/product_brand?post=249258"},{"taxonomy":"product_cat","embeddable":true,"href":"https:\/\/gyemantekszer.com\/en\/wp-json\/wp\/v2\/product_cat?post=249258"},{"taxonomy":"product_tag","embeddable":true,"href":"https:\/\/gyemantekszer.com\/en\/wp-json\/wp\/v2\/product_tag?post=249258"}],"curies":[{"name":"wp","href":"https:\/\/api.w.org\/{rel}","templated":true}]}}