{"id":249257,"date":"2023-11-25T11:21:28","date_gmt":"2023-11-25T10:21:28","guid":{"rendered":"https:\/\/gyemantekszer.com\/termek\/royal-catherine-s-gyemant-gyuru\/"},"modified":"2025-09-29T13:03:58","modified_gmt":"2025-09-29T11:03:58","slug":"royal-catherine-s-gyemant-gyuru","status":"publish","type":"product","link":"https:\/\/gyemantekszer.com\/en\/product\/royal-catherine-s-gyemant-gyuru\/","title":{"rendered":"ROYAL &#8211; Kharisz gy\u00e9m\u00e1nt gy\u0171r\u0171"},"content":{"rendered":"","protected":false},"excerpt":{"rendered":"<p>Ez a feh\u00e9r aranyb\u00f3l k\u00e9sz\u00fclt luxus gy\u00e9m\u00e1ntgy\u0171r\u0171 egy gy\u00f6ny\u00f6r\u0171 klasszikus a ROYAL Diamonds-t\u00f3l. Eleg\u00e1ns st\u00edlust k\u00e9pvisel, igaz\u00e1n exkl\u00faz\u00edv darab, amelyet f\u00e9lk\u00f6rben csillog\u00f3 gy\u00e9m\u00e1ntok d\u00edsz\u00edtenek. Karikagy\u0171r\u0171nek kiv\u00e1l\u00f3 v\u00e1laszt\u00e1s, de ak\u00e1r eljegyz\u00e9si gy\u0171r\u0171k\u00e9nt, vagy \u00e9vfordul\u00f3s aj\u00e1nd\u00e9kk\u00e9nt is t\u00f6k\u00e9letes.<\/p>\n","protected":false},"featured_media":243195,"comment_status":"open","ping_status":"open","template":"","meta":{"_acf_changed":false},"product_brand":[],"product_cat":[1917,1919],"product_tag":[1384,1938,1376,1375],"class_list":{"0":"post-249257","1":"product","2":"type-product","3":"status-publish","4":"has-post-thumbnail","6":"product_cat-gyuru","7":"product_cat-karikagyuru","8":"product_tag-for-ladies","9":"product_tag-karikagyuru","10":"product_tag-white-diamond","11":"product_tag-white-gold","12":"pa_kollekcio-exkluziv-ekszerek","13":"pa_marka-royal-diamonds-by-alexandra-ronai","14":"pa_otvozet-finomsaga-143","15":"pa_suly-29-gr","17":"first","18":"instock","19":"taxable","20":"shipping-taxable","21":"purchasable","22":"product-type-simple"},"acf":[],"_links":{"self":[{"href":"https:\/\/gyemantekszer.com\/en\/wp-json\/wp\/v2\/product\/249257","targetHints":{"allow":["GET"]}}],"collection":[{"href":"https:\/\/gyemantekszer.com\/en\/wp-json\/wp\/v2\/product"}],"about":[{"href":"https:\/\/gyemantekszer.com\/en\/wp-json\/wp\/v2\/types\/product"}],"replies":[{"embeddable":true,"href":"https:\/\/gyemantekszer.com\/en\/wp-json\/wp\/v2\/comments?post=249257"}],"wp:featuredmedia":[{"embeddable":true,"href":"https:\/\/gyemantekszer.com\/en\/wp-json\/wp\/v2\/media\/243195"}],"wp:attachment":[{"href":"https:\/\/gyemantekszer.com\/en\/wp-json\/wp\/v2\/media?parent=249257"}],"wp:term":[{"taxonomy":"product_brand","embeddable":true,"href":"https:\/\/gyemantekszer.com\/en\/wp-json\/wp\/v2\/product_brand?post=249257"},{"taxonomy":"product_cat","embeddable":true,"href":"https:\/\/gyemantekszer.com\/en\/wp-json\/wp\/v2\/product_cat?post=249257"},{"taxonomy":"product_tag","embeddable":true,"href":"https:\/\/gyemantekszer.com\/en\/wp-json\/wp\/v2\/product_tag?post=249257"}],"curies":[{"name":"wp","href":"https:\/\/api.w.org\/{rel}","templated":true}]}}