{"id":249251,"date":"2023-11-23T16:06:16","date_gmt":"2023-11-23T15:06:16","guid":{"rendered":"https:\/\/gyemantekszer.com\/termek\/nardelli-renata-fulbevalo\/"},"modified":"2025-09-29T13:03:56","modified_gmt":"2025-09-29T11:03:56","slug":"nardelli-renata-fulbevalo","status":"publish","type":"product","link":"https:\/\/gyemantekszer.com\/en\/termek\/nardelli-renata-fulbevalo\/","title":{"rendered":"NARDELLI  &#8211; Renata f\u00fclbeval\u00f3"},"content":{"rendered":"","protected":false},"excerpt":{"rendered":"<p><span data-sheets-root=\"1\" data-sheets-value=\"{&quot;1&quot;:2,&quot;2&quot;:&quot;Gy\u00f6ny\u00f6r\u0171 csepp form\u00e1j\u00fa f\u00fclbeval\u00f3, melyekben t\u00f6bb apr\u00f3 gy\u00e9m\u00e1nt \u00f6lel k\u00f6rbe egy - egy nagyobb gy\u00e9m\u00e1ntot, \u00edgy egy hitetlen csod\u00e1t kapunk eredm\u00e9ny\u00fcl.&quot;}\" data-sheets-userformat=\"{&quot;2&quot;:14851,&quot;3&quot;:{&quot;1&quot;:0},&quot;4&quot;:{&quot;1&quot;:2,&quot;2&quot;:16777215},&quot;12&quot;:0,&quot;14&quot;:{&quot;1&quot;:2,&quot;2&quot;:0},&quot;15&quot;:&quot;Calibri&quot;,&quot;16&quot;:11}\">Gy\u00f6ny\u00f6r\u0171 csepp form\u00e1j\u00fa f\u00fclbeval\u00f3, melyekben t\u00f6bb apr\u00f3 gy\u00e9m\u00e1nt \u00f6lel k\u00f6rbe egy &#8211; egy nagyobb gy\u00e9m\u00e1ntot, \u00edgy egy hitetlen csod\u00e1t kapunk eredm\u00e9ny\u00fcl.<\/span><\/p>\n","protected":false},"featured_media":243167,"comment_status":"open","ping_status":"open","template":"","meta":{"_acf_changed":false},"product_brand":[],"product_cat":[1918],"product_tag":[133,1310,1305],"class_list":{"0":"post-249251","1":"product","2":"type-product","3":"status-publish","4":"has-post-thumbnail","6":"product_cat-fulbevalo","7":"product_tag-noi","8":"product_tag-feher-gyemant","9":"product_tag-feher-arany","10":"pa_kollekcio-exkluziv-ekszerek","11":"pa_marka-nardelli","12":"pa_otvozet-finomsaga-143","13":"pa_suly-21-gr","14":"pa_zarak-stekkeres-atszuros-zar","16":"first","17":"onrequest","18":"taxable","19":"shipping-taxable","20":"product-type-simple"},"acf":[],"_links":{"self":[{"href":"https:\/\/gyemantekszer.com\/en\/wp-json\/wp\/v2\/product\/249251","targetHints":{"allow":["GET"]}}],"collection":[{"href":"https:\/\/gyemantekszer.com\/en\/wp-json\/wp\/v2\/product"}],"about":[{"href":"https:\/\/gyemantekszer.com\/en\/wp-json\/wp\/v2\/types\/product"}],"replies":[{"embeddable":true,"href":"https:\/\/gyemantekszer.com\/en\/wp-json\/wp\/v2\/comments?post=249251"}],"wp:featuredmedia":[{"embeddable":true,"href":"https:\/\/gyemantekszer.com\/en\/wp-json\/wp\/v2\/media\/243167"}],"wp:attachment":[{"href":"https:\/\/gyemantekszer.com\/en\/wp-json\/wp\/v2\/media?parent=249251"}],"wp:term":[{"taxonomy":"product_brand","embeddable":true,"href":"https:\/\/gyemantekszer.com\/en\/wp-json\/wp\/v2\/product_brand?post=249251"},{"taxonomy":"product_cat","embeddable":true,"href":"https:\/\/gyemantekszer.com\/en\/wp-json\/wp\/v2\/product_cat?post=249251"},{"taxonomy":"product_tag","embeddable":true,"href":"https:\/\/gyemantekszer.com\/en\/wp-json\/wp\/v2\/product_tag?post=249251"}],"curies":[{"name":"wp","href":"https:\/\/api.w.org\/{rel}","templated":true}]}}