{"id":249242,"date":"2023-11-22T09:36:57","date_gmt":"2023-11-22T08:36:57","guid":{"rendered":"https:\/\/gyemantekszer.com\/termek\/nardelli-leda-gyemant-fulbevalo\/"},"modified":"2025-09-29T13:03:52","modified_gmt":"2025-09-29T11:03:52","slug":"nardelli-leda-gyemant-fulbevalo","status":"publish","type":"product","link":"https:\/\/gyemantekszer.com\/en\/termek\/nardelli-leda-gyemant-fulbevalo\/","title":{"rendered":"ROYAL &#8211; L\u00e9da gy\u00e9m\u00e1nt f\u00fclbeval\u00f3"},"content":{"rendered":"","protected":false},"excerpt":{"rendered":"<p>Morganit sz\u00ednes dr\u00e1gak\u0151h\u0151z k\u00e9sz\u00fclt ez a feh\u00e9rarany csillog\u00f3 feh\u00e9r gy\u00e9m\u00e1ntokkal kirakott f\u00fclbeval\u00f3, melynek sz\u00e9ps\u00e9ge leny\u0171g\u0151z\u0151.<\/p>\n","protected":false},"featured_media":243127,"comment_status":"open","ping_status":"open","template":"","meta":{"_acf_changed":false},"product_brand":[],"product_cat":[1918],"product_tag":[133,1944,1310,1305],"class_list":{"0":"post-249242","1":"product","2":"type-product","3":"status-publish","4":"has-post-thumbnail","6":"product_cat-fulbevalo","7":"product_tag-noi","8":"product_tag-morganit","9":"product_tag-feher-gyemant","10":"product_tag-feher-arany","11":"pa_kollekcio-exkluziv-ekszerek","12":"pa_marka-royal-diamonds-by-alexandra-ronai","13":"pa_otvozet-finomsaga-143","14":"pa_suly-62-gr","15":"pa_zarak-francia-zar","17":"first","18":"instock","19":"taxable","20":"shipping-taxable","21":"purchasable","22":"product-type-simple"},"acf":[],"_links":{"self":[{"href":"https:\/\/gyemantekszer.com\/en\/wp-json\/wp\/v2\/product\/249242","targetHints":{"allow":["GET"]}}],"collection":[{"href":"https:\/\/gyemantekszer.com\/en\/wp-json\/wp\/v2\/product"}],"about":[{"href":"https:\/\/gyemantekszer.com\/en\/wp-json\/wp\/v2\/types\/product"}],"replies":[{"embeddable":true,"href":"https:\/\/gyemantekszer.com\/en\/wp-json\/wp\/v2\/comments?post=249242"}],"wp:featuredmedia":[{"embeddable":true,"href":"https:\/\/gyemantekszer.com\/en\/wp-json\/wp\/v2\/media\/243127"}],"wp:attachment":[{"href":"https:\/\/gyemantekszer.com\/en\/wp-json\/wp\/v2\/media?parent=249242"}],"wp:term":[{"taxonomy":"product_brand","embeddable":true,"href":"https:\/\/gyemantekszer.com\/en\/wp-json\/wp\/v2\/product_brand?post=249242"},{"taxonomy":"product_cat","embeddable":true,"href":"https:\/\/gyemantekszer.com\/en\/wp-json\/wp\/v2\/product_cat?post=249242"},{"taxonomy":"product_tag","embeddable":true,"href":"https:\/\/gyemantekszer.com\/en\/wp-json\/wp\/v2\/product_tag?post=249242"}],"curies":[{"name":"wp","href":"https:\/\/api.w.org\/{rel}","templated":true}]}}