{"id":249241,"date":"2023-11-22T09:11:17","date_gmt":"2023-11-22T08:11:17","guid":{"rendered":"https:\/\/gyemantekszer.com\/termek\/nardelli-cinque-gyemant-fulbevalo\/"},"modified":"2025-09-29T13:03:45","modified_gmt":"2025-09-29T11:03:45","slug":"nardelli-cinque-gyemant-fulbevalo","status":"publish","type":"product","link":"https:\/\/gyemantekszer.com\/en\/termek\/nardelli-cinque-gyemant-fulbevalo\/","title":{"rendered":"ROYAL &#8211; Cinque gy\u00e9m\u00e1nt f\u00fclbeval\u00f3"},"content":{"rendered":"","protected":false},"excerpt":{"rendered":"<p>Eleg\u00e1ns klasszikus s\u00e1rga aranyb\u00f3l k\u00e9sz\u00fclt gy\u00e9m\u00e1nt f\u00fclbeval\u00f3, melyet 5-5 db gy\u00f6ny\u00f6r\u0171 brill k\u0151 d\u00edsz\u00edt a front oldalon. Nagyon sz\u00e9p, exkl\u00faz\u00edv darab a ROYAL Diamonds-t\u00f3l, kifinomult nemes \u00edzl\u00e9svil\u00e1got t\u00fckr\u00f6z visel\u0151j\u00e9r\u0151l.<\/p>\n<p>&nbsp;<\/p>\n","protected":false},"featured_media":243122,"comment_status":"open","ping_status":"open","template":"","meta":{"_acf_changed":false},"product_brand":[],"product_cat":[1918],"product_tag":[133,1310,1307],"class_list":{"0":"post-249241","1":"product","2":"type-product","3":"status-publish","4":"has-post-thumbnail","6":"product_cat-fulbevalo","7":"product_tag-noi","8":"product_tag-feher-gyemant","9":"product_tag-sarga-arany","10":"pa_kollekcio-exkluziv-ekszerek","11":"pa_marka-royal-diamonds-by-alexandra-ronai","12":"pa_otvozet-finomsaga-143","13":"pa_suly-46-gr","14":"pa_zarak-onmagaba-zarodo","16":"first","17":"instock","18":"taxable","19":"shipping-taxable","20":"purchasable","21":"product-type-simple"},"acf":[],"_links":{"self":[{"href":"https:\/\/gyemantekszer.com\/en\/wp-json\/wp\/v2\/product\/249241","targetHints":{"allow":["GET"]}}],"collection":[{"href":"https:\/\/gyemantekszer.com\/en\/wp-json\/wp\/v2\/product"}],"about":[{"href":"https:\/\/gyemantekszer.com\/en\/wp-json\/wp\/v2\/types\/product"}],"replies":[{"embeddable":true,"href":"https:\/\/gyemantekszer.com\/en\/wp-json\/wp\/v2\/comments?post=249241"}],"wp:featuredmedia":[{"embeddable":true,"href":"https:\/\/gyemantekszer.com\/en\/wp-json\/wp\/v2\/media\/243122"}],"wp:attachment":[{"href":"https:\/\/gyemantekszer.com\/en\/wp-json\/wp\/v2\/media?parent=249241"}],"wp:term":[{"taxonomy":"product_brand","embeddable":true,"href":"https:\/\/gyemantekszer.com\/en\/wp-json\/wp\/v2\/product_brand?post=249241"},{"taxonomy":"product_cat","embeddable":true,"href":"https:\/\/gyemantekszer.com\/en\/wp-json\/wp\/v2\/product_cat?post=249241"},{"taxonomy":"product_tag","embeddable":true,"href":"https:\/\/gyemantekszer.com\/en\/wp-json\/wp\/v2\/product_tag?post=249241"}],"curies":[{"name":"wp","href":"https:\/\/api.w.org\/{rel}","templated":true}]}}