{"id":249225,"date":"2023-11-18T15:58:13","date_gmt":"2023-11-18T14:58:13","guid":{"rendered":"https:\/\/gyemantekszer.com\/termek\/nardelli-amore-gyemant-gyuru-2\/"},"modified":"2025-09-29T13:03:38","modified_gmt":"2025-09-29T11:03:38","slug":"nardelli-amore-gyemant-gyuru-2","status":"publish","type":"product","link":"https:\/\/gyemantekszer.com\/en\/product\/nardelli-amore-gyemant-gyuru-2\/","title":{"rendered":"NARDELLI &#8211; Amore &#8216;S&#8217; gy\u00e9m\u00e1nt gy\u0171r\u0171"},"content":{"rendered":"","protected":false},"excerpt":{"rendered":"<p>Gy\u00f6ny\u00f6r\u0171 klasszikus st\u00edlusban k\u00e9sz\u00fclt ez az eleg\u00e1ns rubin gy\u0171r\u0171, amely j\u00f3 v\u00e1laszt\u00e1s k\u00fcl\u00f6nleges alkalmakra, \u00e9vfordul\u00f3kra. A gy\u00f6ny\u00f6r\u0171 rubin k\u00f6vet csillog\u00f3 gy\u00e9m\u00e1ntok veszik k\u00f6r\u00fcl, sz\u00e9pen \u00edvelt karmos foglaltokban. \u00c9l\u00e9nk v\u00f6r\u00f6s sz\u00edne miatt a szerelem szimb\u00f3luma \u00e9vezredek \u00f3ta.<br \/>\nSzettben is megv\u00e1s\u00e1rolhat\u00f3, a hozz\u00e1 tartoz\u00f3 NARDELLI &#8211; Amore gy\u00e9m\u00e1nt nyak\u00e9kkel \u00e9s f\u00fclbeval\u00f3val egy\u00fctt.<\/p>\n<p>A rubint a dr\u00e1gak\u00f6vek kir\u00e1ly\u00e1nak nevezik, a\u00a0gy\u00e9m\u00e1nt ut\u00e1n a legkem\u00e9nyebb \u00e1sv\u00e1ny, \u00e9s a legdr\u00e1g\u00e1bb\u00a0<em>dr\u00e1gak\u00f6vek<\/em>\u00a0k\u00f6z\u00e9 tartozik. H\u00edres nagy rubinok indiai fejedelmek kincseskamr\u00e1iba, uralkod\u00f3k koronakincsei k\u00f6z\u00e9 \u00e9s k\u00fcl\u00f6nb\u00f6z\u0151 m\u00fazeumokba ker\u00fcltek.<\/p>\n<p>&nbsp;<\/p>\n<p>NARDELLI<\/p>\n<p>Kiv\u00e1l\u00f3 min\u0151s\u00e9g\u0171 v\u00e1logatott alapanyagok, egyedi design, kifinomult tervez\u00e9s \u00e9s magas sz\u00ednvonal\u00fa kivitelez\u00e9s \u00e1ll az olasz \u00e9kszerm\u0171hely titk\u00e1nak sikerei m\u00f6g\u00f6tt, amellyel igazi autentikus m\u0171v\u00e9szi alkot\u00e1ss\u00e1 teszik \u00e9kszereiket. A csal\u00e1di k\u00e9zm\u0171ves v\u00e1llalkoz\u00e1sb\u00f3l, a NARDELLI csal\u00e1d az \u00e9vtizedek alatt igazi nemzetk\u00f6zi m\u00e1rkacsoportt\u00e1 n\u0151tte ki mag\u00e1t, \u00e9s szakmailag komoly elismerts\u00e9gre tett szert.<\/p>\n","protected":false},"featured_media":243044,"comment_status":"open","ping_status":"open","template":"","meta":{"_acf_changed":false},"product_brand":[],"product_cat":[1917],"product_tag":[1384,1390,1934,1376,1375],"class_list":{"0":"post-249225","1":"product","2":"type-product","3":"status-publish","4":"has-post-thumbnail","6":"product_cat-gyuru","7":"product_tag-for-ladies","8":"product_tag-jewel-setts","9":"product_tag-rubin","10":"product_tag-white-diamond","11":"product_tag-white-gold","12":"pa_kollekcio-exkluziv-ekszerek","13":"pa_marka-nardelli","14":"pa_otvozet-finomsaga-143","15":"pa_suly-33-gr","17":"first","18":"onrequest","19":"taxable","20":"shipping-taxable","21":"product-type-simple"},"acf":[],"_links":{"self":[{"href":"https:\/\/gyemantekszer.com\/en\/wp-json\/wp\/v2\/product\/249225","targetHints":{"allow":["GET"]}}],"collection":[{"href":"https:\/\/gyemantekszer.com\/en\/wp-json\/wp\/v2\/product"}],"about":[{"href":"https:\/\/gyemantekszer.com\/en\/wp-json\/wp\/v2\/types\/product"}],"replies":[{"embeddable":true,"href":"https:\/\/gyemantekszer.com\/en\/wp-json\/wp\/v2\/comments?post=249225"}],"wp:featuredmedia":[{"embeddable":true,"href":"https:\/\/gyemantekszer.com\/en\/wp-json\/wp\/v2\/media\/243044"}],"wp:attachment":[{"href":"https:\/\/gyemantekszer.com\/en\/wp-json\/wp\/v2\/media?parent=249225"}],"wp:term":[{"taxonomy":"product_brand","embeddable":true,"href":"https:\/\/gyemantekszer.com\/en\/wp-json\/wp\/v2\/product_brand?post=249225"},{"taxonomy":"product_cat","embeddable":true,"href":"https:\/\/gyemantekszer.com\/en\/wp-json\/wp\/v2\/product_cat?post=249225"},{"taxonomy":"product_tag","embeddable":true,"href":"https:\/\/gyemantekszer.com\/en\/wp-json\/wp\/v2\/product_tag?post=249225"}],"curies":[{"name":"wp","href":"https:\/\/api.w.org\/{rel}","templated":true}]}}