{"id":249221,"date":"2023-11-18T07:45:38","date_gmt":"2023-11-18T06:45:38","guid":{"rendered":"https:\/\/gyemantekszer.com\/termek\/na\/"},"modified":"2025-09-29T13:03:31","modified_gmt":"2025-09-29T11:03:31","slug":"na","status":"publish","type":"product","link":"https:\/\/gyemantekszer.com\/en\/product\/na\/","title":{"rendered":"NARDELLI &#8211; Classic gy\u00e9m\u00e1nt nyak\u00e9k"},"content":{"rendered":"","protected":false},"excerpt":{"rendered":"<p>Ez az exkl\u00faz\u00edv zaf\u00edr gy\u00e9m\u00e1nt nyak\u00e9k egy igaz\u00e1n eleg\u00e1ns \u00e9s k\u00fcl\u00f6nleges darab. Az \u00e9kszer szettben is megv\u00e1s\u00e1rolhat\u00f3, a hozz\u00e1tartoz\u00f3 NARDELLI \u2013 Classic gy\u00e9m\u00e1nt f\u00fclbeval\u00f3val \u00e9s a NARDELLI \u2013 Classic gy\u00e9m\u00e1nt gy\u0171r\u0171vel egy\u00fctt.<\/p>\n<p>A m\u00e9lyk\u00e9k zaf\u00edr minden k\u00f6r\u00fclm\u00e9nyek k\u00f6z\u00f6tt t\u00f6k\u00e9letes eleganci\u00e1t biztos\u00edt, mely vonz\u00e1s\u00e1nak ellen\u00e1llni lehetetlen. A zaf\u00edr m\u00e9lyk\u00e9k, szikr\u00e1z\u00f3 \u00e1rnyalat\u00e1t m\u00e1r az \u00f3kor \u00f3ta nagy becsben tartj\u00e1k. Napjainkban a dr\u00e1gak\u0151 n\u00e9pszer\u0171s\u00e9ge a gy\u00e9m\u00e1nt ut\u00e1n a m\u00e1sodik helyen \u00e1ll.<\/p>\n<p>NARDELLI<\/p>\n<p>Kiv\u00e1l\u00f3 min\u0151s\u00e9g\u0171 v\u00e1logatott alapanyagok, egyedi design, kifinomult tervez\u00e9s \u00e9s magas sz\u00ednvonal\u00fa kivitelez\u00e9s \u00e1ll az olasz \u00e9kszerm\u0171hely titk\u00e1nak sikerei m\u00f6g\u00f6tt, amellyel igazi autentikus m\u0171v\u00e9szi alkot\u00e1ss\u00e1 teszik \u00e9kszereiket. A csal\u00e1di k\u00e9zm\u0171ves v\u00e1llalkoz\u00e1sb\u00f3l, a NARDELLI csal\u00e1d az \u00e9vtizedek alatt igazi nemzetk\u00f6zi m\u00e1rkacsoportt\u00e1 n\u0151tte ki mag\u00e1t, \u00e9s szakmailag komoly elismerts\u00e9gre tett szert.<\/p>\n","protected":false},"featured_media":243024,"comment_status":"open","ping_status":"open","template":"","meta":{"_acf_changed":false},"product_brand":[],"product_cat":[1923],"product_tag":[1384,1390,1376,1375,1928],"class_list":{"0":"post-249221","1":"product","2":"type-product","3":"status-publish","4":"has-post-thumbnail","6":"product_cat-nyakek","7":"product_tag-for-ladies","8":"product_tag-jewel-setts","9":"product_tag-white-diamond","10":"product_tag-white-gold","11":"product_tag-zafir","12":"pa_kollekcio-exkluziv-ekszerek","13":"pa_marka-nardelli","14":"pa_otvozet-finomsaga-143","15":"pa_suly-30-gr","16":"pa_zarak-karabiner-zar","18":"first","19":"onrequest","20":"taxable","21":"shipping-taxable","22":"product-type-simple"},"acf":[],"_links":{"self":[{"href":"https:\/\/gyemantekszer.com\/en\/wp-json\/wp\/v2\/product\/249221","targetHints":{"allow":["GET"]}}],"collection":[{"href":"https:\/\/gyemantekszer.com\/en\/wp-json\/wp\/v2\/product"}],"about":[{"href":"https:\/\/gyemantekszer.com\/en\/wp-json\/wp\/v2\/types\/product"}],"replies":[{"embeddable":true,"href":"https:\/\/gyemantekszer.com\/en\/wp-json\/wp\/v2\/comments?post=249221"}],"wp:featuredmedia":[{"embeddable":true,"href":"https:\/\/gyemantekszer.com\/en\/wp-json\/wp\/v2\/media\/243024"}],"wp:attachment":[{"href":"https:\/\/gyemantekszer.com\/en\/wp-json\/wp\/v2\/media?parent=249221"}],"wp:term":[{"taxonomy":"product_brand","embeddable":true,"href":"https:\/\/gyemantekszer.com\/en\/wp-json\/wp\/v2\/product_brand?post=249221"},{"taxonomy":"product_cat","embeddable":true,"href":"https:\/\/gyemantekszer.com\/en\/wp-json\/wp\/v2\/product_cat?post=249221"},{"taxonomy":"product_tag","embeddable":true,"href":"https:\/\/gyemantekszer.com\/en\/wp-json\/wp\/v2\/product_tag?post=249221"}],"curies":[{"name":"wp","href":"https:\/\/api.w.org\/{rel}","templated":true}]}}