{"id":249207,"date":"2023-11-14T19:13:48","date_gmt":"2023-11-14T18:13:48","guid":{"rendered":"https:\/\/gyemantekszer.com\/termek\/royal-daisy-gyemant-fulbevalo\/"},"modified":"2025-09-29T13:03:26","modified_gmt":"2025-09-29T11:03:26","slug":"royal-daisy-gyemant-fulbevalo","status":"publish","type":"product","link":"https:\/\/gyemantekszer.com\/en\/product\/royal-daisy-gyemant-fulbevalo\/","title":{"rendered":"NARDELLI &#8211; Daisy gy\u00e9m\u00e1nt f\u00fclbeval\u00f3"},"content":{"rendered":"","protected":false},"excerpt":{"rendered":"<p>Klasszikus st\u00edlusjegyeket hordoz, de modern form\u00e1ban elk\u00e9sz\u00edtve, ez a k\u00fcl\u00f6nleges feh\u00e9r arany \u00e9s roz\u00e9 arany gy\u00e9m\u00e1ntos f\u00fclbeval\u00f3.<\/p>\n<p>NARDELLI<\/p>\n<p>Kiv\u00e1l\u00f3 min\u0151s\u00e9g\u0171 v\u00e1logatott alapanyagok, egyedi design, kifinomult tervez\u00e9s \u00e9s magas sz\u00ednvonal\u00fa kivitelez\u00e9s \u00e1ll az olasz \u00e9kszerm\u0171hely titk\u00e1nak sikerei m\u00f6g\u00f6tt, amellyel igazi autentikus m\u0171v\u00e9szi alkot\u00e1ss\u00e1 teszik \u00e9kszereiket. A csal\u00e1di k\u00e9zm\u0171ves v\u00e1llalkoz\u00e1sb\u00f3l, a NARDELLI csal\u00e1d az \u00e9vtizedek alatt igazi nemzetk\u00f6zi m\u00e1rkacsoportt\u00e1 n\u0151tte ki mag\u00e1t, \u00e9s szakmailag komoly elismerts\u00e9gre tett szert.<\/p>\n","protected":false},"featured_media":242957,"comment_status":"open","ping_status":"open","template":"","meta":{"_acf_changed":false},"product_brand":[],"product_cat":[1357],"product_tag":[1384,1927,1385,1376,1375],"class_list":{"0":"post-249207","1":"product","2":"type-product","3":"status-publish","4":"has-post-thumbnail","6":"product_cat-exclusive-earrings","7":"product_tag-for-ladies","8":"product_tag-konyak-gyemant","9":"product_tag-rose-gold","10":"product_tag-white-diamond","11":"product_tag-white-gold","12":"pa_kollekcio-exkluziv-ekszerek","13":"pa_marka-nardelli","14":"pa_otvozet-finomsaga-143","15":"pa_suly-96-gr","16":"pa_zarak-klipszer-atszuros","18":"first","19":"restofstock","20":"taxable","21":"shipping-taxable","22":"product-type-simple"},"acf":[],"_links":{"self":[{"href":"https:\/\/gyemantekszer.com\/en\/wp-json\/wp\/v2\/product\/249207","targetHints":{"allow":["GET"]}}],"collection":[{"href":"https:\/\/gyemantekszer.com\/en\/wp-json\/wp\/v2\/product"}],"about":[{"href":"https:\/\/gyemantekszer.com\/en\/wp-json\/wp\/v2\/types\/product"}],"replies":[{"embeddable":true,"href":"https:\/\/gyemantekszer.com\/en\/wp-json\/wp\/v2\/comments?post=249207"}],"wp:featuredmedia":[{"embeddable":true,"href":"https:\/\/gyemantekszer.com\/en\/wp-json\/wp\/v2\/media\/242957"}],"wp:attachment":[{"href":"https:\/\/gyemantekszer.com\/en\/wp-json\/wp\/v2\/media?parent=249207"}],"wp:term":[{"taxonomy":"product_brand","embeddable":true,"href":"https:\/\/gyemantekszer.com\/en\/wp-json\/wp\/v2\/product_brand?post=249207"},{"taxonomy":"product_cat","embeddable":true,"href":"https:\/\/gyemantekszer.com\/en\/wp-json\/wp\/v2\/product_cat?post=249207"},{"taxonomy":"product_tag","embeddable":true,"href":"https:\/\/gyemantekszer.com\/en\/wp-json\/wp\/v2\/product_tag?post=249207"}],"curies":[{"name":"wp","href":"https:\/\/api.w.org\/{rel}","templated":true}]}}