{"id":249206,"date":"2023-11-13T16:16:54","date_gmt":"2023-11-13T15:16:54","guid":{"rendered":"https:\/\/gyemantekszer.com\/termek\/royal-interstellar-gyemant-gyuru-2\/"},"modified":"2025-09-29T13:03:25","modified_gmt":"2025-09-29T11:03:25","slug":"royal-interstellar-gyemant-gyuru-2","status":"publish","type":"product","link":"https:\/\/gyemantekszer.com\/en\/product\/royal-interstellar-gyemant-gyuru-2\/","title":{"rendered":"Royal &#8211; Interstellar gy\u00e9m\u00e1nt gy\u0171r\u0171"},"content":{"rendered":"","protected":false},"excerpt":{"rendered":"<p>A k\u00f6z\u00e9pen egym\u00e1sba fon\u00f3d\u00f3 gy\u00e9m\u00e1nt gy\u0171r\u0171 a v\u00e9gtelens\u00e9get szimboliz\u00e1lja, amely sz\u00edne miatt eg\u00e9szen kiv\u00e9teles l\u00e1tv\u00e1nyt ny\u00fajt. Gy\u00f6ny\u00f6r\u0171 fekete gy\u00e9m\u00e1ntjaival szinte az \u00e9gbolt csillagainak hangulat\u00e1t id\u00e9zi. Kiv\u00e1l\u00f3 v\u00e1laszt\u00e1s kokt\u00e9lgy\u0171r\u0171nek, de \u00e9vfordul\u00f3s aj\u00e1nd\u00e9knak is egy var\u00e1zslatosan sz\u00e9p darab a modern, mer\u00e9szebb st\u00edlust kedvel\u0151knek.<\/p>\n","protected":false},"featured_media":242952,"comment_status":"open","ping_status":"open","template":"","meta":{"_acf_changed":false},"product_brand":[],"product_cat":[1917],"product_tag":[1377,1384,1933],"class_list":{"0":"post-249206","1":"product","2":"type-product","3":"status-publish","4":"has-post-thumbnail","6":"product_cat-gyuru","7":"product_tag-black-diamond","8":"product_tag-for-ladies","9":"product_tag-koktelgyuru","10":"pa_kollekcio-exkluziv-ekszerek","11":"pa_marka-royal-diamonds-by-alexandra-ronai","12":"pa_otvozet-finomsaga-143","13":"pa_suly-62-gr","15":"first","16":"onrequest","17":"taxable","18":"shipping-taxable","19":"product-type-simple"},"acf":[],"_links":{"self":[{"href":"https:\/\/gyemantekszer.com\/en\/wp-json\/wp\/v2\/product\/249206","targetHints":{"allow":["GET"]}}],"collection":[{"href":"https:\/\/gyemantekszer.com\/en\/wp-json\/wp\/v2\/product"}],"about":[{"href":"https:\/\/gyemantekszer.com\/en\/wp-json\/wp\/v2\/types\/product"}],"replies":[{"embeddable":true,"href":"https:\/\/gyemantekszer.com\/en\/wp-json\/wp\/v2\/comments?post=249206"}],"wp:featuredmedia":[{"embeddable":true,"href":"https:\/\/gyemantekszer.com\/en\/wp-json\/wp\/v2\/media\/242952"}],"wp:attachment":[{"href":"https:\/\/gyemantekszer.com\/en\/wp-json\/wp\/v2\/media?parent=249206"}],"wp:term":[{"taxonomy":"product_brand","embeddable":true,"href":"https:\/\/gyemantekszer.com\/en\/wp-json\/wp\/v2\/product_brand?post=249206"},{"taxonomy":"product_cat","embeddable":true,"href":"https:\/\/gyemantekszer.com\/en\/wp-json\/wp\/v2\/product_cat?post=249206"},{"taxonomy":"product_tag","embeddable":true,"href":"https:\/\/gyemantekszer.com\/en\/wp-json\/wp\/v2\/product_tag?post=249206"}],"curies":[{"name":"wp","href":"https:\/\/api.w.org\/{rel}","templated":true}]}}