{"id":249204,"date":"2023-11-13T14:21:12","date_gmt":"2023-11-13T13:21:12","guid":{"rendered":"https:\/\/gyemantekszer.com\/termek\/royal-infinity-gyemant-gyuru\/"},"modified":"2025-09-29T13:03:24","modified_gmt":"2025-09-29T11:03:24","slug":"royal-infinity-gyemant-gyuru","status":"publish","type":"product","link":"https:\/\/gyemantekszer.com\/en\/product\/royal-infinity-gyemant-gyuru\/","title":{"rendered":"Royal &#8211; Infinity gy\u00e9m\u00e1nt gy\u0171r\u0171"},"content":{"rendered":"","protected":false},"excerpt":{"rendered":"<p>Egy igaz\u00e1n exkl\u00faz\u00edv eleg\u00e1ns gy\u0171r\u0171, amely a modern st\u00edlusjegyekkel is j\u00f3l harmoniz\u00e1l. A hagyom\u00e1nyos k\u00f6rbek\u00f6ves gy\u0171r\u0171 fazon kicsit \u00fajragondolva. A k\u00f6z\u00e9pen egym\u00e1sba fon\u00f3d\u00f3 hull\u00e1mvonalak a v\u00e9gtelens\u00e9get szimboliz\u00e1lj\u00e1k, ez\u00e9rt igazi \u00e9vfordul\u00f3s aj\u00e1nd\u00e9kk\u00e9nt t\u00f6k\u00e9letes, de karikagy\u0171r\u0171nek is ide\u00e1lis v\u00e1laszt\u00e1s.<\/p>\n<p>&nbsp;<\/p>\n","protected":false},"featured_media":242941,"comment_status":"open","ping_status":"open","template":"","meta":{"_acf_changed":false},"product_brand":[],"product_cat":[1917],"product_tag":[1384,1938,1376,1375],"class_list":{"0":"post-249204","1":"product","2":"type-product","3":"status-publish","4":"has-post-thumbnail","6":"product_cat-gyuru","7":"product_tag-for-ladies","8":"product_tag-karikagyuru","9":"product_tag-white-diamond","10":"product_tag-white-gold","11":"pa_kollekcio-exkluziv-ekszerek","12":"pa_marka-royal-diamonds-by-alexandra-ronai","13":"pa_otvozet-finomsaga-143","14":"pa_suly-110-gr","16":"first","17":"instock","18":"taxable","19":"shipping-taxable","20":"purchasable","21":"product-type-simple"},"acf":[],"_links":{"self":[{"href":"https:\/\/gyemantekszer.com\/en\/wp-json\/wp\/v2\/product\/249204","targetHints":{"allow":["GET"]}}],"collection":[{"href":"https:\/\/gyemantekszer.com\/en\/wp-json\/wp\/v2\/product"}],"about":[{"href":"https:\/\/gyemantekszer.com\/en\/wp-json\/wp\/v2\/types\/product"}],"replies":[{"embeddable":true,"href":"https:\/\/gyemantekszer.com\/en\/wp-json\/wp\/v2\/comments?post=249204"}],"wp:featuredmedia":[{"embeddable":true,"href":"https:\/\/gyemantekszer.com\/en\/wp-json\/wp\/v2\/media\/242941"}],"wp:attachment":[{"href":"https:\/\/gyemantekszer.com\/en\/wp-json\/wp\/v2\/media?parent=249204"}],"wp:term":[{"taxonomy":"product_brand","embeddable":true,"href":"https:\/\/gyemantekszer.com\/en\/wp-json\/wp\/v2\/product_brand?post=249204"},{"taxonomy":"product_cat","embeddable":true,"href":"https:\/\/gyemantekszer.com\/en\/wp-json\/wp\/v2\/product_cat?post=249204"},{"taxonomy":"product_tag","embeddable":true,"href":"https:\/\/gyemantekszer.com\/en\/wp-json\/wp\/v2\/product_tag?post=249204"}],"curies":[{"name":"wp","href":"https:\/\/api.w.org\/{rel}","templated":true}]}}