{"id":249197,"date":"2023-11-12T15:36:44","date_gmt":"2023-11-12T14:36:44","guid":{"rendered":"https:\/\/gyemantekszer.com\/termek\/lenti-villasco-eternity-r3-gyemant-gyuru\/"},"modified":"2025-09-29T13:03:16","modified_gmt":"2025-09-29T11:03:16","slug":"lenti-villasco-eternity-r3-gyemant-gyuru","status":"publish","type":"product","link":"https:\/\/gyemantekszer.com\/en\/termek\/lenti-villasco-eternity-r3-gyemant-gyuru\/","title":{"rendered":"Lenti &#038; Villasco &#8211; Eternity R3 gy\u00e9m\u00e1nt gy\u0171r\u0171"},"content":{"rendered":"","protected":false},"excerpt":{"rendered":"<p>K\u00e1pr\u00e1zatosan csillog\u00f3, teljesen k\u00f6rbe foglalt gy\u00e9m\u00e1nt gy\u0171r\u0171, mely \u00f6nmag\u00e1ban is viselhet\u0151 karikagy\u0171r\u0171nek, de kiv\u00e1l\u00f3 a karikagy\u0171r\u0171 mell\u00e9 k\u00eds\u00e9r\u0151gy\u0171r\u0171nek is. Igazi \u00e9vfordul\u00f3s aj\u00e1nd\u00e9kk\u00e9nt szokt\u00e1k haszn\u00e1lni.<\/p>\n","protected":false},"featured_media":242904,"comment_status":"open","ping_status":"open","template":"","meta":{"_acf_changed":false},"product_brand":[],"product_cat":[1917,1919],"product_tag":[133,1938,1306,1310],"class_list":{"0":"post-249197","1":"product","2":"type-product","3":"status-publish","4":"has-post-thumbnail","6":"product_cat-gyuru","7":"product_cat-karikagyuru","8":"product_tag-noi","9":"product_tag-karikagyuru","10":"product_tag-roze-arany","11":"product_tag-feher-gyemant","12":"pa_kollekcio-exkluziv-ekszerek","13":"pa_marka-lenti-villasco","14":"pa_meret-187","15":"pa_otvozet-finomsaga-143","16":"pa_suly-23-gr","18":"first","19":"instock","20":"taxable","21":"shipping-taxable","22":"purchasable","23":"product-type-simple"},"acf":[],"_links":{"self":[{"href":"https:\/\/gyemantekszer.com\/en\/wp-json\/wp\/v2\/product\/249197","targetHints":{"allow":["GET"]}}],"collection":[{"href":"https:\/\/gyemantekszer.com\/en\/wp-json\/wp\/v2\/product"}],"about":[{"href":"https:\/\/gyemantekszer.com\/en\/wp-json\/wp\/v2\/types\/product"}],"replies":[{"embeddable":true,"href":"https:\/\/gyemantekszer.com\/en\/wp-json\/wp\/v2\/comments?post=249197"}],"wp:featuredmedia":[{"embeddable":true,"href":"https:\/\/gyemantekszer.com\/en\/wp-json\/wp\/v2\/media\/242904"}],"wp:attachment":[{"href":"https:\/\/gyemantekszer.com\/en\/wp-json\/wp\/v2\/media?parent=249197"}],"wp:term":[{"taxonomy":"product_brand","embeddable":true,"href":"https:\/\/gyemantekszer.com\/en\/wp-json\/wp\/v2\/product_brand?post=249197"},{"taxonomy":"product_cat","embeddable":true,"href":"https:\/\/gyemantekszer.com\/en\/wp-json\/wp\/v2\/product_cat?post=249197"},{"taxonomy":"product_tag","embeddable":true,"href":"https:\/\/gyemantekszer.com\/en\/wp-json\/wp\/v2\/product_tag?post=249197"}],"curies":[{"name":"wp","href":"https:\/\/api.w.org\/{rel}","templated":true}]}}