{"id":249192,"date":"2023-11-11T11:46:48","date_gmt":"2023-11-11T10:46:48","guid":{"rendered":"https:\/\/gyemantekszer.com\/termek\/royal\/"},"modified":"2025-09-29T13:03:14","modified_gmt":"2025-09-29T11:03:14","slug":"royal","status":"publish","type":"product","link":"https:\/\/gyemantekszer.com\/en\/product\/royal\/","title":{"rendered":"Diamond f\u00e9rfi gy\u00e9m\u00e1nt kark\u00f6t\u0151"},"content":{"rendered":"","protected":false},"excerpt":{"rendered":"<p>Fekete, matt porcel\u00e1nb\u00f3l k\u00e9sz\u00fclt f\u00e9rfi kark\u00f6t\u0151, melyet roz\u00e9 arannyal kombin\u00e1ltak \u00e9s gy\u00f6ny\u00f6r\u0171 fekete gy\u00e9m\u00e1ntokkal d\u00edsz\u00edtettek.<\/p>\n","protected":false},"featured_media":242879,"comment_status":"open","ping_status":"open","template":"","meta":{"_acf_changed":false},"product_brand":[],"product_cat":[1361],"product_tag":[1377,1378,1385],"class_list":{"0":"post-249192","1":"product","2":"type-product","3":"status-publish","4":"has-post-thumbnail","6":"product_cat-exclusive-bracelets","7":"product_tag-black-diamond","8":"product_tag-men","9":"product_tag-rose-gold","10":"pa_kollekcio-exkluziv-ekszerek","11":"pa_marka-royal-diamonds-by-alexandra-ronai","12":"pa_meret-19-21-cm-hosszu","13":"pa_otvozet-finomsaga-143","14":"pa_suly-52-gr","16":"first","17":"onrequest","18":"taxable","19":"shipping-taxable","20":"product-type-simple"},"acf":[],"_links":{"self":[{"href":"https:\/\/gyemantekszer.com\/en\/wp-json\/wp\/v2\/product\/249192","targetHints":{"allow":["GET"]}}],"collection":[{"href":"https:\/\/gyemantekszer.com\/en\/wp-json\/wp\/v2\/product"}],"about":[{"href":"https:\/\/gyemantekszer.com\/en\/wp-json\/wp\/v2\/types\/product"}],"replies":[{"embeddable":true,"href":"https:\/\/gyemantekszer.com\/en\/wp-json\/wp\/v2\/comments?post=249192"}],"wp:featuredmedia":[{"embeddable":true,"href":"https:\/\/gyemantekszer.com\/en\/wp-json\/wp\/v2\/media\/242879"}],"wp:attachment":[{"href":"https:\/\/gyemantekszer.com\/en\/wp-json\/wp\/v2\/media?parent=249192"}],"wp:term":[{"taxonomy":"product_brand","embeddable":true,"href":"https:\/\/gyemantekszer.com\/en\/wp-json\/wp\/v2\/product_brand?post=249192"},{"taxonomy":"product_cat","embeddable":true,"href":"https:\/\/gyemantekszer.com\/en\/wp-json\/wp\/v2\/product_cat?post=249192"},{"taxonomy":"product_tag","embeddable":true,"href":"https:\/\/gyemantekszer.com\/en\/wp-json\/wp\/v2\/product_tag?post=249192"}],"curies":[{"name":"wp","href":"https:\/\/api.w.org\/{rel}","templated":true}]}}