{"id":249185,"date":"2023-11-10T18:37:51","date_gmt":"2023-11-10T17:37:51","guid":{"rendered":"https:\/\/gyemantekszer.com\/termek\/royal-thina-2-gyemant-nyakek\/"},"modified":"2025-09-29T13:03:11","modified_gmt":"2025-09-29T11:03:11","slug":"royal-thina-2-gyemant-nyakek","status":"publish","type":"product","link":"https:\/\/gyemantekszer.com\/en\/termek\/royal-thina-2-gyemant-nyakek\/","title":{"rendered":"Royal &#8211; Thina 2 gy\u00e9m\u00e1nt nyak\u00e9k"},"content":{"rendered":"","protected":false},"excerpt":{"rendered":"<p>Roz\u00e9 arany gy\u00e9m\u00e1nt nyak\u00e9k vir\u00e1g minta mot\u00edvummal van d\u00edsz\u00edtve. Mint nem mindennapi megjelen\u00e9s\u0171 \u00e9kszer, sok apr\u00f3 brili\u00e1ns d\u00edsz\u00edti a koronak\u00e9nt elhelyezked\u0151 nagyobb gy\u00e9m\u00e1ntot. Szettben is megv\u00e1s\u00e1rolhat\u00f3.<\/p>\n","protected":false},"featured_media":242840,"comment_status":"open","ping_status":"open","template":"","meta":{"_acf_changed":false},"product_brand":[],"product_cat":[1923],"product_tag":[133,138,1306,1310],"class_list":{"0":"post-249185","1":"product","2":"type-product","3":"status-publish","4":"has-post-thumbnail","6":"product_cat-nyakek","7":"product_tag-noi","8":"product_tag-ekszer-szett","9":"product_tag-roze-arany","10":"product_tag-feher-gyemant","11":"pa_kollekcio-exkluziv-ekszerek","12":"pa_marka-royal-diamonds-by-alexandra-ronai","13":"pa_meret-21-cm-hosszu","14":"pa_otvozet-finomsaga-143","15":"pa_suly-21-gr","16":"pa_zarak-karabiner-zar","18":"first","19":"onrequest","20":"taxable","21":"shipping-taxable","22":"product-type-simple"},"acf":[],"_links":{"self":[{"href":"https:\/\/gyemantekszer.com\/en\/wp-json\/wp\/v2\/product\/249185","targetHints":{"allow":["GET"]}}],"collection":[{"href":"https:\/\/gyemantekszer.com\/en\/wp-json\/wp\/v2\/product"}],"about":[{"href":"https:\/\/gyemantekszer.com\/en\/wp-json\/wp\/v2\/types\/product"}],"replies":[{"embeddable":true,"href":"https:\/\/gyemantekszer.com\/en\/wp-json\/wp\/v2\/comments?post=249185"}],"wp:featuredmedia":[{"embeddable":true,"href":"https:\/\/gyemantekszer.com\/en\/wp-json\/wp\/v2\/media\/242840"}],"wp:attachment":[{"href":"https:\/\/gyemantekszer.com\/en\/wp-json\/wp\/v2\/media?parent=249185"}],"wp:term":[{"taxonomy":"product_brand","embeddable":true,"href":"https:\/\/gyemantekszer.com\/en\/wp-json\/wp\/v2\/product_brand?post=249185"},{"taxonomy":"product_cat","embeddable":true,"href":"https:\/\/gyemantekszer.com\/en\/wp-json\/wp\/v2\/product_cat?post=249185"},{"taxonomy":"product_tag","embeddable":true,"href":"https:\/\/gyemantekszer.com\/en\/wp-json\/wp\/v2\/product_tag?post=249185"}],"curies":[{"name":"wp","href":"https:\/\/api.w.org\/{rel}","templated":true}]}}