{"id":249182,"date":"2023-11-10T16:52:52","date_gmt":"2023-11-10T15:52:52","guid":{"rendered":"https:\/\/gyemantekszer.com\/termek\/mattioli\/"},"modified":"2025-09-29T13:03:10","modified_gmt":"2025-09-29T11:03:10","slug":"mattioli","status":"publish","type":"product","link":"https:\/\/gyemantekszer.com\/en\/termek\/mattioli\/","title":{"rendered":"MATTIOLI &#8211; Puzzle gy\u00e9m\u00e1nt f\u00fclbeval\u00f3"},"content":{"rendered":"","protected":false},"excerpt":{"rendered":"<p>Egyed\u00fcl\u00e1ll\u00f3 formatervezett f\u00fclbeval\u00f3, ami a szabads\u00e1g legmagasabb fok\u00e1t k\u00f6lcs\u00f6nzi, j\u00e1t\u00e9kok \u00e9s elk\u00e9pzel\u00e9sek egy kerek\u00edtett trap\u00e9z form\u00e1ban, mely lehet\u0151v\u00e9 teszi a vari\u00e1lhat\u00f3s\u00e1g lehet\u0151s\u00e9g\u00e9t.<\/p>\n<p>A sz\u00ednek v\u00e1ltozatoss\u00e1ga b\u00e1rmilyen szitu\u00e1ci\u00f3ra, hangulatra \u00e9s egy\u00e9nis\u00e9gre szabhat\u00f3, a gy\u00f6ngyh\u00e1zr\u00e9sz cser\u00e9lhet\u0151s\u00e9g\u00e9nek k\u00f6sz\u00f6nhet\u0151en.<\/p>\n","protected":false},"featured_media":242823,"comment_status":"open","ping_status":"open","template":"","meta":{"_acf_changed":false},"product_brand":[],"product_cat":[1918,1922],"product_tag":[133,1940,1941,1310,1305],"class_list":{"0":"post-249182","1":"product","2":"type-product","3":"status-publish","4":"has-post-thumbnail","6":"product_cat-fulbevalo","7":"product_cat-medal","8":"product_tag-noi","9":"product_tag-gyongyhaz","10":"product_tag-varialhato","11":"product_tag-feher-gyemant","12":"product_tag-feher-arany","13":"pa_kollekcio-exkluziv-ekszerek","14":"pa_marka-mattioli","15":"pa_meret-2-cm-hosszu-fulbevalo-2-cm-hosszu-medal","16":"pa_otvozet-finomsaga-143","17":"pa_suly-58-gr","19":"first","20":"instock","21":"taxable","22":"shipping-taxable","23":"purchasable","24":"product-type-simple"},"acf":[],"_links":{"self":[{"href":"https:\/\/gyemantekszer.com\/en\/wp-json\/wp\/v2\/product\/249182","targetHints":{"allow":["GET"]}}],"collection":[{"href":"https:\/\/gyemantekszer.com\/en\/wp-json\/wp\/v2\/product"}],"about":[{"href":"https:\/\/gyemantekszer.com\/en\/wp-json\/wp\/v2\/types\/product"}],"replies":[{"embeddable":true,"href":"https:\/\/gyemantekszer.com\/en\/wp-json\/wp\/v2\/comments?post=249182"}],"wp:featuredmedia":[{"embeddable":true,"href":"https:\/\/gyemantekszer.com\/en\/wp-json\/wp\/v2\/media\/242823"}],"wp:attachment":[{"href":"https:\/\/gyemantekszer.com\/en\/wp-json\/wp\/v2\/media?parent=249182"}],"wp:term":[{"taxonomy":"product_brand","embeddable":true,"href":"https:\/\/gyemantekszer.com\/en\/wp-json\/wp\/v2\/product_brand?post=249182"},{"taxonomy":"product_cat","embeddable":true,"href":"https:\/\/gyemantekszer.com\/en\/wp-json\/wp\/v2\/product_cat?post=249182"},{"taxonomy":"product_tag","embeddable":true,"href":"https:\/\/gyemantekszer.com\/en\/wp-json\/wp\/v2\/product_tag?post=249182"}],"curies":[{"name":"wp","href":"https:\/\/api.w.org\/{rel}","templated":true}]}}