{"id":249161,"date":"2023-10-06T10:30:27","date_gmt":"2023-10-06T08:30:27","guid":{"rendered":"https:\/\/gyemantekszer.com\/termek\/royal-amore-s-gyemant-eljegyzesi-gyuru\/"},"modified":"2025-09-29T13:02:46","modified_gmt":"2025-09-29T11:02:46","slug":"royal-amore-s-gyemant-eljegyzesi-gyuru","status":"publish","type":"product","link":"https:\/\/gyemantekszer.com\/en\/product\/royal-amore-s-gyemant-eljegyzesi-gyuru\/","title":{"rendered":"Royal Amore S gy\u00e9m\u00e1nt eljegyz\u00e9si gy\u0171r\u0171"},"content":{"rendered":"","protected":false},"excerpt":{"rendered":"<p><span data-sheets-value=\"{&quot;1&quot;:2,&quot;2&quot;:&quot;Nagyon sz\u00e9p s\u00e1rga arany gy\u00e9m\u00e1nt gy\u0171r\u00fc,k\u00f6z\u00e9pen gy\u00f6ny\u00f6r\u0171 gy\u00e9m\u00e1ntk\u0151 csillog ,k\u00e9t oldalt 3-3 gy\u00e9m\u00e1ntal tett\u00e9k m\u00e9g eleg\u00e1nsabb\u00e1.eljegyz\u00e9sre is aj\u00e1nljuk.&quot;}\" data-sheets-userformat=\"{&quot;2&quot;:14851,&quot;3&quot;:{&quot;1&quot;:0},&quot;4&quot;:{&quot;1&quot;:2,&quot;2&quot;:16777215},&quot;12&quot;:0,&quot;14&quot;:{&quot;1&quot;:2,&quot;2&quot;:0},&quot;15&quot;:&quot;Calibri&quot;,&quot;16&quot;:11}\">Nagyon sz\u00e9p s\u00e1rga arany gy\u00e9m\u00e1nt gy\u0171r\u0171, k\u00f6z\u00e9pen gy\u00f6ny\u00f6r\u0171 gy\u00e9m\u00e1ntk\u0151 csillog, k\u00e9t oldalt 3-3 gy\u00e9m\u00e1nttal tett\u00e9k m\u00e9g eleg\u00e1nsabb\u00e1. Eljegyz\u00e9si gy\u0171r\u0171k\u00e9nt is aj\u00e1nljuk.<\/span><\/p>\n<p>&nbsp;<\/p>\n","protected":false},"featured_media":242727,"comment_status":"open","ping_status":"open","template":"","meta":{"_acf_changed":false},"product_brand":[],"product_cat":[1917],"product_tag":[1373,1384,1383,1376,1388],"class_list":{"0":"post-249161","1":"product","2":"type-product","3":"status-publish","4":"has-post-thumbnail","6":"product_cat-gyuru","7":"product_tag-engagement","8":"product_tag-for-ladies","9":"product_tag-sizeable","10":"product_tag-white-diamond","11":"product_tag-yellow-gold","12":"pa_kollekcio-exkluziv-ekszerek","13":"pa_marka-royal-diamonds-by-alexandra-ronai","14":"pa_meret-156","15":"pa_otvozet-finomsaga-143","16":"pa_suly-35-gr","18":"first","19":"instock","20":"taxable","21":"shipping-taxable","22":"purchasable","23":"product-type-simple"},"acf":[],"_links":{"self":[{"href":"https:\/\/gyemantekszer.com\/en\/wp-json\/wp\/v2\/product\/249161","targetHints":{"allow":["GET"]}}],"collection":[{"href":"https:\/\/gyemantekszer.com\/en\/wp-json\/wp\/v2\/product"}],"about":[{"href":"https:\/\/gyemantekszer.com\/en\/wp-json\/wp\/v2\/types\/product"}],"replies":[{"embeddable":true,"href":"https:\/\/gyemantekszer.com\/en\/wp-json\/wp\/v2\/comments?post=249161"}],"wp:featuredmedia":[{"embeddable":true,"href":"https:\/\/gyemantekszer.com\/en\/wp-json\/wp\/v2\/media\/242727"}],"wp:attachment":[{"href":"https:\/\/gyemantekszer.com\/en\/wp-json\/wp\/v2\/media?parent=249161"}],"wp:term":[{"taxonomy":"product_brand","embeddable":true,"href":"https:\/\/gyemantekszer.com\/en\/wp-json\/wp\/v2\/product_brand?post=249161"},{"taxonomy":"product_cat","embeddable":true,"href":"https:\/\/gyemantekszer.com\/en\/wp-json\/wp\/v2\/product_cat?post=249161"},{"taxonomy":"product_tag","embeddable":true,"href":"https:\/\/gyemantekszer.com\/en\/wp-json\/wp\/v2\/product_tag?post=249161"}],"curies":[{"name":"wp","href":"https:\/\/api.w.org\/{rel}","templated":true}]}}