{"id":249157,"date":"2023-10-05T11:17:08","date_gmt":"2023-10-05T09:17:08","guid":{"rendered":"https:\/\/gyemantekszer.com\/termek\/lelune-diamonds-dorothi-gyemant-gyuru\/"},"modified":"2025-09-29T13:02:45","modified_gmt":"2025-09-29T11:02:45","slug":"lelune-diamonds-dorothi-gyemant-gyuru","status":"publish","type":"product","link":"https:\/\/gyemantekszer.com\/en\/termek\/lelune-diamonds-dorothi-gyemant-gyuru\/","title":{"rendered":"Lelune Diamonds Dorothi 03 gy\u00e9m\u00e1nt gy\u0171r\u0171"},"content":{"rendered":"","protected":false},"excerpt":{"rendered":"<p><span data-sheets-value=\"{&quot;1&quot;:2,&quot;2&quot;:&quot;Ez a feh\u00e9r aranyb\u00f3l k\u00e9sz\u00fclt eleg\u00e1ns, finom vonalvezet\u00e9s\u0171 exkl\u00faz\u00edv gy\u00e9m\u00e1nt gy\u0171r\u0171 eljegyz\u00e9si gy\u0171r\u0171nek is kiv\u00e1l\u00f3an alkalmas.&quot;}\" data-sheets-userformat=\"{&quot;2&quot;:14851,&quot;3&quot;:{&quot;1&quot;:0},&quot;4&quot;:{&quot;1&quot;:2,&quot;2&quot;:16777215},&quot;12&quot;:0,&quot;14&quot;:{&quot;1&quot;:2,&quot;2&quot;:0},&quot;15&quot;:&quot;Calibri&quot;,&quot;16&quot;:11}\">Ez a feh\u00e9r aranyb\u00f3l k\u00e9sz\u00fclt eleg\u00e1ns, finom vonalvezet\u00e9s\u0171 exkl\u00faz\u00edv gy\u00e9m\u00e1ntgy\u0171r\u0171 eljegyz\u00e9si gy\u0171r\u0171nek is kiv\u00e1l\u00f3an alkalmas.<\/span><\/p>\n<p>&nbsp;<\/p>\n","protected":false},"featured_media":242710,"comment_status":"open","ping_status":"open","template":"","meta":{"_acf_changed":false},"product_brand":[],"product_cat":[1917],"product_tag":[135,133,138,140,1310,1305],"class_list":{"0":"post-249157","1":"product","2":"type-product","3":"status-publish","4":"has-post-thumbnail","6":"product_cat-gyuru","7":"product_tag-eljegyzes","8":"product_tag-noi","9":"product_tag-ekszer-szett","10":"product_tag-meretezheto","11":"product_tag-feher-gyemant","12":"product_tag-feher-arany","13":"pa_kollekcio-exkluziv-ekszerek","14":"pa_marka-le-lune-diamonds","15":"pa_meret-156","16":"pa_otvozet-finomsaga-143","17":"pa_suly-21-gr","19":"first","20":"instock","21":"sale","22":"taxable","23":"shipping-taxable","24":"purchasable","25":"product-type-simple"},"acf":[],"_links":{"self":[{"href":"https:\/\/gyemantekszer.com\/en\/wp-json\/wp\/v2\/product\/249157","targetHints":{"allow":["GET"]}}],"collection":[{"href":"https:\/\/gyemantekszer.com\/en\/wp-json\/wp\/v2\/product"}],"about":[{"href":"https:\/\/gyemantekszer.com\/en\/wp-json\/wp\/v2\/types\/product"}],"replies":[{"embeddable":true,"href":"https:\/\/gyemantekszer.com\/en\/wp-json\/wp\/v2\/comments?post=249157"}],"wp:featuredmedia":[{"embeddable":true,"href":"https:\/\/gyemantekszer.com\/en\/wp-json\/wp\/v2\/media\/242710"}],"wp:attachment":[{"href":"https:\/\/gyemantekszer.com\/en\/wp-json\/wp\/v2\/media?parent=249157"}],"wp:term":[{"taxonomy":"product_brand","embeddable":true,"href":"https:\/\/gyemantekszer.com\/en\/wp-json\/wp\/v2\/product_brand?post=249157"},{"taxonomy":"product_cat","embeddable":true,"href":"https:\/\/gyemantekszer.com\/en\/wp-json\/wp\/v2\/product_cat?post=249157"},{"taxonomy":"product_tag","embeddable":true,"href":"https:\/\/gyemantekszer.com\/en\/wp-json\/wp\/v2\/product_tag?post=249157"}],"curies":[{"name":"wp","href":"https:\/\/api.w.org\/{rel}","templated":true}]}}