{"id":249156,"date":"2023-10-05T11:07:04","date_gmt":"2023-10-05T09:07:04","guid":{"rendered":"https:\/\/gyemantekszer.com\/termek\/lelune-diamonds-denise-01-gyemant-gyuru\/"},"modified":"2025-11-04T13:07:00","modified_gmt":"2025-11-04T12:07:00","slug":"lelune-diamonds-denise-01-gyemant-gyuru","status":"publish","type":"product","link":"https:\/\/gyemantekszer.com\/en\/termek\/lelune-diamonds-denise-01-gyemant-gyuru\/","title":{"rendered":"Lelune Diamonds Denise 01 gy\u00e9m\u00e1nt gy\u0171r\u0171"},"content":{"rendered":"","protected":false},"excerpt":{"rendered":"<p><span data-sheets-value=\"{&quot;1&quot;:2,&quot;2&quot;:&quot;Ebbe a fiatalos eleg\u00e1ns feh\u00e9r arany gy\u0171r\u0171be k\u00f6z\u00e9pen t\u00f6bb apr\u00f3 brili\u00e1ns csiszol\u00e1s\u00fa gy\u00e9m\u00e1nt van befoglalva, amelyet t\u00f6bb kisebb gy\u00e9m\u00e1nt vesz k\u00f6r\u00fcl. Exkl\u00faz\u00edv megjelen\u00e9st ad visel\u0151j\u00e9nek, eljegyz\u00e9si gy\u0171r\u0171nek is kiv\u00e1l\u00f3 aj\u00e1nd\u00e9k b\u00e1rmely h\u00f6lgy sz\u00e1m\u00e1ra.Az \u00e9kszer szettben is megv\u00e1s\u00e1rolhat\u00f3, a hozz\u00e1tartoz\u00f3 gy\u00f6ny\u00f6r\u0171 gy\u00e9m\u00e1nt nyak\u00e9kkel \u00e9s f\u00fclbeval\u00f3val.&quot;}\" data-sheets-userformat=\"{&quot;2&quot;:14851,&quot;3&quot;:{&quot;1&quot;:0},&quot;4&quot;:{&quot;1&quot;:2,&quot;2&quot;:16777215},&quot;12&quot;:0,&quot;14&quot;:{&quot;1&quot;:2,&quot;2&quot;:0},&quot;15&quot;:&quot;Calibri&quot;,&quot;16&quot;:11}\">Ebbe a fiatalos eleg\u00e1ns feh\u00e9r arany gy\u0171r\u0171be k\u00f6z\u00e9pen t\u00f6bb apr\u00f3 brili\u00e1ns csiszol\u00e1s\u00fa gy\u00e9m\u00e1nt van befoglalva, amelyet t\u00f6bb kisebb gy\u00e9m\u00e1nt vesz k\u00f6r\u00fcl. Exkl\u00faz\u00edv megjelen\u00e9st ad visel\u0151j\u00e9nek, eljegyz\u00e9si gy\u0171r\u0171nek is kiv\u00e1l\u00f3 aj\u00e1nd\u00e9k b\u00e1rmely h\u00f6lgy sz\u00e1m\u00e1ra. Az \u00e9kszer szettben is megv\u00e1s\u00e1rolhat\u00f3, a hozz\u00e1tartoz\u00f3 gy\u00f6ny\u00f6r\u0171 gy\u00e9m\u00e1nt nyak\u00e9kkel \u00e9s f\u00fclbeval\u00f3val.<\/span><\/p>\n<p>&nbsp;<\/p>\n","protected":false},"featured_media":242705,"comment_status":"open","ping_status":"closed","template":"","meta":{"_acf_changed":false},"product_brand":[],"product_cat":[1917],"product_tag":[138,1305,1310,140,133],"class_list":{"0":"post-249156","1":"product","2":"type-product","3":"status-publish","4":"has-post-thumbnail","6":"product_cat-gyuru","7":"product_tag-ekszer-szett","8":"product_tag-feher-arany","9":"product_tag-feher-gyemant","10":"product_tag-meretezheto","11":"product_tag-noi","12":"pa_kollekcio-exkluziv-ekszerek","13":"pa_marka-le-lune-diamonds","14":"pa_meret-187","15":"pa_otvozet-finomsaga-143","16":"pa_suly-22-gr","18":"first","19":"instock","20":"sale","21":"taxable","22":"shipping-taxable","23":"purchasable","24":"product-type-simple"},"acf":[],"_links":{"self":[{"href":"https:\/\/gyemantekszer.com\/en\/wp-json\/wp\/v2\/product\/249156","targetHints":{"allow":["GET"]}}],"collection":[{"href":"https:\/\/gyemantekszer.com\/en\/wp-json\/wp\/v2\/product"}],"about":[{"href":"https:\/\/gyemantekszer.com\/en\/wp-json\/wp\/v2\/types\/product"}],"replies":[{"embeddable":true,"href":"https:\/\/gyemantekszer.com\/en\/wp-json\/wp\/v2\/comments?post=249156"}],"wp:featuredmedia":[{"embeddable":true,"href":"https:\/\/gyemantekszer.com\/en\/wp-json\/wp\/v2\/media\/242705"}],"wp:attachment":[{"href":"https:\/\/gyemantekszer.com\/en\/wp-json\/wp\/v2\/media?parent=249156"}],"wp:term":[{"taxonomy":"product_brand","embeddable":true,"href":"https:\/\/gyemantekszer.com\/en\/wp-json\/wp\/v2\/product_brand?post=249156"},{"taxonomy":"product_cat","embeddable":true,"href":"https:\/\/gyemantekszer.com\/en\/wp-json\/wp\/v2\/product_cat?post=249156"},{"taxonomy":"product_tag","embeddable":true,"href":"https:\/\/gyemantekszer.com\/en\/wp-json\/wp\/v2\/product_tag?post=249156"}],"curies":[{"name":"wp","href":"https:\/\/api.w.org\/{rel}","templated":true}]}}