{"id":249151,"date":"2023-10-02T14:12:03","date_gmt":"2023-10-02T12:12:03","guid":{"rendered":"https:\/\/gyemantekszer.com\/termek\/royal-baby-grace-09-gyemant-fulbevalo\/"},"modified":"2025-11-04T15:37:01","modified_gmt":"2025-11-04T14:37:01","slug":"royal-baby-grace-09-gyemant-fulbevalo","status":"publish","type":"product","link":"https:\/\/gyemantekszer.com\/en\/product\/royal-baby-grace-09-gyemant-fulbevalo\/","title":{"rendered":"Royal Baby Grace 09  gy\u00e9m\u00e1nt f\u00fclbeval\u00f3"},"content":{"rendered":"","protected":false},"excerpt":{"rendered":"<p>Ez a t\u00fcnd\u00e9ri kis gy\u00e9m\u00e1nt baba f\u00fclbeval\u00f3 a Royal Diamonds by Alexandra \u00faj term\u00e9ke, b\u00e9bi &#8211; \u00e9s gyermek kollekci\u00f3j\u00e1nak egy darabja. A gyermek \u00e9kszer speci\u00e1lis biztons\u00e1gi z\u00e1rral van ell\u00e1tva, amely egy\u00e1ltal\u00e1n nem okoz s\u00e9r\u00fcl\u00e9st az \u00e1lland\u00f3 viselet sor\u00e1n. A f\u00fclbeval\u00f3t s\u00e1rga \u00e9s feh\u00e9r aranyb\u00f3l k\u00e9sz\u00fclt gy\u00f6ny\u00f6r\u0171 brillek d\u00edsz\u00edtik. Ak\u00e1r \u00f3v\u00f3d\u00e1s korig is haszn\u00e1lhat\u00f3.<\/p>\n","protected":false},"featured_media":242680,"comment_status":"open","ping_status":"closed","template":"","meta":{"_acf_changed":false},"product_brand":[],"product_cat":[1918],"product_tag":[1316,1305,1310,1307],"class_list":{"0":"post-249151","1":"product","2":"type-product","3":"status-publish","4":"has-post-thumbnail","6":"product_cat-fulbevalo","7":"product_tag-baba-gyermek","8":"product_tag-feher-arany","9":"product_tag-feher-gyemant","10":"product_tag-sarga-arany","11":"pa_kollekcio-exkluziv-ekszerek","12":"pa_marka-royal-diamonds-by-alexandra-ronai","13":"pa_meret-14-cm-hosszu","14":"pa_otvozet-finomsaga-221","15":"pa_suly-12-gr","16":"pa_zarak-baba-zar","18":"first","19":"instock","20":"sale","21":"sold-individually","22":"taxable","23":"shipping-taxable","24":"purchasable","25":"product-type-simple"},"acf":[],"_links":{"self":[{"href":"https:\/\/gyemantekszer.com\/en\/wp-json\/wp\/v2\/product\/249151","targetHints":{"allow":["GET"]}}],"collection":[{"href":"https:\/\/gyemantekszer.com\/en\/wp-json\/wp\/v2\/product"}],"about":[{"href":"https:\/\/gyemantekszer.com\/en\/wp-json\/wp\/v2\/types\/product"}],"replies":[{"embeddable":true,"href":"https:\/\/gyemantekszer.com\/en\/wp-json\/wp\/v2\/comments?post=249151"}],"wp:featuredmedia":[{"embeddable":true,"href":"https:\/\/gyemantekszer.com\/en\/wp-json\/wp\/v2\/media\/242680"}],"wp:attachment":[{"href":"https:\/\/gyemantekszer.com\/en\/wp-json\/wp\/v2\/media?parent=249151"}],"wp:term":[{"taxonomy":"product_brand","embeddable":true,"href":"https:\/\/gyemantekszer.com\/en\/wp-json\/wp\/v2\/product_brand?post=249151"},{"taxonomy":"product_cat","embeddable":true,"href":"https:\/\/gyemantekszer.com\/en\/wp-json\/wp\/v2\/product_cat?post=249151"},{"taxonomy":"product_tag","embeddable":true,"href":"https:\/\/gyemantekszer.com\/en\/wp-json\/wp\/v2\/product_tag?post=249151"}],"curies":[{"name":"wp","href":"https:\/\/api.w.org\/{rel}","templated":true}]}}