{"id":249150,"date":"2023-10-02T13:56:25","date_gmt":"2023-10-02T11:56:25","guid":{"rendered":"https:\/\/gyemantekszer.com\/termek\/royal-baby-grace-08-gyemant-fulbevalo\/"},"modified":"2025-10-13T14:20:16","modified_gmt":"2025-10-13T12:20:16","slug":"royal-baby-grace-08-gyemant-fulbevalo","status":"publish","type":"product","link":"https:\/\/gyemantekszer.com\/en\/termek\/royal-baby-grace-08-gyemant-fulbevalo\/","title":{"rendered":"Royal Baby Grace 08 gy\u00e9m\u00e1nt f\u00fclbeval\u00f3"},"content":{"rendered":"","protected":false},"excerpt":{"rendered":"<p>Ez a t\u00fcnd\u00e9ri kis gy\u00e9m\u00e1nt baba f\u00fclbeval\u00f3 a Royal Diamonds by Alexandra \u00faj term\u00e9ke, b\u00e9bi &#8211; \u00e9s gyermek kollekci\u00f3j\u00e1nak egy darabja. A gyermek \u00e9kszer speci\u00e1lis biztons\u00e1gi z\u00e1rral van ell\u00e1tva, amely egy\u00e1ltal\u00e1n nem okoz s\u00e9r\u00fcl\u00e9st az \u00e1lland\u00f3 viselet sor\u00e1n. A f\u00fclbeval\u00f3 feh\u00e9r aranyb\u00f3l k\u00e9sz\u00fclt egy kis gy\u00e9m\u00e1nttal befoglalva, illetve m\u00e9g Zaf\u00edr d\u00edsziti. Ak\u00e1r \u00f3v\u00f3d\u00e1s korig is haszn\u00e1lhat\u00f3.<\/p>\n","protected":false},"featured_media":242674,"comment_status":"open","ping_status":"closed","template":"","meta":{"_acf_changed":false},"product_brand":[],"product_cat":[1918],"product_tag":[1316,1310,1305,1314],"class_list":{"0":"post-249150","1":"product","2":"type-product","3":"status-publish","4":"has-post-thumbnail","6":"product_cat-fulbevalo","7":"product_tag-baba-gyermek","8":"product_tag-feher-gyemant","9":"product_tag-feher-arany","10":"product_tag-kek-zafir","11":"pa_kollekcio-exkluziv-ekszerek","12":"pa_marka-royal-diamonds-by-alexandra-ronai","13":"pa_meret-14-cm-hosszu","14":"pa_otvozet-finomsaga-221","15":"pa_suly-11-gr","16":"pa_zarak-baba-zar","18":"first","19":"instock","20":"sold-individually","21":"taxable","22":"shipping-taxable","23":"purchasable","24":"product-type-simple"},"acf":[],"_links":{"self":[{"href":"https:\/\/gyemantekszer.com\/en\/wp-json\/wp\/v2\/product\/249150","targetHints":{"allow":["GET"]}}],"collection":[{"href":"https:\/\/gyemantekszer.com\/en\/wp-json\/wp\/v2\/product"}],"about":[{"href":"https:\/\/gyemantekszer.com\/en\/wp-json\/wp\/v2\/types\/product"}],"replies":[{"embeddable":true,"href":"https:\/\/gyemantekszer.com\/en\/wp-json\/wp\/v2\/comments?post=249150"}],"wp:featuredmedia":[{"embeddable":true,"href":"https:\/\/gyemantekszer.com\/en\/wp-json\/wp\/v2\/media\/242674"}],"wp:attachment":[{"href":"https:\/\/gyemantekszer.com\/en\/wp-json\/wp\/v2\/media?parent=249150"}],"wp:term":[{"taxonomy":"product_brand","embeddable":true,"href":"https:\/\/gyemantekszer.com\/en\/wp-json\/wp\/v2\/product_brand?post=249150"},{"taxonomy":"product_cat","embeddable":true,"href":"https:\/\/gyemantekszer.com\/en\/wp-json\/wp\/v2\/product_cat?post=249150"},{"taxonomy":"product_tag","embeddable":true,"href":"https:\/\/gyemantekszer.com\/en\/wp-json\/wp\/v2\/product_tag?post=249150"}],"curies":[{"name":"wp","href":"https:\/\/api.w.org\/{rel}","templated":true}]}}