{"id":249147,"date":"2023-10-02T13:06:47","date_gmt":"2023-10-02T11:06:47","guid":{"rendered":"https:\/\/gyemantekszer.com\/termek\/royal-baby-grace-05-gyemant-fulbevalo\/"},"modified":"2025-09-29T13:02:41","modified_gmt":"2025-09-29T11:02:41","slug":"royal-baby-grace-05-gyemant-fulbevalo","status":"publish","type":"product","link":"https:\/\/gyemantekszer.com\/en\/termek\/royal-baby-grace-05-gyemant-fulbevalo\/","title":{"rendered":"Royal Baby Grace 05 gy\u00e9m\u00e1nt f\u00fclbeval\u00f3"},"content":{"rendered":"<p>&nbsp;<\/p>\n<p>&nbsp;<\/p>\n","protected":false},"excerpt":{"rendered":"<p>Ez a t\u00fcnd\u00e9ri kis gy\u00e9m\u00e1nt baba f\u00fclbeval\u00f3 a Royal Diamonds by Alexandra \u00faj term\u00e9ke, b\u00e9bi &#8211; \u00e9s gyermek kollekci\u00f3j\u00e1nak egy darabja. A gyermek \u00e9kszer speci\u00e1lis biztons\u00e1gi z\u00e1rral van ell\u00e1tva, amely egy\u00e1ltal\u00e1n nem okoz s\u00e9r\u00fcl\u00e9st az \u00e1lland\u00f3 viselet sor\u00e1n. A f\u00fclbeval\u00f3 feh\u00e9r aranyb\u00f3l k\u00e9sz\u00fclt \u00e9s egy kis gy\u00e9m\u00e1nt van bele foglalva. Ak\u00e1r \u00f3v\u00f3d\u00e1s korig is haszn\u00e1lhat\u00f3.<\/p>\n","protected":false},"featured_media":242657,"comment_status":"open","ping_status":"open","template":"","meta":{"_acf_changed":false},"product_brand":[],"product_cat":[1918],"product_tag":[1939,1316,1310,1305],"class_list":{"0":"post-249147","1":"product","2":"type-product","3":"status-publish","4":"has-post-thumbnail","6":"product_cat-fulbevalo","7":"product_tag-babazar","8":"product_tag-baba-gyermek","9":"product_tag-feher-gyemant","10":"product_tag-feher-arany","11":"pa_kollekcio-exkluziv-ekszerek","12":"pa_marka-royal-diamonds-by-alexandra-ronai","13":"pa_meret-14-cm-hosszu","14":"pa_otvozet-finomsaga-221","15":"pa_suly-10-gr","16":"pa_zarak-baba-zar","18":"first","19":"onrequest","20":"sold-individually","21":"taxable","22":"shipping-taxable","23":"product-type-simple"},"acf":[],"_links":{"self":[{"href":"https:\/\/gyemantekszer.com\/en\/wp-json\/wp\/v2\/product\/249147","targetHints":{"allow":["GET"]}}],"collection":[{"href":"https:\/\/gyemantekszer.com\/en\/wp-json\/wp\/v2\/product"}],"about":[{"href":"https:\/\/gyemantekszer.com\/en\/wp-json\/wp\/v2\/types\/product"}],"replies":[{"embeddable":true,"href":"https:\/\/gyemantekszer.com\/en\/wp-json\/wp\/v2\/comments?post=249147"}],"wp:featuredmedia":[{"embeddable":true,"href":"https:\/\/gyemantekszer.com\/en\/wp-json\/wp\/v2\/media\/242657"}],"wp:attachment":[{"href":"https:\/\/gyemantekszer.com\/en\/wp-json\/wp\/v2\/media?parent=249147"}],"wp:term":[{"taxonomy":"product_brand","embeddable":true,"href":"https:\/\/gyemantekszer.com\/en\/wp-json\/wp\/v2\/product_brand?post=249147"},{"taxonomy":"product_cat","embeddable":true,"href":"https:\/\/gyemantekszer.com\/en\/wp-json\/wp\/v2\/product_cat?post=249147"},{"taxonomy":"product_tag","embeddable":true,"href":"https:\/\/gyemantekszer.com\/en\/wp-json\/wp\/v2\/product_tag?post=249147"}],"curies":[{"name":"wp","href":"https:\/\/api.w.org\/{rel}","templated":true}]}}